{"id":2499,"date":"2015-08-24T20:26:30","date_gmt":"2015-08-24T18:26:30","guid":{"rendered":"http:\/\/blog-bobika.eu\/?page_id=2499"},"modified":"2015-08-24T20:26:30","modified_gmt":"2015-08-24T18:26:30","slug":"stosunek-przerywany","status":"publish","type":"page","link":"https:\/\/blog-bobika.eu\/?page_id=2499","title":{"rendered":"Stosunek przerywany"},"content":{"rendered":"<p>Raptem trzy dni bez polityki,<br \/>\na jak\u017ce inna perspektywa:<br \/>\nbada\u0144 cudowne s\u0105 wyniki<br \/>\ni intelektu ro\u015bnie krzywa.<\/p>\n<p>Buldog z jamnikiem si\u0119 nie gryz\u0105<br \/>\n(ja w ka\u017cdym razie nie wiem o tym)<br \/>\ndziwnie rozszerza si\u0119 horyzont,<br \/>\nw uszach radosne brzmi\u0105 fokstroty,<\/p>\n<p>z\u0119by prostuj\u0105 si\u0119 znienacka,<br \/>\nko\u0142tun zanika na ogonie,<br \/>\nmina co\u015b bardziej zawadiacka,<br \/>\ncho\u0107 \u015bwi\u0119ty ogie\u0144 ledwo p\u0142onie.<\/p>\n<p>Gdy nic o scoopie \u017cadnym nie wiem,<br \/>\ni znik\u0105d on si\u0119 nie wynurza,<br \/>\nrobak nie musi by\u0107 w zalewie<br \/>\ni mniej ruchliwe ma odn\u00f3\u017ca, <\/p>\n<p>nic nie \u0142askocze mnie niemile,<br \/>\nnie drapie \u017caden nerw po krtani,<br \/>\nz winem upojne sp\u0119dzam chwile,<br \/>\nnie b\u0119d\u0105c &#8211; po ki grzyb? &#8211; na bani.<\/p>\n<p>No dobra, s\u0105siad przez p\u0142ot szczeka,<br \/>\n\u017ce chcia\u0142by wpa\u015b\u0107, bo do\u015b\u0107 wnerwiony,<br \/>\nlecz nie kraj ca\u0142y tak go w\u015bcieka,<br \/>\ntylko niewa\u017cny do\u015b\u0107 gach \u017cony &#8211;<\/p>\n<p>dla spo\u0142ecze\u0144stwa bez znaczenia,<br \/>\ndla medi\u00f3w &#8211; e tam, warte \u015bmichu&#8230;<br \/>\nCzy to tak kogo\u015b mo\u017ce wpienia\u0107,<br \/>\nma wp\u0142yw na rozch\u00f3d albo przych\u00f3d?<\/p>\n<p>I ja w tym duchu, dzie\u0144 ju\u017c trzeci &#8211;<br \/>\nbez polityki, bez nowo\u015bci &#8211;<br \/>\ndyskretnie czyszcz\u0119 sw\u00f3j klozecik,<br \/>\nby nie odstrasza\u0142 moich go\u015bci,<\/p>\n<p>nie warcz\u0119, \u017ce co\u015b chlapn\u0105\u0142 Jarek,<br \/>\ngeja zwymy\u015bla\u0142 kto\u015b od pedzia,<br \/>\nalbo lasciate mi cantare<br \/>\nz nies\u0142usznej strony kto\u015b powiedzia\u0142,<\/p>\n<p>teorie zg\u0142\u0119biam naukowe,<br \/>\nprzemy\u015ble\u0144 mam ciekawych mas\u0119,<br \/>\ntu sprawdz\u0119, jakie \u017carcie zdrowe,<br \/>\ntam, co powiedzia\u0142 Bertrand Russell&#8230;<\/p>\n<p>Przemiana i\u015bcie to niezwyk\u0142a,<br \/>\na przy tym jak oszcz\u0119dza nerwy,<br \/>\nchce wo\u0142a\u0107 si\u0119: z psa we\u017acie przyk\u0142ad<br \/>\ni w polityce r\u00f3bcie przerwy!<\/p>\n<p>Lecz c\u00f3\u017c, \u017ce sob\u0105 si\u0119 zachwyc\u0119<br \/>\ni my\u015bl\u0119, \u017cem jest taki spryciul?<br \/>\nTak, ja odpuszcz\u0119 polityce,<br \/>\nlecz ona mnie? A nigdy w \u017cyciu!<\/p>\n","protected":false},"excerpt":{"rendered":"<p>Raptem trzy dni bez polityki, a jak\u017ce inna perspektywa: bada\u0144 cudowne s\u0105 wyniki i intelektu ro\u015bnie krzywa. Buldog z jamnikiem si\u0119 nie gryz\u0105 (ja w ka\u017cdym razie nie wiem o tym) dziwnie rozszerza si\u0119 horyzont, w uszach radosne brzmi\u0105 fokstroty, z\u0119by prostuj\u0105 si\u0119 znienacka, ko\u0142tun zanika na ogonie, mina co\u015b bardziej zawadiacka, cho\u0107 \u015bwi\u0119ty ogie\u0144 ledwo p\u0142onie. Gdy nic o scoopie \u017cadnym nie wiem, i znik\u0105d on si\u0119 nie wynurza, robak nie musi by\u0107 w zalewie i mniej ruchliwe ma odn\u00f3\u017ca, nic nie \u0142askocze mnie niemile, nie drapie \u017caden nerw po krtani, z winem upojne sp\u0119dzam chwile, nie b\u0119d\u0105c &#8211; [&hellip;]<\/p>\n","protected":false},"author":274,"featured_media":0,"parent":2143,"menu_order":0,"comment_status":"open","ping_status":"open","template":"wiersze_polit.php","meta":{"footnotes":""},"class_list":["post-2499","page","type-page","status-publish","hentry"],"_links":{"self":[{"href":"https:\/\/blog-bobika.eu\/index.php?rest_route=\/wp\/v2\/pages\/2499","targetHints":{"allow":["GET"]}}],"collection":[{"href":"https:\/\/blog-bobika.eu\/index.php?rest_route=\/wp\/v2\/pages"}],"about":[{"href":"https:\/\/blog-bobika.eu\/index.php?rest_route=\/wp\/v2\/types\/page"}],"author":[{"embeddable":true,"href":"https:\/\/blog-bobika.eu\/index.php?rest_route=\/wp\/v2\/users\/274"}],"replies":[{"embeddable":true,"href":"https:\/\/blog-bobika.eu\/index.php?rest_route=%2Fwp%2Fv2%2Fcomments&post=2499"}],"version-history":[{"count":1,"href":"https:\/\/blog-bobika.eu\/index.php?rest_route=\/wp\/v2\/pages\/2499\/revisions"}],"predecessor-version":[{"id":2500,"href":"https:\/\/blog-bobika.eu\/index.php?rest_route=\/wp\/v2\/pages\/2499\/revisions\/2500"}],"up":[{"embeddable":true,"href":"https:\/\/blog-bobika.eu\/index.php?rest_route=\/wp\/v2\/pages\/2143"}],"wp:attachment":[{"href":"https:\/\/blog-bobika.eu\/index.php?rest_route=%2Fwp%2Fv2%2Fmedia&parent=2499"}],"curies":[{"name":"wp","href":"https:\/\/api.w.org\/{rel}","templated":true}]}}