{"id":2497,"date":"2015-08-24T20:25:28","date_gmt":"2015-08-24T18:25:28","guid":{"rendered":"http:\/\/blog-bobika.eu\/?page_id=2497"},"modified":"2015-08-24T20:25:28","modified_gmt":"2015-08-24T18:25:28","slug":"stokrotka","status":"publish","type":"page","link":"https:\/\/blog-bobika.eu\/?page_id=2497","title":{"rendered":"Stokrotka"},"content":{"rendered":"<p>Ach, nazwij mnie stokrotk\u0105,<br \/>\nbo nazwa ta brzmi s\u0142odko,<br \/>\nto lepiej ni\u017c idiotk\u0105,<br \/>\nno, lepiej, cho\u0107by\u015b skis\u0142.<\/p>\n<p>A gdy mi na dodatek<br \/>\npo p\u0142atku urwiesz p\u0142atek<br \/>\nodziany w czarny lateks,<br \/>\nto mi rozpali zmys\u0142!<\/p>\n<p>Nie przyno\u015b mi bukiet\u00f3w,<br \/>\nnie sprzedaj mi sekret\u00f3w,<br \/>\ni nie no\u015b epolet\u00f3w,<br \/>\nto nie jest dla mnie naj-,<\/p>\n<p>twa si\u0142a wszak jest w s\u0142owie,<br \/>\n\u201cstokrotko\u201d do mnie powiedz<br \/>\ni niech si\u0119 o tym dowie<br \/>\nnasz ukochany kraj!<\/p>\n","protected":false},"excerpt":{"rendered":"<p>Ach, nazwij mnie stokrotk\u0105, bo nazwa ta brzmi s\u0142odko, to lepiej ni\u017c idiotk\u0105, no, lepiej, cho\u0107by\u015b skis\u0142. A gdy mi na dodatek po p\u0142atku urwiesz p\u0142atek odziany w czarny lateks, to mi rozpali zmys\u0142! Nie przyno\u015b mi bukiet\u00f3w, nie sprzedaj mi sekret\u00f3w, i nie no\u015b epolet\u00f3w, to nie jest dla mnie naj-, twa si\u0142a wszak jest w s\u0142owie, \u201cstokrotko\u201d do mnie powiedz i niech si\u0119 o tym dowie nasz ukochany kraj!<\/p>\n","protected":false},"author":274,"featured_media":0,"parent":2143,"menu_order":0,"comment_status":"open","ping_status":"open","template":"wiersze_polit.php","meta":{"footnotes":""},"class_list":["post-2497","page","type-page","status-publish","hentry"],"_links":{"self":[{"href":"https:\/\/blog-bobika.eu\/index.php?rest_route=\/wp\/v2\/pages\/2497","targetHints":{"allow":["GET"]}}],"collection":[{"href":"https:\/\/blog-bobika.eu\/index.php?rest_route=\/wp\/v2\/pages"}],"about":[{"href":"https:\/\/blog-bobika.eu\/index.php?rest_route=\/wp\/v2\/types\/page"}],"author":[{"embeddable":true,"href":"https:\/\/blog-bobika.eu\/index.php?rest_route=\/wp\/v2\/users\/274"}],"replies":[{"embeddable":true,"href":"https:\/\/blog-bobika.eu\/index.php?rest_route=%2Fwp%2Fv2%2Fcomments&post=2497"}],"version-history":[{"count":1,"href":"https:\/\/blog-bobika.eu\/index.php?rest_route=\/wp\/v2\/pages\/2497\/revisions"}],"predecessor-version":[{"id":2498,"href":"https:\/\/blog-bobika.eu\/index.php?rest_route=\/wp\/v2\/pages\/2497\/revisions\/2498"}],"up":[{"embeddable":true,"href":"https:\/\/blog-bobika.eu\/index.php?rest_route=\/wp\/v2\/pages\/2143"}],"wp:attachment":[{"href":"https:\/\/blog-bobika.eu\/index.php?rest_route=%2Fwp%2Fv2%2Fmedia&parent=2497"}],"curies":[{"name":"wp","href":"https:\/\/api.w.org\/{rel}","templated":true}]}}