{"id":2487,"date":"2015-08-24T20:16:31","date_gmt":"2015-08-24T18:16:31","guid":{"rendered":"http:\/\/blog-bobika.eu\/?page_id=2487"},"modified":"2015-08-24T20:16:31","modified_gmt":"2015-08-24T18:16:31","slug":"sen-wielkiego-wodza","status":"publish","type":"page","link":"https:\/\/blog-bobika.eu\/?page_id=2487","title":{"rendered":"Sen Wielkiego Wodza"},"content":{"rendered":"<p>Wielki W\u00f3dz, utrudzony ci\u0105g\u0142ym wodzowaniem,<br \/>\nzasn\u0105\u0142 raz w pi\u0119kny dzionek na le\u015bnej polanie,<br \/>\n\u015awiergoli\u0142y ptasz\u0119ta, p\u0142yn\u0105\u0142 zwolna strumyk,<br \/>\na W\u00f3dz \u015bni\u0142 takie rzeczy, \u017ce we \u015bnie puch\u0142 z dumy.<\/p>\n<p>Zanim zd\u0105\u017cy\u0142 w prote\u015bcie kto\u015b pokr\u0119ci\u0107 \u0142ebkiem,<br \/>\nzd\u0105\u017cy\u0142 znale\u017a\u0107 skalist\u0105, polarn\u0105 wysepk\u0119<br \/>\ni Sejm na niej umie\u015bci\u0107, w\u015br\u00f3d mch\u00f3w i porost\u00f3w,<br \/>\nmrucz\u0105c \u201eto odpowiednie miejsce jest po prostu,<br \/>\nniech wybra\u0144cy narodu wreszcie, do cholery,<br \/>\nnie nas w konia wci\u0105\u017c robi\u0105, tylko renifery\u201c.<br \/>\nPo wyczynie tym zaraz drugi numer paln\u0105\u0142,<br \/>\njeszcze jedn\u0105 wysepk\u0119 znalaz\u0142 &#8211; tropikaln\u0105,<br \/>\npe\u0142n\u0105 w\u0119\u017cy, skorpion\u00f3w i innej gadziny,<br \/>\na z zewn\u0105trz otoczon\u0105 \u015bci\u015ble przez rekiny,<br \/>\npo czym, z niewys\u0142owion\u0105 senn\u0105 przyjemno\u015bci\u0105,<br \/>\nbez ceregieli zb\u0119dnych wys\u0142a\u0142 na ni\u0105 Ko\u015bci\u00f3\u0142<br \/>\ni doda\u0142 s\u0142\u00f3wek par\u0119 do zbo\u017cnego dzie\u0142a:<br \/>\n\u201eteraz b\u0119dziemy czeka\u0107, by wyspa kichn\u0119\u0142a\u201c.<br \/>\nA na koniec, za czyj\u0105\u015b dobr\u0105 id\u0105c rad\u0105,<br \/>\nkupi\u0142 stary tankowiec o nazwie Paradoks,<br \/>\nmedia zgrabnie na\u0144 wsadzi\u0142, w\u0142azy pozaspawa\u0142<br \/>\nkrzykn\u0105\u0142 \u201edobrej roboty odwali\u0142em kawa\u0142!\u201c<br \/>\ni patrzy\u0142, jak tankowiec szybko si\u0119 oddala,<br \/>\npodskakuj\u0105c jak pi\u0142ka na wzburzonych falach.<\/p>\n<p>Po tym akcie ostatnim, gdy ju\u017c W\u00f3dz odpocz\u0105\u0142,<br \/>\nwidok taki ukaza\u0142 si\u0119 wodzowskim oczom:<br \/>\nrozkwit\u0142 kraj, diabli wzi\u0119li pot\u0119pie\u0144cze swary,<br \/>\nnikt nie pyta\u0142, kto katol, a kto zn\u00f3w towariszcz,<br \/>\n\u017cyczliwo\u015b\u0107 si\u0119 og\u00f3lna rozla\u0142a w\u015br\u00f3d ludzi,<br \/>\nz\u0142agodnieli\u2026<br \/>\nNiestety, tu si\u0119 W\u00f3dz obudzi\u0142.<\/p>\n","protected":false},"excerpt":{"rendered":"<p>Wielki W\u00f3dz, utrudzony ci\u0105g\u0142ym wodzowaniem, zasn\u0105\u0142 raz w pi\u0119kny dzionek na le\u015bnej polanie, \u015awiergoli\u0142y ptasz\u0119ta, p\u0142yn\u0105\u0142 zwolna strumyk, a W\u00f3dz \u015bni\u0142 takie rzeczy, \u017ce we \u015bnie puch\u0142 z dumy. Zanim zd\u0105\u017cy\u0142 w prote\u015bcie kto\u015b pokr\u0119ci\u0107 \u0142ebkiem, zd\u0105\u017cy\u0142 znale\u017a\u0107 skalist\u0105, polarn\u0105 wysepk\u0119 i Sejm na niej umie\u015bci\u0107, w\u015br\u00f3d mch\u00f3w i porost\u00f3w, mrucz\u0105c \u201eto odpowiednie miejsce jest po prostu, niech wybra\u0144cy narodu wreszcie, do cholery, nie nas w konia wci\u0105\u017c robi\u0105, tylko renifery\u201c. Po wyczynie tym zaraz drugi numer paln\u0105\u0142, jeszcze jedn\u0105 wysepk\u0119 znalaz\u0142 &#8211; tropikaln\u0105, pe\u0142n\u0105 w\u0119\u017cy, skorpion\u00f3w i innej gadziny, a z zewn\u0105trz otoczon\u0105 \u015bci\u015ble przez rekiny, po czym, z [&hellip;]<\/p>\n","protected":false},"author":274,"featured_media":0,"parent":2143,"menu_order":0,"comment_status":"open","ping_status":"open","template":"wiersze_polit.php","meta":{"footnotes":""},"class_list":["post-2487","page","type-page","status-publish","hentry"],"_links":{"self":[{"href":"https:\/\/blog-bobika.eu\/index.php?rest_route=\/wp\/v2\/pages\/2487","targetHints":{"allow":["GET"]}}],"collection":[{"href":"https:\/\/blog-bobika.eu\/index.php?rest_route=\/wp\/v2\/pages"}],"about":[{"href":"https:\/\/blog-bobika.eu\/index.php?rest_route=\/wp\/v2\/types\/page"}],"author":[{"embeddable":true,"href":"https:\/\/blog-bobika.eu\/index.php?rest_route=\/wp\/v2\/users\/274"}],"replies":[{"embeddable":true,"href":"https:\/\/blog-bobika.eu\/index.php?rest_route=%2Fwp%2Fv2%2Fcomments&post=2487"}],"version-history":[{"count":1,"href":"https:\/\/blog-bobika.eu\/index.php?rest_route=\/wp\/v2\/pages\/2487\/revisions"}],"predecessor-version":[{"id":2488,"href":"https:\/\/blog-bobika.eu\/index.php?rest_route=\/wp\/v2\/pages\/2487\/revisions\/2488"}],"up":[{"embeddable":true,"href":"https:\/\/blog-bobika.eu\/index.php?rest_route=\/wp\/v2\/pages\/2143"}],"wp:attachment":[{"href":"https:\/\/blog-bobika.eu\/index.php?rest_route=%2Fwp%2Fv2%2Fmedia&parent=2487"}],"curies":[{"name":"wp","href":"https:\/\/api.w.org\/{rel}","templated":true}]}}