{"id":2485,"date":"2015-08-24T20:15:28","date_gmt":"2015-08-24T18:15:28","guid":{"rendered":"http:\/\/blog-bobika.eu\/?page_id=2485"},"modified":"2015-08-24T20:15:28","modified_gmt":"2015-08-24T18:15:28","slug":"seksualny-maniak","status":"publish","type":"page","link":"https:\/\/blog-bobika.eu\/?page_id=2485","title":{"rendered":"Seksualny maniak"},"content":{"rendered":"<p>Doprawdy, to z\u0142o\u015bliwo\u015b\u0107 losu:<br \/>\nmam tak od \u017cycia ju\u017c zarania,<br \/>\n\u017ce mnie na widok pewnych os\u00f3b<br \/>\nogarnia jaka\u015b dziwna mania.<\/p>\n<p>Dorwa\u0142bym wtedy t\u0105 czy tego,<br \/>\ntarmosi\u0142 w szale, k\u0105sa\u0142 nawet,<br \/>\nm\u00f3wi\u0142 otwarcie co\u015b spro\u015bnego,<br \/>\nkaw\u0119 wywala\u0142bym na \u0142aw\u0119<\/p>\n<p>Zbere\u017anie \u0142apa\u0142bym za s\u0142owa,<br \/>\nzaczepia\u0142 w necie, na ulicy,<br \/>\nredaktorowi nie darowa\u0142,<br \/>\npos\u0142owi, ani te\u017c po\u015blicy.<\/p>\n<p>A potem to bym jeszcze dalej<br \/>\nw chuciach rozwi\u0105z\u0142ych si\u0119 rozp\u0119dza\u0142,<br \/>\ndogmaty gwa\u0142ci\u0142 w swoim szale<br \/>\ni nie oszcz\u0119dzi\u0142 cho\u0107by ksi\u0119dza.<\/p>\n<p>S\u0105 tacy, kt\u00f3rzy w trybie zdalnym<br \/>\nstawiaj\u0105 mi diagnozy kr\u00f3tkie,<br \/>\n\u017ce to maniactwo seksualne,<br \/>\nco zwyk\u0142ym jest niewiary skutkiem.<\/p>\n<p>Diagnoza mo\u017ce i do rzeczy,<br \/>\nale to smutne rozpoznanie<br \/>\nrzecz tylko stwierdza, a nie leczy,<br \/>\nwi\u0119c dalej trwam w tym strasznym stanie.<\/p>\n<p>Ech, przechlapane \u017cycie takie\u2026<br \/>\nLecz wiem, przeczuwam, ca\u0142y dr\u017c\u0105cy &#8211;<br \/>\nna zawsze b\u0119d\u0119 ju\u017c maniakiem,<br \/>\nbom jest, o zgrozo, niewierz\u0105cy.<\/p>\n","protected":false},"excerpt":{"rendered":"<p>Doprawdy, to z\u0142o\u015bliwo\u015b\u0107 losu: mam tak od \u017cycia ju\u017c zarania, \u017ce mnie na widok pewnych os\u00f3b ogarnia jaka\u015b dziwna mania. Dorwa\u0142bym wtedy t\u0105 czy tego, tarmosi\u0142 w szale, k\u0105sa\u0142 nawet, m\u00f3wi\u0142 otwarcie co\u015b spro\u015bnego, kaw\u0119 wywala\u0142bym na \u0142aw\u0119 Zbere\u017anie \u0142apa\u0142bym za s\u0142owa, zaczepia\u0142 w necie, na ulicy, redaktorowi nie darowa\u0142, pos\u0142owi, ani te\u017c po\u015blicy. A potem to bym jeszcze dalej w chuciach rozwi\u0105z\u0142ych si\u0119 rozp\u0119dza\u0142, dogmaty gwa\u0142ci\u0142 w swoim szale i nie oszcz\u0119dzi\u0142 cho\u0107by ksi\u0119dza. S\u0105 tacy, kt\u00f3rzy w trybie zdalnym stawiaj\u0105 mi diagnozy kr\u00f3tkie, \u017ce to maniactwo seksualne, co zwyk\u0142ym jest niewiary skutkiem. Diagnoza mo\u017ce i do rzeczy, ale [&hellip;]<\/p>\n","protected":false},"author":274,"featured_media":0,"parent":2143,"menu_order":0,"comment_status":"open","ping_status":"open","template":"wiersze_polit.php","meta":{"footnotes":""},"class_list":["post-2485","page","type-page","status-publish","hentry"],"_links":{"self":[{"href":"https:\/\/blog-bobika.eu\/index.php?rest_route=\/wp\/v2\/pages\/2485","targetHints":{"allow":["GET"]}}],"collection":[{"href":"https:\/\/blog-bobika.eu\/index.php?rest_route=\/wp\/v2\/pages"}],"about":[{"href":"https:\/\/blog-bobika.eu\/index.php?rest_route=\/wp\/v2\/types\/page"}],"author":[{"embeddable":true,"href":"https:\/\/blog-bobika.eu\/index.php?rest_route=\/wp\/v2\/users\/274"}],"replies":[{"embeddable":true,"href":"https:\/\/blog-bobika.eu\/index.php?rest_route=%2Fwp%2Fv2%2Fcomments&post=2485"}],"version-history":[{"count":1,"href":"https:\/\/blog-bobika.eu\/index.php?rest_route=\/wp\/v2\/pages\/2485\/revisions"}],"predecessor-version":[{"id":2486,"href":"https:\/\/blog-bobika.eu\/index.php?rest_route=\/wp\/v2\/pages\/2485\/revisions\/2486"}],"up":[{"embeddable":true,"href":"https:\/\/blog-bobika.eu\/index.php?rest_route=\/wp\/v2\/pages\/2143"}],"wp:attachment":[{"href":"https:\/\/blog-bobika.eu\/index.php?rest_route=%2Fwp%2Fv2%2Fmedia&parent=2485"}],"curies":[{"name":"wp","href":"https:\/\/api.w.org\/{rel}","templated":true}]}}