{"id":2483,"date":"2015-08-24T20:14:19","date_gmt":"2015-08-24T18:14:19","guid":{"rendered":"http:\/\/blog-bobika.eu\/?page_id=2483"},"modified":"2015-08-24T20:14:19","modified_gmt":"2015-08-24T18:14:19","slug":"rzady-kotow","status":"publish","type":"page","link":"https:\/\/blog-bobika.eu\/?page_id=2483","title":{"rendered":"Rz\u0105dy kot\u00f3w"},"content":{"rendered":"<p>Szanowny Kocie Mordechaju!<br \/>\nGdyby rz\u0105dzi\u0142y Polsk\u0105 koty,<br \/>\nwalut\u0105 by\u0142by w naszym kraju<br \/>\nba\u017canta funt, nie polski z\u0142oty.<\/p>\n<p>Ryby by by\u0142y bardzo tanie,<br \/>\ndzieci by by\u0142y bardzo mi\u0142e,<br \/>\nmoher by s\u0142u\u017cy\u0142 za pos\u0142anie,<br \/>\na nie za polityczn\u0105 si\u0142\u0119.<\/p>\n<p>Ciep\u0142o by by\u0142o w ka\u017cdym domu<br \/>\ni raczej sucho, poza misk\u0105,<br \/>\nw kt\u00f3rej by ros\u00f3\u0142 by\u0142, nie komuch.<br \/>\nKomu szkodzi\u0142oby to wszystko?<\/p>\n<p>Pod mi\u0119kk\u0105 \u0142ap\u0105 kociokracji<br \/>\ntwardych by zasad powsta\u0142 zbiorek,<br \/>\nwiedzia\u0142by ka\u017cdy w naszej nacji,<br \/>\nczego pod \u017cadnym &#8211; ach! &#8211; pozorem<\/p>\n<p>robi\u0107 nie wolno, wstyd i g\u0142upio,<br \/>\na co wskazane i chwalone,<br \/>\nco m\u00f3wi\u0107 kotom, kiedy tupi\u0105<br \/>\ni czemu brzydko jest t\u0142uc \u017con\u0119.<\/p>\n<p>\u017badnym nie by\u0142aby problemem<br \/>\nkwestia do waleriany dop\u0142at<br \/>\ni nikt by nie by\u0142 bity w ciemi\u0119<br \/>\nza to, \u017ce wyj\u0105\u0142 kur\u0119 z kot\u0142a.<\/p>\n<p>Natychmiast w rz\u0105dzie, w parlamencie<br \/>\nmyszy przesta\u0142yby ta\u0144cowa\u0107<br \/>\nw jednym by zjawi\u0142 si\u0119 momencie<br \/>\n\u015bwie\u017cutki polityczny towar,<\/p>\n<p>bo kot si\u0119 nie\u015bwie\u017cego nie tknie<br \/>\ni nie nam\u00f3wisz go sloganem.<br \/>\nPr\u0119dzej w imad\u0142o ogon wetknie,<br \/>\nni\u017c zje kotlety odgrzewane.<\/p>\n<p>Szcz\u0119\u015bliwie \u017cy\u0142aby Warszawa,<br \/>\nSuwa\u0142ki, Chodzie\u017c oraz Nak\u0142o,<br \/>\ndla meloman\u00f3w, jasna sprawa,<br \/>\nkociej muzyki by nie zbrak\u0142o. <\/p>\n<p>Do tego grzbiet wygi\u0119ty w pa\u0142\u0105k<br \/>\ni futra kaszmirowy dotyk&#8230;<br \/>\nno, komu by to przeszkadza\u0142o,<br \/>\ngdyby rz\u0105dzi\u0142y Polsk\u0105 koty?<\/p>\n","protected":false},"excerpt":{"rendered":"<p>Szanowny Kocie Mordechaju! Gdyby rz\u0105dzi\u0142y Polsk\u0105 koty, walut\u0105 by\u0142by w naszym kraju ba\u017canta funt, nie polski z\u0142oty. Ryby by by\u0142y bardzo tanie, dzieci by by\u0142y bardzo mi\u0142e, moher by s\u0142u\u017cy\u0142 za pos\u0142anie, a nie za polityczn\u0105 si\u0142\u0119. Ciep\u0142o by by\u0142o w ka\u017cdym domu i raczej sucho, poza misk\u0105, w kt\u00f3rej by ros\u00f3\u0142 by\u0142, nie komuch. Komu szkodzi\u0142oby to wszystko? Pod mi\u0119kk\u0105 \u0142ap\u0105 kociokracji twardych by zasad powsta\u0142 zbiorek, wiedzia\u0142by ka\u017cdy w naszej nacji, czego pod \u017cadnym &#8211; ach! &#8211; pozorem robi\u0107 nie wolno, wstyd i g\u0142upio, a co wskazane i chwalone, co m\u00f3wi\u0107 kotom, kiedy tupi\u0105 i czemu brzydko jest [&hellip;]<\/p>\n","protected":false},"author":274,"featured_media":0,"parent":2143,"menu_order":0,"comment_status":"open","ping_status":"open","template":"wiersze_polit.php","meta":{"footnotes":""},"class_list":["post-2483","page","type-page","status-publish","hentry"],"_links":{"self":[{"href":"https:\/\/blog-bobika.eu\/index.php?rest_route=\/wp\/v2\/pages\/2483","targetHints":{"allow":["GET"]}}],"collection":[{"href":"https:\/\/blog-bobika.eu\/index.php?rest_route=\/wp\/v2\/pages"}],"about":[{"href":"https:\/\/blog-bobika.eu\/index.php?rest_route=\/wp\/v2\/types\/page"}],"author":[{"embeddable":true,"href":"https:\/\/blog-bobika.eu\/index.php?rest_route=\/wp\/v2\/users\/274"}],"replies":[{"embeddable":true,"href":"https:\/\/blog-bobika.eu\/index.php?rest_route=%2Fwp%2Fv2%2Fcomments&post=2483"}],"version-history":[{"count":1,"href":"https:\/\/blog-bobika.eu\/index.php?rest_route=\/wp\/v2\/pages\/2483\/revisions"}],"predecessor-version":[{"id":2484,"href":"https:\/\/blog-bobika.eu\/index.php?rest_route=\/wp\/v2\/pages\/2483\/revisions\/2484"}],"up":[{"embeddable":true,"href":"https:\/\/blog-bobika.eu\/index.php?rest_route=\/wp\/v2\/pages\/2143"}],"wp:attachment":[{"href":"https:\/\/blog-bobika.eu\/index.php?rest_route=%2Fwp%2Fv2%2Fmedia&parent=2483"}],"curies":[{"name":"wp","href":"https:\/\/api.w.org\/{rel}","templated":true}]}}