{"id":2479,"date":"2015-08-24T20:06:37","date_gmt":"2015-08-24T18:06:37","guid":{"rendered":"http:\/\/blog-bobika.eu\/?page_id=2479"},"modified":"2015-08-24T20:06:37","modified_gmt":"2015-08-24T18:06:37","slug":"rota","status":"publish","type":"page","link":"https:\/\/blog-bobika.eu\/?page_id=2479","title":{"rendered":"Rota"},"content":{"rendered":"<p>Nie rzucim miejsca gdzie jest krzy\u017c,<br \/>\nnie damy blu\u017ani\u0107 jemu,<br \/>\nTuskowi krzykniem my &#8222;a kysz!&#8221;<br \/>\ni temu Komorskiemu,<br \/>\nco wkr\u00f3tce b\u0119dzie ziemi\u0119 gryz\u0142 &#8211;<br \/>\ntak nam dopom\u00f3\u017c PiS,<br \/>\ntak nam dopom\u00f3\u017c PiS!<\/p>\n<p>Do najostatniejszego tchu<br \/>\nb\u0119dziemy broni\u0107 Jarka,<br \/>\ncho\u0107 jakie\u015b \u0142\u017ceelity &#8211; tfu! &#8211;<br \/>\npo k\u0105tach b\u0119d\u0105 sarka\u0107.<br \/>\nZdusim ich ironiczne pleeaase,<br \/>\ntak nam dopom\u00f3\u017c PiS,<br \/>\ntak nam dopom\u00f3\u017c PiS!<\/p>\n<p>Nie b\u0119dzie Bobik plu\u0142 nam w twarz,<br \/>\nni szczeni\u0105t nam germani\u0142,<br \/>\npowiemy: gdzie si\u0119, kundlu, pchasz?<br \/>\nChcesz nasz\u0105 polsko\u015b\u0107 schrzani\u0107?<br \/>\nChod\u017a na latarni zrobi\u0107 zwis,<br \/>\ntak nam dopom\u00f3\u017c PiS,<br \/>\ntak nam dopom\u00f3\u017c PiS!<\/p>\n<p>Nie damy siana krowie zje\u015b\u0107,<br \/>\njak nie za\u015bpiewa Roty,<br \/>\nwy\u0142\u0105cznie narodow\u0105 tre\u015b\u0107<br \/>\nb\u0119d\u0105 nam miaucze\u0107 koty&#8230;<br \/>\nRaz nie wystarczy, b\u0119dzie bis &#8211;<br \/>\ntak nam dopom\u00f3\u017c PiS,<br \/>\ntak nam dopom\u00f3\u017c PiS!<\/p>\n","protected":false},"excerpt":{"rendered":"<p>Nie rzucim miejsca gdzie jest krzy\u017c, nie damy blu\u017ani\u0107 jemu, Tuskowi krzykniem my &#8222;a kysz!&#8221; i temu Komorskiemu, co wkr\u00f3tce b\u0119dzie ziemi\u0119 gryz\u0142 &#8211; tak nam dopom\u00f3\u017c PiS, tak nam dopom\u00f3\u017c PiS! Do najostatniejszego tchu b\u0119dziemy broni\u0107 Jarka, cho\u0107 jakie\u015b \u0142\u017ceelity &#8211; tfu! &#8211; po k\u0105tach b\u0119d\u0105 sarka\u0107. Zdusim ich ironiczne pleeaase, tak nam dopom\u00f3\u017c PiS, tak nam dopom\u00f3\u017c PiS! Nie b\u0119dzie Bobik plu\u0142 nam w twarz, ni szczeni\u0105t nam germani\u0142, powiemy: gdzie si\u0119, kundlu, pchasz? Chcesz nasz\u0105 polsko\u015b\u0107 schrzani\u0107? Chod\u017a na latarni zrobi\u0107 zwis, tak nam dopom\u00f3\u017c PiS, tak nam dopom\u00f3\u017c PiS! Nie damy siana krowie zje\u015b\u0107, jak nie [&hellip;]<\/p>\n","protected":false},"author":274,"featured_media":0,"parent":2143,"menu_order":0,"comment_status":"open","ping_status":"open","template":"wiersze_polit.php","meta":{"footnotes":""},"class_list":["post-2479","page","type-page","status-publish","hentry"],"_links":{"self":[{"href":"https:\/\/blog-bobika.eu\/index.php?rest_route=\/wp\/v2\/pages\/2479","targetHints":{"allow":["GET"]}}],"collection":[{"href":"https:\/\/blog-bobika.eu\/index.php?rest_route=\/wp\/v2\/pages"}],"about":[{"href":"https:\/\/blog-bobika.eu\/index.php?rest_route=\/wp\/v2\/types\/page"}],"author":[{"embeddable":true,"href":"https:\/\/blog-bobika.eu\/index.php?rest_route=\/wp\/v2\/users\/274"}],"replies":[{"embeddable":true,"href":"https:\/\/blog-bobika.eu\/index.php?rest_route=%2Fwp%2Fv2%2Fcomments&post=2479"}],"version-history":[{"count":1,"href":"https:\/\/blog-bobika.eu\/index.php?rest_route=\/wp\/v2\/pages\/2479\/revisions"}],"predecessor-version":[{"id":2480,"href":"https:\/\/blog-bobika.eu\/index.php?rest_route=\/wp\/v2\/pages\/2479\/revisions\/2480"}],"up":[{"embeddable":true,"href":"https:\/\/blog-bobika.eu\/index.php?rest_route=\/wp\/v2\/pages\/2143"}],"wp:attachment":[{"href":"https:\/\/blog-bobika.eu\/index.php?rest_route=%2Fwp%2Fv2%2Fmedia&parent=2479"}],"curies":[{"name":"wp","href":"https:\/\/api.w.org\/{rel}","templated":true}]}}