{"id":2477,"date":"2015-08-24T20:05:29","date_gmt":"2015-08-24T18:05:29","guid":{"rendered":"http:\/\/blog-bobika.eu\/?page_id=2477"},"modified":"2015-08-24T20:05:29","modified_gmt":"2015-08-24T18:05:29","slug":"romantycznosc","status":"publish","type":"page","link":"https:\/\/blog-bobika.eu\/?page_id=2477","title":{"rendered":"Romantyczno\u015b\u0107"},"content":{"rendered":"<p>S\u0142uchaj, dzieweczko!<br \/>\nOna nie s\u0142ucha.<br \/>\nNo to pomy\u015bl chocia\u017c deczko,<br \/>\nna argument nie b\u0105d\u017a g\u0142ucha,<br \/>\nPowiedz sobie wreszcie sama:<br \/>\nto wypadek by\u0142, nie zamach&#8230;<br \/>\nOna nie s\u0142ucha.<\/p>\n<p>To na prawdy odw\u0142ok nagi<br \/>\nnie zwraca wcale uwagi,<br \/>\nto strzela wkr\u0105g zarzutami,<br \/>\nto si\u0119 \u0142zami zalewa,<br \/>\nco\u015b tylko krzyczy, \u017ce wci\u0105\u017c ci sami<br \/>\ns\u0105 winni, nie \u017cadne drzewa&#8230;<\/p>\n<p>Ty\u017ce\u015b to poleg\u0142, m\u00f3j bohaterze?<br \/>\nAch! Do dzi\u015b po tobie szlocham!<br \/>\nW \u017caden wypadek nie uwierz\u0119,<br \/>\nprawda to z\u0142a jest macocha.<\/p>\n<p>\u017bycie straci\u0142e\u015b w tej ruskiej glebie,<br \/>\nju\u017c jest po twoim pogrzebie.<br \/>\nTy ju\u017c umar\u0142e\u015b? Nie przyjdziesz ku mnie,<br \/>\npewnie si\u0119 z tob\u0105 rozmin\u0119,<br \/>\nlecz zapami\u0119tam, \u017ce na twej trumnie<br \/>\n\u015bciska\u0142 si\u0119 Tusk z Putinem.<\/p>\n<p>Ach, jak tam zimno musi by\u0107 w krypcie!<br \/>\nUmar\u0142e\u015b! Ju\u017c rok z kawa\u0142kiem!<br \/>\nSol\u0105 mi prosz\u0119, rany posypcie,<br \/>\nz \u017calu oszale\u0107 chc\u0119 ca\u0142kiem.<\/p>\n<p>\u0179le mnie w z\u0142ych ludzi t\u0142umie,<br \/>\np\u0142acz\u0119, a oni szydz\u0105;<br \/>\nM\u00f3wi\u0119, nikt nie rozumie;<br \/>\nWidz\u0119, oni nie widz\u0105!<\/p>\n<p>M\u00f3j Bo\u017ce! Kurrr&#8230; si\u0119 odzywa,<br \/>\nzorza wstaje bez po\u015bpiechu.<br \/>\nDalej b\u0119d\u0119 nieszcz\u0119\u015bliwa,<br \/>\nbo chc\u0119 by\u0107&#8230; Dla ciebie, Lechu!<\/p>\n<p>Tak si\u0119 dziewczyna z kochankiem pie\u015bci,<br \/>\nbie\u017cy za nim, g\u0142upstwa gada,<br \/>\ninsynuacje wyprane z tre\u015bci<br \/>\nrzuca od baby do dziada.<\/p>\n<p>Zbiega si\u0119 na to gromada ludzi,<br \/>\nzamglone my\u015bli rozpyla,<br \/>\nrazem z nieszcz\u0119sn\u0105 gmatwa si\u0119, \u0142udzi,<br \/>\nnowy ma pomys\u0142 co chwila.<\/p>\n<p>I ja to s\u0142ysz\u0119, uszom nie wierz\u0119,<br \/>\nchwilami martwi\u0119 si\u0119 szczerze<br \/>\n&#8222;S\u0142uchaj dzieweczko!&#8221; &#8211; krzyknie kto\u015b z trosk\u0105,<br \/>\n&#8222;c\u00f3\u017c masz za dziwne problemy?<br \/>\nZaufaj mego raportu wnioskom,<br \/>\ntam wszystko stoi, bez \u015bciemy.<\/p>\n<p>Zamiast durnoty przez z\u0119by cedzi\u0107,<br \/>\nmo\u017cna si\u0119 troch\u0119 rozlu\u017ani\u0107.<br \/>\nDziewczyna duby smole\u0144skie bredzi,<br \/>\na gmin rozumowi blu\u017ani.&#8221;<\/p>\n<p>&#8222;Dziewczyna czuje &#8211; Prezes na to warczy &#8211;<br \/>\na gawied\u017a i tak wie swoje:<br \/>\nten bohaterem, kto wraca na tarczy<br \/>\ni wszystkie przegrywa boje.<\/p>\n<p>Pan g\u0142osisz prawdy dla PiS-u nieznane,<br \/>\nwierzysz, \u017ce cz\u0142owiek to jest tw\u00f3r rozumny,<br \/>\na ja tu powiem (cho\u0107 nie gadam z panem):<br \/>\nmiej trumny i patrzaj w trumny!<\/p>\n","protected":false},"excerpt":{"rendered":"<p>S\u0142uchaj, dzieweczko! Ona nie s\u0142ucha. No to pomy\u015bl chocia\u017c deczko, na argument nie b\u0105d\u017a g\u0142ucha, Powiedz sobie wreszcie sama: to wypadek by\u0142, nie zamach&#8230; Ona nie s\u0142ucha. To na prawdy odw\u0142ok nagi nie zwraca wcale uwagi, to strzela wkr\u0105g zarzutami, to si\u0119 \u0142zami zalewa, co\u015b tylko krzyczy, \u017ce wci\u0105\u017c ci sami s\u0105 winni, nie \u017cadne drzewa&#8230; Ty\u017ce\u015b to poleg\u0142, m\u00f3j bohaterze? Ach! Do dzi\u015b po tobie szlocham! W \u017caden wypadek nie uwierz\u0119, prawda to z\u0142a jest macocha. \u017bycie straci\u0142e\u015b w tej ruskiej glebie, ju\u017c jest po twoim pogrzebie. Ty ju\u017c umar\u0142e\u015b? Nie przyjdziesz ku mnie, pewnie si\u0119 z tob\u0105 rozmin\u0119, [&hellip;]<\/p>\n","protected":false},"author":274,"featured_media":0,"parent":2143,"menu_order":0,"comment_status":"open","ping_status":"open","template":"wiersze_polit.php","meta":{"footnotes":""},"class_list":["post-2477","page","type-page","status-publish","hentry"],"_links":{"self":[{"href":"https:\/\/blog-bobika.eu\/index.php?rest_route=\/wp\/v2\/pages\/2477","targetHints":{"allow":["GET"]}}],"collection":[{"href":"https:\/\/blog-bobika.eu\/index.php?rest_route=\/wp\/v2\/pages"}],"about":[{"href":"https:\/\/blog-bobika.eu\/index.php?rest_route=\/wp\/v2\/types\/page"}],"author":[{"embeddable":true,"href":"https:\/\/blog-bobika.eu\/index.php?rest_route=\/wp\/v2\/users\/274"}],"replies":[{"embeddable":true,"href":"https:\/\/blog-bobika.eu\/index.php?rest_route=%2Fwp%2Fv2%2Fcomments&post=2477"}],"version-history":[{"count":1,"href":"https:\/\/blog-bobika.eu\/index.php?rest_route=\/wp\/v2\/pages\/2477\/revisions"}],"predecessor-version":[{"id":2478,"href":"https:\/\/blog-bobika.eu\/index.php?rest_route=\/wp\/v2\/pages\/2477\/revisions\/2478"}],"up":[{"embeddable":true,"href":"https:\/\/blog-bobika.eu\/index.php?rest_route=\/wp\/v2\/pages\/2143"}],"wp:attachment":[{"href":"https:\/\/blog-bobika.eu\/index.php?rest_route=%2Fwp%2Fv2%2Fmedia&parent=2477"}],"curies":[{"name":"wp","href":"https:\/\/api.w.org\/{rel}","templated":true}]}}