{"id":2473,"date":"2015-08-24T20:03:36","date_gmt":"2015-08-24T18:03:36","guid":{"rendered":"http:\/\/blog-bobika.eu\/?page_id=2473"},"modified":"2015-08-24T20:03:36","modified_gmt":"2015-08-24T18:03:36","slug":"rokita","status":"publish","type":"page","link":"https:\/\/blog-bobika.eu\/?page_id=2473","title":{"rendered":"Rokita"},"content":{"rendered":"<p>Cho\u0107 skromno\u015b\u0107 uznanie zyskuje z mozo\u0142em,<br \/>\nzaprzeczy\u0107 by m\u00f3g\u0142 tylko wariat,<br \/>\n\u017ce mistrzem przygody jest pewien kozio\u0142ek<br \/>\no wdzi\u0119cznych imionach Jan Maria.<\/p>\n<p>Gdy cioci\u0119 Europ\u0119 odwiedza\u0142 z koszyczkiem,<br \/>\n(w nim winko, szyk i konwersacje)<br \/>\nz tak gro\u017anym zdarzy\u0142o mu zmierzy\u0107 si\u0119 prztyczkiem,<br \/>\n\u017ce niemal przegapi\u0142 kolacj\u0119.<\/p>\n<p>Lufthansa straszliwa na niego napad\u0142a,<br \/>\nw germa\u0144skim dzier\u017cy\u0142a go \u015bcisku,<br \/>\nna p\u0142aszcz mu w\u0142o\u017cy\u0142a co\u015b na kszta\u0142t imad\u0142a,<br \/>\na z boku trzaska\u0142a po pysku.<\/p>\n<p>Cho\u0107 krzycza\u0142 zawzi\u0119cie &#8222;rodacy, pom\u00f3\u017ccie,<br \/>\nbo Niemcy spuszczaj\u0105 mi lanie!&#8221;,<br \/>\nTeutoni go zgrabnie upiekli na ruszcie,<br \/>\nbo nada\u0142 si\u0119 na jedno (z)danie.<\/p>\n<p>Zaledwie si\u0119 wyrwa\u0142 ze splot\u00f3w Lufthansy,<br \/>\nodetchn\u0105\u0142: &#8222;no, po tarapatach&#8221;,<br \/>\nju\u017c w oku si\u0119 znalaz\u0142 kolejnej bonanzy&#8230;<br \/>\nW Szwarcwaldzie? A sk\u0105d\u017ce, w Karpatach!<\/p>\n<p>Tam t\u0142um nihilist\u00f3w naprzeciw mu bie\u017cy.<br \/>\nz religi\u0105 maj\u0105cych na pie\u0144ku,<br \/>\na ka\u017cdy si\u0119 chwieje lub pod budk\u0105 le\u017cy,<br \/>\nbe\u0142kocz\u0105c &#8222;ach, wr\u00f3\u0107\u017ce, Jasie\u0144ku!&#8221;.<\/p>\n<p>Jan Maria z pogard\u0105 si\u0119 od nich odwr\u00f3ci<br \/>\nkapelusz na g\u0142ow\u0119 nasadzi,<br \/>\ni &#8222;tfu!&#8221; na odchodnym przez rami\u0119 im rzuci,<br \/>\nbo &#8222;tfu!&#8221; rzuci\u0107 nigdy nie wadzi.<\/p>\n<p>I w galop si\u0119 puszcza przez Krak\u00f3w, Warszaw\u0119<br \/>\n(bo duchem i cia\u0142em wci\u0105\u017c m\u0142ody),<br \/>\na \u017ce brzydkie fatum co\u015b mu nie\u0142askawe,<br \/>\nwci\u0105\u017c nowe prze\u017cywa przygody.<\/p>\n<p>Wi\u0119c d\u0142ugie bym o nim snu\u0107 m\u00f3g\u0142 opowie\u015bci<br \/>\nbo mn\u00f3stwo tworzywa ja ci mam,<br \/>\nlecz ca\u0142o\u015b\u0107 i tak si\u0119 na blogu nie zmie\u015bci,<br \/>\ntu przerw\u0119&#8230; I rogu nie trzymam.<\/p>\n","protected":false},"excerpt":{"rendered":"<p>Cho\u0107 skromno\u015b\u0107 uznanie zyskuje z mozo\u0142em, zaprzeczy\u0107 by m\u00f3g\u0142 tylko wariat, \u017ce mistrzem przygody jest pewien kozio\u0142ek o wdzi\u0119cznych imionach Jan Maria. Gdy cioci\u0119 Europ\u0119 odwiedza\u0142 z koszyczkiem, (w nim winko, szyk i konwersacje) z tak gro\u017anym zdarzy\u0142o mu zmierzy\u0107 si\u0119 prztyczkiem, \u017ce niemal przegapi\u0142 kolacj\u0119. Lufthansa straszliwa na niego napad\u0142a, w germa\u0144skim dzier\u017cy\u0142a go \u015bcisku, na p\u0142aszcz mu w\u0142o\u017cy\u0142a co\u015b na kszta\u0142t imad\u0142a, a z boku trzaska\u0142a po pysku. Cho\u0107 krzycza\u0142 zawzi\u0119cie &#8222;rodacy, pom\u00f3\u017ccie, bo Niemcy spuszczaj\u0105 mi lanie!&#8221;, Teutoni go zgrabnie upiekli na ruszcie, bo nada\u0142 si\u0119 na jedno (z)danie. Zaledwie si\u0119 wyrwa\u0142 ze splot\u00f3w Lufthansy, odetchn\u0105\u0142: &#8222;no, [&hellip;]<\/p>\n","protected":false},"author":274,"featured_media":0,"parent":2143,"menu_order":0,"comment_status":"open","ping_status":"open","template":"wiersze_polit.php","meta":{"footnotes":""},"class_list":["post-2473","page","type-page","status-publish","hentry"],"_links":{"self":[{"href":"https:\/\/blog-bobika.eu\/index.php?rest_route=\/wp\/v2\/pages\/2473","targetHints":{"allow":["GET"]}}],"collection":[{"href":"https:\/\/blog-bobika.eu\/index.php?rest_route=\/wp\/v2\/pages"}],"about":[{"href":"https:\/\/blog-bobika.eu\/index.php?rest_route=\/wp\/v2\/types\/page"}],"author":[{"embeddable":true,"href":"https:\/\/blog-bobika.eu\/index.php?rest_route=\/wp\/v2\/users\/274"}],"replies":[{"embeddable":true,"href":"https:\/\/blog-bobika.eu\/index.php?rest_route=%2Fwp%2Fv2%2Fcomments&post=2473"}],"version-history":[{"count":1,"href":"https:\/\/blog-bobika.eu\/index.php?rest_route=\/wp\/v2\/pages\/2473\/revisions"}],"predecessor-version":[{"id":2474,"href":"https:\/\/blog-bobika.eu\/index.php?rest_route=\/wp\/v2\/pages\/2473\/revisions\/2474"}],"up":[{"embeddable":true,"href":"https:\/\/blog-bobika.eu\/index.php?rest_route=\/wp\/v2\/pages\/2143"}],"wp:attachment":[{"href":"https:\/\/blog-bobika.eu\/index.php?rest_route=%2Fwp%2Fv2%2Fmedia&parent=2473"}],"curies":[{"name":"wp","href":"https:\/\/api.w.org\/{rel}","templated":true}]}}