{"id":2469,"date":"2015-08-24T19:55:32","date_gmt":"2015-08-24T17:55:32","guid":{"rendered":"http:\/\/blog-bobika.eu\/?page_id=2469"},"modified":"2015-08-24T19:55:32","modified_gmt":"2015-08-24T17:55:32","slug":"rodzina-spisku","status":"publish","type":"page","link":"https:\/\/blog-bobika.eu\/?page_id=2469","title":{"rendered":"Rodzina spisku"},"content":{"rendered":"<p>Rodzina Spisku rozga\u0142\u0119ziona!<br \/>\nZw\u0142aszcza na Spiszu gnie\u017adzi si\u0119 ona<br \/>\ni tam co spojrze\u0107, to wszystko spiskie.<br \/>\nLecz i w New Yorku, pod Wo\u0142kowyskiem,<br \/>\nw Bamako, w Sydney, w Baku, w Ma\u0142kini,<br \/>\nwsz\u0119dzie mieszkaj\u0105 Spisku kuzyni,<br \/>\nka\u017cdy otoczon sw\u0105 w\u0142asn\u0105 nieck\u0105,<br \/>\nco rzeczywisto\u015b\u0107 trzyma zdradzieck\u0105<br \/>\nna zdrowy dystans. I wszyscy w glorii<br \/>\nchodz\u0105 wybitnych tw\u00f3rc\u00f3w teorii.<br \/>\nBo to nie byle jaka rodzina,<br \/>\nkt\u00f3ra wyda\u0142a takiego syna!<\/p>\n","protected":false},"excerpt":{"rendered":"<p>Rodzina Spisku rozga\u0142\u0119ziona! Zw\u0142aszcza na Spiszu gnie\u017adzi si\u0119 ona i tam co spojrze\u0107, to wszystko spiskie. Lecz i w New Yorku, pod Wo\u0142kowyskiem, w Bamako, w Sydney, w Baku, w Ma\u0142kini, wsz\u0119dzie mieszkaj\u0105 Spisku kuzyni, ka\u017cdy otoczon sw\u0105 w\u0142asn\u0105 nieck\u0105, co rzeczywisto\u015b\u0107 trzyma zdradzieck\u0105 na zdrowy dystans. I wszyscy w glorii chodz\u0105 wybitnych tw\u00f3rc\u00f3w teorii. Bo to nie byle jaka rodzina, kt\u00f3ra wyda\u0142a takiego syna!<\/p>\n","protected":false},"author":274,"featured_media":0,"parent":2143,"menu_order":0,"comment_status":"open","ping_status":"open","template":"wiersze_polit.php","meta":{"footnotes":""},"class_list":["post-2469","page","type-page","status-publish","hentry"],"_links":{"self":[{"href":"https:\/\/blog-bobika.eu\/index.php?rest_route=\/wp\/v2\/pages\/2469","targetHints":{"allow":["GET"]}}],"collection":[{"href":"https:\/\/blog-bobika.eu\/index.php?rest_route=\/wp\/v2\/pages"}],"about":[{"href":"https:\/\/blog-bobika.eu\/index.php?rest_route=\/wp\/v2\/types\/page"}],"author":[{"embeddable":true,"href":"https:\/\/blog-bobika.eu\/index.php?rest_route=\/wp\/v2\/users\/274"}],"replies":[{"embeddable":true,"href":"https:\/\/blog-bobika.eu\/index.php?rest_route=%2Fwp%2Fv2%2Fcomments&post=2469"}],"version-history":[{"count":1,"href":"https:\/\/blog-bobika.eu\/index.php?rest_route=\/wp\/v2\/pages\/2469\/revisions"}],"predecessor-version":[{"id":2470,"href":"https:\/\/blog-bobika.eu\/index.php?rest_route=\/wp\/v2\/pages\/2469\/revisions\/2470"}],"up":[{"embeddable":true,"href":"https:\/\/blog-bobika.eu\/index.php?rest_route=\/wp\/v2\/pages\/2143"}],"wp:attachment":[{"href":"https:\/\/blog-bobika.eu\/index.php?rest_route=%2Fwp%2Fv2%2Fmedia&parent=2469"}],"curies":[{"name":"wp","href":"https:\/\/api.w.org\/{rel}","templated":true}]}}