{"id":2463,"date":"2015-08-24T19:52:55","date_gmt":"2015-08-24T17:52:55","guid":{"rendered":"http:\/\/blog-bobika.eu\/?page_id=2463"},"modified":"2015-08-24T19:52:55","modified_gmt":"2015-08-24T17:52:55","slug":"raz-na-ludowo","status":"publish","type":"page","link":"https:\/\/blog-bobika.eu\/?page_id=2463","title":{"rendered":"Raz na ludowo"},"content":{"rendered":"<p>Sto\u0142 gdzie\u015b Jezusicek w maliny wpuscony,<br \/>\nto przysed pan Cesiu &#8211; bez \u015bwagra, bez zony,<br \/>\nzabra\u0142 go pod pach\u0119 jak samotn\u0105 \u015bwick\u0119<br \/>\ni posed w dal sinom z panem Jezusickiem.<\/p>\n<p>Cyj ten Jezusicek, nie dojdom ni s\u0119dzie,<br \/>\nale by dochodzi\u0107, sy\u0107kich bedzie sw\u0119dzie\u0107,<br \/>\ntak si\u0119 zamota\u0142o, tak si\u0119 pogubi\u0142o&#8230;<br \/>\nJedno pewne &#8211; kto\u015b tu musi dosta\u0107 w ry\u0142o.<\/p>\n<p>No to bijta, ch\u0142opy, a pyska nie sc\u0119d\u017ata,<br \/>\nbi\u0107 przecie lubita, nie najnowso ch\u0119\u0107 ta,<br \/>\nw imie Jezusicka niepytanej \u015bwity,<br \/>\nniek \u0142oberwie kozdy heretyk niemyty.<\/p>\n<p>Ino ze kozdego bi\u0107 trudnawo cosik,<br \/>\na i logistycny problem to przynosi,<br \/>\nto se u\u0142atwita, jak wie\u015b\u0107 gminna niesie<br \/>\ni sie rozprawita ino z panem Cesiem.<\/p>\n<p>Pan Cesio nie Doda, ni mo adwokata,<br \/>\nmilion\u00f3w tyz ni mo &#8211; no to wy go mata.<br \/>\nI z tej co\u0142ej durnej komedii pomy\u0142ek,<br \/>\npewnikiem \u0142on jeden mocno we\u017anie w ty\u0142ek.<\/p>\n<p>Widzis, Jezusicku, do cego\u015b uzyty,<br \/>\ngdyby\u015b zy\u0142, by\u015b pewnie rzek\u0142, ze to som scyty,<br \/>\nale ze\u015b niezywy, tylko\u015b jest \u0142ozdoba,<br \/>\nto cie kozdy miota, jak mu sie podoba,<br \/>\nhej!<\/p>\n","protected":false},"excerpt":{"rendered":"<p>Sto\u0142 gdzie\u015b Jezusicek w maliny wpuscony, to przysed pan Cesiu &#8211; bez \u015bwagra, bez zony, zabra\u0142 go pod pach\u0119 jak samotn\u0105 \u015bwick\u0119 i posed w dal sinom z panem Jezusickiem. Cyj ten Jezusicek, nie dojdom ni s\u0119dzie, ale by dochodzi\u0107, sy\u0107kich bedzie sw\u0119dzie\u0107, tak si\u0119 zamota\u0142o, tak si\u0119 pogubi\u0142o&#8230; Jedno pewne &#8211; kto\u015b tu musi dosta\u0107 w ry\u0142o. No to bijta, ch\u0142opy, a pyska nie sc\u0119d\u017ata, bi\u0107 przecie lubita, nie najnowso ch\u0119\u0107 ta, w imie Jezusicka niepytanej \u015bwity, niek \u0142oberwie kozdy heretyk niemyty. Ino ze kozdego bi\u0107 trudnawo cosik, a i logistycny problem to przynosi, to se u\u0142atwita, jak wie\u015b\u0107 [&hellip;]<\/p>\n","protected":false},"author":274,"featured_media":0,"parent":2143,"menu_order":0,"comment_status":"open","ping_status":"open","template":"wiersze_polit.php","meta":{"footnotes":""},"class_list":["post-2463","page","type-page","status-publish","hentry"],"_links":{"self":[{"href":"https:\/\/blog-bobika.eu\/index.php?rest_route=\/wp\/v2\/pages\/2463","targetHints":{"allow":["GET"]}}],"collection":[{"href":"https:\/\/blog-bobika.eu\/index.php?rest_route=\/wp\/v2\/pages"}],"about":[{"href":"https:\/\/blog-bobika.eu\/index.php?rest_route=\/wp\/v2\/types\/page"}],"author":[{"embeddable":true,"href":"https:\/\/blog-bobika.eu\/index.php?rest_route=\/wp\/v2\/users\/274"}],"replies":[{"embeddable":true,"href":"https:\/\/blog-bobika.eu\/index.php?rest_route=%2Fwp%2Fv2%2Fcomments&post=2463"}],"version-history":[{"count":1,"href":"https:\/\/blog-bobika.eu\/index.php?rest_route=\/wp\/v2\/pages\/2463\/revisions"}],"predecessor-version":[{"id":2464,"href":"https:\/\/blog-bobika.eu\/index.php?rest_route=\/wp\/v2\/pages\/2463\/revisions\/2464"}],"up":[{"embeddable":true,"href":"https:\/\/blog-bobika.eu\/index.php?rest_route=\/wp\/v2\/pages\/2143"}],"wp:attachment":[{"href":"https:\/\/blog-bobika.eu\/index.php?rest_route=%2Fwp%2Fv2%2Fmedia&parent=2463"}],"curies":[{"name":"wp","href":"https:\/\/api.w.org\/{rel}","templated":true}]}}