{"id":2461,"date":"2015-08-24T19:52:05","date_gmt":"2015-08-24T17:52:05","guid":{"rendered":"http:\/\/blog-bobika.eu\/?page_id=2461"},"modified":"2015-08-24T19:52:05","modified_gmt":"2015-08-24T17:52:05","slug":"rasowiec","status":"publish","type":"page","link":"https:\/\/blog-bobika.eu\/?page_id=2461","title":{"rendered":"Rasowiec"},"content":{"rendered":"<p>Czy by\u0107 rasowcem to jest szcz\u0119\u015bcie,<br \/>\nsprawia, \u017ce\u015b jest jak m\u0142ody B\u00f3g,<br \/>\nczy mo\u017ce raczej, jak zam\u0119\u015bcie,<br \/>\nidea\u0142 szybko pcha na bruk?<\/p>\n<p>Czy lepsze \u017cycie z rodowodem,<br \/>\ncenniejszym ni\u017c bojowy chrzest,<br \/>\nczy lepiej ju\u017c wyrazi\u0107 zgod\u0119<br \/>\nna ras\u0119, co tabul\u0105 jest? <\/p>\n<p>Czy milej zna\u0107 ka\u017cdego przodka<br \/>\ni wiedzie\u0107, jak by\u0142 wielkim who,<br \/>\nczy te\u017c o przodkach nawet w plotkach<br \/>\nnie m\u00f3c wspomina\u0107 ni mru-mru?<\/p>\n<p>Takie s\u0105 kundla dylematy,<br \/>\ndo\u015b\u0107 niepotrzebne, co tu kry\u0107,<br \/>\nbo c\u00f3\u017c, \u017ce\u015b uszy\u0142 nowe szaty,<br \/>\ngdy wci\u0105\u017c w nich stara, go\u0142a rzy\u0107.<\/p>\n","protected":false},"excerpt":{"rendered":"<p>Czy by\u0107 rasowcem to jest szcz\u0119\u015bcie, sprawia, \u017ce\u015b jest jak m\u0142ody B\u00f3g, czy mo\u017ce raczej, jak zam\u0119\u015bcie, idea\u0142 szybko pcha na bruk? Czy lepsze \u017cycie z rodowodem, cenniejszym ni\u017c bojowy chrzest, czy lepiej ju\u017c wyrazi\u0107 zgod\u0119 na ras\u0119, co tabul\u0105 jest? Czy milej zna\u0107 ka\u017cdego przodka i wiedzie\u0107, jak by\u0142 wielkim who, czy te\u017c o przodkach nawet w plotkach nie m\u00f3c wspomina\u0107 ni mru-mru? Takie s\u0105 kundla dylematy, do\u015b\u0107 niepotrzebne, co tu kry\u0107, bo c\u00f3\u017c, \u017ce\u015b uszy\u0142 nowe szaty, gdy wci\u0105\u017c w nich stara, go\u0142a rzy\u0107.<\/p>\n","protected":false},"author":274,"featured_media":0,"parent":2143,"menu_order":0,"comment_status":"open","ping_status":"open","template":"wiersze_polit.php","meta":{"footnotes":""},"class_list":["post-2461","page","type-page","status-publish","hentry"],"_links":{"self":[{"href":"https:\/\/blog-bobika.eu\/index.php?rest_route=\/wp\/v2\/pages\/2461","targetHints":{"allow":["GET"]}}],"collection":[{"href":"https:\/\/blog-bobika.eu\/index.php?rest_route=\/wp\/v2\/pages"}],"about":[{"href":"https:\/\/blog-bobika.eu\/index.php?rest_route=\/wp\/v2\/types\/page"}],"author":[{"embeddable":true,"href":"https:\/\/blog-bobika.eu\/index.php?rest_route=\/wp\/v2\/users\/274"}],"replies":[{"embeddable":true,"href":"https:\/\/blog-bobika.eu\/index.php?rest_route=%2Fwp%2Fv2%2Fcomments&post=2461"}],"version-history":[{"count":1,"href":"https:\/\/blog-bobika.eu\/index.php?rest_route=\/wp\/v2\/pages\/2461\/revisions"}],"predecessor-version":[{"id":2462,"href":"https:\/\/blog-bobika.eu\/index.php?rest_route=\/wp\/v2\/pages\/2461\/revisions\/2462"}],"up":[{"embeddable":true,"href":"https:\/\/blog-bobika.eu\/index.php?rest_route=\/wp\/v2\/pages\/2143"}],"wp:attachment":[{"href":"https:\/\/blog-bobika.eu\/index.php?rest_route=%2Fwp%2Fv2%2Fmedia&parent=2461"}],"curies":[{"name":"wp","href":"https:\/\/api.w.org\/{rel}","templated":true}]}}