{"id":2459,"date":"2015-08-24T19:51:19","date_gmt":"2015-08-24T17:51:19","guid":{"rendered":"http:\/\/blog-bobika.eu\/?page_id=2459"},"modified":"2015-08-24T19:51:19","modified_gmt":"2015-08-24T17:51:19","slug":"radziszewska","status":"publish","type":"page","link":"https:\/\/blog-bobika.eu\/?page_id=2459","title":{"rendered":"Radziszewska"},"content":{"rendered":"<p>Pani minister od r\u00f3wno\u015bci,<br \/>\nprzecudna krasawica,<br \/>\nmusia\u0142a bez ustanku go\u015bci\u0107,<br \/>\nprzecina\u0107 i zaszczyca\u0107.<\/p>\n<p>Spod zwinnych palc\u00f3w jej ustawy<br \/>\nsp\u0142ywa\u0142y r\u00f3wnym rz\u0119dem,<br \/>\nr\u00f3wna\u0142a w d\u00f3\u0142 dla dobra sprawy,<br \/>\nnie m\u00f3wi\u0105c &#8222;wy\u017cej si\u0119d\u0119&#8221;.<\/p>\n<p>Jak r\u00f3wny z r\u00f3wnym gaw\u0119dzi\u0142a<br \/>\nw gospody\u0144 wiejskich ko\u0142ach,<br \/>\nwalczy\u0142a, chocia\u017c wrog\u00f3w si\u0142a,<br \/>\no r\u00f3wno\u015b\u0107 dla Ko\u015bcio\u0142a<\/p>\n<p>Duch wielki &#8211; wi\u0119kszy ni\u017ali cia\u0142o &#8211;<br \/>\nnadobnej tej kobiety<br \/>\nsprawi\u0142, \u017ce zamie\u015b\u0107 si\u0119 uda\u0142o<br \/>\npod dywan parytety.<\/p>\n<p>\u017badne unijne, prawne \u015bciemy<br \/>\nnie \u015bmia\u0142y jej podskoczy\u0107,<br \/>\n&#8222;pan jeste\u015b peda\u0142, my to wiemy&#8221;,<br \/>\nr\u0105ba\u0142a prosto w oczy.<\/p>\n<p>Czemu\u017c nie sprawi\u0107 jej siurpryzy,<br \/>\nwytchnienia nie da\u0107, pytam?<br \/>\nWszak zasuwa\u0142a niczym Syzyf,<br \/>\nlub inny jaki\u015b tytan.<\/p>\n<p>Zawsze na czele, wci\u0105\u017c przy sterze&#8230;<br \/>\nB\u0142agajmy wi\u0119c, rodacy:<br \/>\ndaj\u017ce odpocz\u0105\u0107 jej, premierze,<br \/>\nbo padnie nam z tej pracy!<\/p>\n","protected":false},"excerpt":{"rendered":"<p>Pani minister od r\u00f3wno\u015bci, przecudna krasawica, musia\u0142a bez ustanku go\u015bci\u0107, przecina\u0107 i zaszczyca\u0107. Spod zwinnych palc\u00f3w jej ustawy sp\u0142ywa\u0142y r\u00f3wnym rz\u0119dem, r\u00f3wna\u0142a w d\u00f3\u0142 dla dobra sprawy, nie m\u00f3wi\u0105c &#8222;wy\u017cej si\u0119d\u0119&#8221;. Jak r\u00f3wny z r\u00f3wnym gaw\u0119dzi\u0142a w gospody\u0144 wiejskich ko\u0142ach, walczy\u0142a, chocia\u017c wrog\u00f3w si\u0142a, o r\u00f3wno\u015b\u0107 dla Ko\u015bcio\u0142a Duch wielki &#8211; wi\u0119kszy ni\u017ali cia\u0142o &#8211; nadobnej tej kobiety sprawi\u0142, \u017ce zamie\u015b\u0107 si\u0119 uda\u0142o pod dywan parytety. \u017badne unijne, prawne \u015bciemy nie \u015bmia\u0142y jej podskoczy\u0107, &#8222;pan jeste\u015b peda\u0142, my to wiemy&#8221;, r\u0105ba\u0142a prosto w oczy. Czemu\u017c nie sprawi\u0107 jej siurpryzy, wytchnienia nie da\u0107, pytam? Wszak zasuwa\u0142a niczym Syzyf, lub inny jaki\u015b [&hellip;]<\/p>\n","protected":false},"author":274,"featured_media":0,"parent":2143,"menu_order":0,"comment_status":"open","ping_status":"open","template":"wiersze_polit.php","meta":{"footnotes":""},"class_list":["post-2459","page","type-page","status-publish","hentry"],"_links":{"self":[{"href":"https:\/\/blog-bobika.eu\/index.php?rest_route=\/wp\/v2\/pages\/2459","targetHints":{"allow":["GET"]}}],"collection":[{"href":"https:\/\/blog-bobika.eu\/index.php?rest_route=\/wp\/v2\/pages"}],"about":[{"href":"https:\/\/blog-bobika.eu\/index.php?rest_route=\/wp\/v2\/types\/page"}],"author":[{"embeddable":true,"href":"https:\/\/blog-bobika.eu\/index.php?rest_route=\/wp\/v2\/users\/274"}],"replies":[{"embeddable":true,"href":"https:\/\/blog-bobika.eu\/index.php?rest_route=%2Fwp%2Fv2%2Fcomments&post=2459"}],"version-history":[{"count":1,"href":"https:\/\/blog-bobika.eu\/index.php?rest_route=\/wp\/v2\/pages\/2459\/revisions"}],"predecessor-version":[{"id":2460,"href":"https:\/\/blog-bobika.eu\/index.php?rest_route=\/wp\/v2\/pages\/2459\/revisions\/2460"}],"up":[{"embeddable":true,"href":"https:\/\/blog-bobika.eu\/index.php?rest_route=\/wp\/v2\/pages\/2143"}],"wp:attachment":[{"href":"https:\/\/blog-bobika.eu\/index.php?rest_route=%2Fwp%2Fv2%2Fmedia&parent=2459"}],"curies":[{"name":"wp","href":"https:\/\/api.w.org\/{rel}","templated":true}]}}