{"id":2457,"date":"2015-08-24T19:50:25","date_gmt":"2015-08-24T17:50:25","guid":{"rendered":"http:\/\/blog-bobika.eu\/?page_id=2457"},"modified":"2015-08-24T19:50:25","modified_gmt":"2015-08-24T17:50:25","slug":"pyrrus","status":"publish","type":"page","link":"https:\/\/blog-bobika.eu\/?page_id=2457","title":{"rendered":"Pyrrus"},"content":{"rendered":"<p>\u0141azi Pyrrus, twarz spocon\u0105<br \/>\nociera chitonem.<br \/>\nJak to jest: wygra\u0142em pono,<br \/>\na mam przewalone.<\/p>\n<p>Lecz wa\u017cniejsze mi, na Her\u0119<br \/>\nrazem z Afrodyt\u0105<br \/>\n\u017cem &#8211; zwa\u017cywszy ten numerek &#8211;<br \/>\ndalej celebryt\u0105.<\/p>\n<p>Ka\u017cdy by mi r\u0105si\u0119 poda\u0107<br \/>\nma niezwyk\u0142y zapa\u0142,<br \/>\nwi\u0119c ju\u017c wcale mi nie szkoda,<br \/>\n\u017cem wszystko przechlapa\u0142.<\/p>\n<p>Wygra\u0107, przegra\u0107 &#8211; bez znaczenia,<br \/>\nbyle, na Jowisza,<br \/>\no tycz\u0105cych mnie zdarzeniach<br \/>\nka\u017cdy niemal s\u0142ysza\u0142.<\/p>\n","protected":false},"excerpt":{"rendered":"<p>\u0141azi Pyrrus, twarz spocon\u0105 ociera chitonem. Jak to jest: wygra\u0142em pono, a mam przewalone. Lecz wa\u017cniejsze mi, na Her\u0119 razem z Afrodyt\u0105 \u017cem &#8211; zwa\u017cywszy ten numerek &#8211; dalej celebryt\u0105. Ka\u017cdy by mi r\u0105si\u0119 poda\u0107 ma niezwyk\u0142y zapa\u0142, wi\u0119c ju\u017c wcale mi nie szkoda, \u017cem wszystko przechlapa\u0142. Wygra\u0107, przegra\u0107 &#8211; bez znaczenia, byle, na Jowisza, o tycz\u0105cych mnie zdarzeniach ka\u017cdy niemal s\u0142ysza\u0142.<\/p>\n","protected":false},"author":274,"featured_media":0,"parent":2143,"menu_order":0,"comment_status":"open","ping_status":"open","template":"wiersze_polit.php","meta":{"footnotes":""},"class_list":["post-2457","page","type-page","status-publish","hentry"],"_links":{"self":[{"href":"https:\/\/blog-bobika.eu\/index.php?rest_route=\/wp\/v2\/pages\/2457","targetHints":{"allow":["GET"]}}],"collection":[{"href":"https:\/\/blog-bobika.eu\/index.php?rest_route=\/wp\/v2\/pages"}],"about":[{"href":"https:\/\/blog-bobika.eu\/index.php?rest_route=\/wp\/v2\/types\/page"}],"author":[{"embeddable":true,"href":"https:\/\/blog-bobika.eu\/index.php?rest_route=\/wp\/v2\/users\/274"}],"replies":[{"embeddable":true,"href":"https:\/\/blog-bobika.eu\/index.php?rest_route=%2Fwp%2Fv2%2Fcomments&post=2457"}],"version-history":[{"count":1,"href":"https:\/\/blog-bobika.eu\/index.php?rest_route=\/wp\/v2\/pages\/2457\/revisions"}],"predecessor-version":[{"id":2458,"href":"https:\/\/blog-bobika.eu\/index.php?rest_route=\/wp\/v2\/pages\/2457\/revisions\/2458"}],"up":[{"embeddable":true,"href":"https:\/\/blog-bobika.eu\/index.php?rest_route=\/wp\/v2\/pages\/2143"}],"wp:attachment":[{"href":"https:\/\/blog-bobika.eu\/index.php?rest_route=%2Fwp%2Fv2%2Fmedia&parent=2457"}],"curies":[{"name":"wp","href":"https:\/\/api.w.org\/{rel}","templated":true}]}}