{"id":2451,"date":"2015-08-24T19:47:23","date_gmt":"2015-08-24T17:47:23","guid":{"rendered":"http:\/\/blog-bobika.eu\/?page_id=2451"},"modified":"2015-08-24T19:47:23","modified_gmt":"2015-08-24T17:47:23","slug":"przezyl-matol","status":"publish","type":"page","link":"https:\/\/blog-bobika.eu\/?page_id=2451","title":{"rendered":"Prze\u017cy\u0142 mato\u0142"},"content":{"rendered":"<p>Prze\u017cy\u0142 mato\u0142, prze\u017cy\u0142,<br \/>\nnie le\u017cy na desce.<br \/>\nNajch\u0119tniej mato\u0142\u00f3w<br \/>\nnarobi\u0142by jesce!<br \/>\npo \u015bniadaniu,<br \/>\npo kolacji,<br \/>\nodda\u0142by si\u0119<br \/>\nprokreacji!<br \/>\nOj dana, dana, dana\u2026<\/p>\n<p>Po drugim \u015bniadaniu<br \/>\njeszcze raz do\u0142o\u017cy\u0142,<br \/>\nprzeto cudownego<br \/>\nrozmno\u017cenia do\u017cy\u0142!<br \/>\nPo co jakie\u015b<br \/>\nmu in vitra,<br \/>\nsam si\u0119 pleni &#8211;<br \/>\nsztuka chytra!<br \/>\nOj dana, dana, dana\u2026<\/p>\n<p>Jak raz barbarzy\u0144ca<br \/>\nzast\u0105pi\u0142 mato\u0142a,<br \/>\nnowa populacja<br \/>\nzrodzi\u0142a si\u0119 zgo\u0142a.<br \/>\nMato\u0142ecka<br \/>\nsi\u0119 rozmna\u017ca,<br \/>\nbarbarzy\u0144ska<br \/>\nsi\u0119 naparza!<br \/>\nOj dana, dana, dana,<br \/>\nco za zmiana!<\/p>\n<p>Ju\u017c do barbato\u0142a<br \/>\nwys\u0142ano procesj\u0119,<br \/>\nby na powielanie<br \/>\nprzydzieli\u0142 koncesj\u0119.<br \/>\nSt\u0105d co drugi<br \/>\ndzisiaj sto\u0142ek<br \/>\nokupuje<br \/>\nbarbato\u0142ek.<br \/>\nOj, dana, dana, dana\u2026<\/p>\n","protected":false},"excerpt":{"rendered":"<p>Prze\u017cy\u0142 mato\u0142, prze\u017cy\u0142, nie le\u017cy na desce. Najch\u0119tniej mato\u0142\u00f3w narobi\u0142by jesce! po \u015bniadaniu, po kolacji, odda\u0142by si\u0119 prokreacji! Oj dana, dana, dana\u2026 Po drugim \u015bniadaniu jeszcze raz do\u0142o\u017cy\u0142, przeto cudownego rozmno\u017cenia do\u017cy\u0142! Po co jakie\u015b mu in vitra, sam si\u0119 pleni &#8211; sztuka chytra! Oj dana, dana, dana\u2026 Jak raz barbarzy\u0144ca zast\u0105pi\u0142 mato\u0142a, nowa populacja zrodzi\u0142a si\u0119 zgo\u0142a. Mato\u0142ecka si\u0119 rozmna\u017ca, barbarzy\u0144ska si\u0119 naparza! Oj dana, dana, dana, co za zmiana! Ju\u017c do barbato\u0142a wys\u0142ano procesj\u0119, by na powielanie przydzieli\u0142 koncesj\u0119. St\u0105d co drugi dzisiaj sto\u0142ek okupuje barbato\u0142ek. Oj, dana, dana, dana\u2026<\/p>\n","protected":false},"author":274,"featured_media":0,"parent":2143,"menu_order":0,"comment_status":"open","ping_status":"open","template":"wiersze_polit.php","meta":{"footnotes":""},"class_list":["post-2451","page","type-page","status-publish","hentry"],"_links":{"self":[{"href":"https:\/\/blog-bobika.eu\/index.php?rest_route=\/wp\/v2\/pages\/2451","targetHints":{"allow":["GET"]}}],"collection":[{"href":"https:\/\/blog-bobika.eu\/index.php?rest_route=\/wp\/v2\/pages"}],"about":[{"href":"https:\/\/blog-bobika.eu\/index.php?rest_route=\/wp\/v2\/types\/page"}],"author":[{"embeddable":true,"href":"https:\/\/blog-bobika.eu\/index.php?rest_route=\/wp\/v2\/users\/274"}],"replies":[{"embeddable":true,"href":"https:\/\/blog-bobika.eu\/index.php?rest_route=%2Fwp%2Fv2%2Fcomments&post=2451"}],"version-history":[{"count":1,"href":"https:\/\/blog-bobika.eu\/index.php?rest_route=\/wp\/v2\/pages\/2451\/revisions"}],"predecessor-version":[{"id":2452,"href":"https:\/\/blog-bobika.eu\/index.php?rest_route=\/wp\/v2\/pages\/2451\/revisions\/2452"}],"up":[{"embeddable":true,"href":"https:\/\/blog-bobika.eu\/index.php?rest_route=\/wp\/v2\/pages\/2143"}],"wp:attachment":[{"href":"https:\/\/blog-bobika.eu\/index.php?rest_route=%2Fwp%2Fv2%2Fmedia&parent=2451"}],"curies":[{"name":"wp","href":"https:\/\/api.w.org\/{rel}","templated":true}]}}