{"id":2445,"date":"2015-08-24T19:42:00","date_gmt":"2015-08-24T17:42:00","guid":{"rendered":"http:\/\/blog-bobika.eu\/?page_id=2445"},"modified":"2015-08-24T19:42:00","modified_gmt":"2015-08-24T17:42:00","slug":"przedwojenny-wujo","status":"publish","type":"page","link":"https:\/\/blog-bobika.eu\/?page_id=2445","title":{"rendered":"Przedwojenny Wujo"},"content":{"rendered":"<p>Siedzi Wujo w mlecznym barze,<br \/>\nsm\u0119ci mu si\u0119 mina,<br \/>\nutracon\u0105 oran\u017ceri\u0119<br \/>\nnad zup\u0105 wspomina.<\/p>\n<p>\u0141zy mu kapi\u0105 do pierog\u00f3w<br \/>\noraz do barszczyku,<br \/>\nzapach \u015bciery go spowija,<br \/>\nnie zapach storczyk\u00f3w.<\/p>\n<p>Kefir grudk\u0105 si\u0119 Wujowi<br \/>\nosadza na br\u00f3dce,<br \/>\nzamiast palm aluminiowe<br \/>\nma przed okiem sztu\u0107ce.<\/p>\n<p>Ach, jak t\u0119skno mu do by\u0142ych<br \/>\nszale\u0144stw i brewerii,<br \/>\njak by sobie dzi\u015b posiedzia\u0142<br \/>\nw by\u0142ej oran\u017cerii!<\/p>\n<p>Wychlapan\u0105 z mlekiem kaw\u0119<br \/>\nWujo ma pod butem&#8230;<br \/>\nCo za \u017cycie! Ju\u017c si\u0119 nawet<br \/>\nnie chce by\u0107 bankrutem.<\/p>\n","protected":false},"excerpt":{"rendered":"<p>Siedzi Wujo w mlecznym barze, sm\u0119ci mu si\u0119 mina, utracon\u0105 oran\u017ceri\u0119 nad zup\u0105 wspomina. \u0141zy mu kapi\u0105 do pierog\u00f3w oraz do barszczyku, zapach \u015bciery go spowija, nie zapach storczyk\u00f3w. Kefir grudk\u0105 si\u0119 Wujowi osadza na br\u00f3dce, zamiast palm aluminiowe ma przed okiem sztu\u0107ce. Ach, jak t\u0119skno mu do by\u0142ych szale\u0144stw i brewerii, jak by sobie dzi\u015b posiedzia\u0142 w by\u0142ej oran\u017cerii! Wychlapan\u0105 z mlekiem kaw\u0119 Wujo ma pod butem&#8230; Co za \u017cycie! Ju\u017c si\u0119 nawet nie chce by\u0107 bankrutem.<\/p>\n","protected":false},"author":274,"featured_media":0,"parent":2143,"menu_order":0,"comment_status":"open","ping_status":"open","template":"wiersze_polit.php","meta":{"footnotes":""},"class_list":["post-2445","page","type-page","status-publish","hentry"],"_links":{"self":[{"href":"https:\/\/blog-bobika.eu\/index.php?rest_route=\/wp\/v2\/pages\/2445","targetHints":{"allow":["GET"]}}],"collection":[{"href":"https:\/\/blog-bobika.eu\/index.php?rest_route=\/wp\/v2\/pages"}],"about":[{"href":"https:\/\/blog-bobika.eu\/index.php?rest_route=\/wp\/v2\/types\/page"}],"author":[{"embeddable":true,"href":"https:\/\/blog-bobika.eu\/index.php?rest_route=\/wp\/v2\/users\/274"}],"replies":[{"embeddable":true,"href":"https:\/\/blog-bobika.eu\/index.php?rest_route=%2Fwp%2Fv2%2Fcomments&post=2445"}],"version-history":[{"count":1,"href":"https:\/\/blog-bobika.eu\/index.php?rest_route=\/wp\/v2\/pages\/2445\/revisions"}],"predecessor-version":[{"id":2446,"href":"https:\/\/blog-bobika.eu\/index.php?rest_route=\/wp\/v2\/pages\/2445\/revisions\/2446"}],"up":[{"embeddable":true,"href":"https:\/\/blog-bobika.eu\/index.php?rest_route=\/wp\/v2\/pages\/2143"}],"wp:attachment":[{"href":"https:\/\/blog-bobika.eu\/index.php?rest_route=%2Fwp%2Fv2%2Fmedia&parent=2445"}],"curies":[{"name":"wp","href":"https:\/\/api.w.org\/{rel}","templated":true}]}}