{"id":2443,"date":"2015-08-24T19:41:04","date_gmt":"2015-08-24T17:41:04","guid":{"rendered":"http:\/\/blog-bobika.eu\/?page_id=2443"},"modified":"2015-08-24T19:41:04","modified_gmt":"2015-08-24T17:41:04","slug":"prosta-piosenka-starego-wiarusa","status":"publish","type":"page","link":"https:\/\/blog-bobika.eu\/?page_id=2443","title":{"rendered":"Prosta piosenka Starego Wiarusa"},"content":{"rendered":"<p>Omsk nie Cz\u0119stochowa,<br \/>\ndziewczyna nie zaj\u0105c,<br \/>\nwojak si\u0119 nie chowa,<br \/>\nkiedy go wzywaj\u0105.<\/p>\n<p>Cho\u0107by jak trzy biedy<br \/>\npodagra go dar\u0142a,<br \/>\nstawi si\u0119 on, kiedy<br \/>\ntrza pogoni\u0107 kar\u0142a.<\/p>\n<p>Cho\u0107by sfora jaka\u015b<br \/>\nhuzia\u0142a na niego,<br \/>\nwytropi on w krzakach<br \/>\nPolaka lewego.<\/p>\n<p>Szabl\u0105 on usiecze<br \/>\ntr\u0105d, co w g\u0142owy w\u0142azi,<br \/>\n\u017ceby\u015b si\u0119, cz\u0142owiecze,<br \/>\nnie m\u00f3g\u0142 nim zarazi\u0107.<\/p>\n<p>Zabe\u0142ta\u0107 potrafi<br \/>\ntak stoj\u0105c\u0105 wod\u0119,<br \/>\nby tylko w parafii<br \/>\nnar\u00f3d by\u0142 narodem.<\/p>\n<p>Wytrzebi\u0107 da rad\u0119<br \/>\nwszystko, co nie nasze,<br \/>\nnie b\u0119dzie mu \u017caden<br \/>\nobcy dmucha\u0142 w kasz\u0119.<\/p>\n<p>Hej, rebus nie modus,<br \/>\nzaparcie nie sraczka,<br \/>\npi\u0119kna dla narodu<br \/>\ntaka jest wojaczka!<\/p>\n","protected":false},"excerpt":{"rendered":"<p>Omsk nie Cz\u0119stochowa, dziewczyna nie zaj\u0105c, wojak si\u0119 nie chowa, kiedy go wzywaj\u0105. Cho\u0107by jak trzy biedy podagra go dar\u0142a, stawi si\u0119 on, kiedy trza pogoni\u0107 kar\u0142a. Cho\u0107by sfora jaka\u015b huzia\u0142a na niego, wytropi on w krzakach Polaka lewego. Szabl\u0105 on usiecze tr\u0105d, co w g\u0142owy w\u0142azi, \u017ceby\u015b si\u0119, cz\u0142owiecze, nie m\u00f3g\u0142 nim zarazi\u0107. Zabe\u0142ta\u0107 potrafi tak stoj\u0105c\u0105 wod\u0119, by tylko w parafii nar\u00f3d by\u0142 narodem. Wytrzebi\u0107 da rad\u0119 wszystko, co nie nasze, nie b\u0119dzie mu \u017caden obcy dmucha\u0142 w kasz\u0119. Hej, rebus nie modus, zaparcie nie sraczka, pi\u0119kna dla narodu taka jest wojaczka!<\/p>\n","protected":false},"author":274,"featured_media":0,"parent":2143,"menu_order":0,"comment_status":"open","ping_status":"open","template":"wiersze_polit.php","meta":{"footnotes":""},"class_list":["post-2443","page","type-page","status-publish","hentry"],"_links":{"self":[{"href":"https:\/\/blog-bobika.eu\/index.php?rest_route=\/wp\/v2\/pages\/2443","targetHints":{"allow":["GET"]}}],"collection":[{"href":"https:\/\/blog-bobika.eu\/index.php?rest_route=\/wp\/v2\/pages"}],"about":[{"href":"https:\/\/blog-bobika.eu\/index.php?rest_route=\/wp\/v2\/types\/page"}],"author":[{"embeddable":true,"href":"https:\/\/blog-bobika.eu\/index.php?rest_route=\/wp\/v2\/users\/274"}],"replies":[{"embeddable":true,"href":"https:\/\/blog-bobika.eu\/index.php?rest_route=%2Fwp%2Fv2%2Fcomments&post=2443"}],"version-history":[{"count":1,"href":"https:\/\/blog-bobika.eu\/index.php?rest_route=\/wp\/v2\/pages\/2443\/revisions"}],"predecessor-version":[{"id":2444,"href":"https:\/\/blog-bobika.eu\/index.php?rest_route=\/wp\/v2\/pages\/2443\/revisions\/2444"}],"up":[{"embeddable":true,"href":"https:\/\/blog-bobika.eu\/index.php?rest_route=\/wp\/v2\/pages\/2143"}],"wp:attachment":[{"href":"https:\/\/blog-bobika.eu\/index.php?rest_route=%2Fwp%2Fv2%2Fmedia&parent=2443"}],"curies":[{"name":"wp","href":"https:\/\/api.w.org\/{rel}","templated":true}]}}