{"id":2441,"date":"2015-08-24T18:28:34","date_gmt":"2015-08-24T16:28:34","guid":{"rendered":"http:\/\/blog-bobika.eu\/?page_id=2441"},"modified":"2015-08-24T18:28:34","modified_gmt":"2015-08-24T16:28:34","slug":"prosba-wieznia","status":"publish","type":"page","link":"https:\/\/blog-bobika.eu\/?page_id=2441","title":{"rendered":"Pro\u015bba wi\u0119\u017ania"},"content":{"rendered":"<p>Cho\u0107 gro\u017c\u0105 mi drobn\u0105 przebie\u017ck\u0105<br \/>\nw kierunku pomieszcze\u0144 bez s\u0142o\u0144ca.<br \/>\nja s\u0142odki moherek z mere\u017ck\u0105<br \/>\nopiewa\u0107 mam zamiar bez ko\u0144ca!<\/p>\n<p>Moherek nie tylko wszak baz\u0105<br \/>\ni wiernym rydzyjka jest echem,<br \/>\non tak\u017ce dla ducha oaz\u0105,<br \/>\nod znanych miazmat\u00f3w oddechem!<\/p>\n<p>I jaki\u017c prawdziwy esteta,<br \/>\npatriota-wielbiciel oberka,<br \/>\nczy polska, uczciwa kobieta<br \/>\nobejdzie si\u0119 dzi\u015b bez moherka?<\/p>\n<p>Dam z\u0119by przerobi\u0107 na chwiejne<br \/>\ni siedzie\u0107 te\u017c p\u00f3jd\u0119 z rozkosz\u0105,<br \/>\nz mere\u017ck\u0105 moherki kolejne<br \/>\nniech tylko mi w paczkach przynosz\u0105!<\/p>\n","protected":false},"excerpt":{"rendered":"<p>Cho\u0107 gro\u017c\u0105 mi drobn\u0105 przebie\u017ck\u0105 w kierunku pomieszcze\u0144 bez s\u0142o\u0144ca. ja s\u0142odki moherek z mere\u017ck\u0105 opiewa\u0107 mam zamiar bez ko\u0144ca! Moherek nie tylko wszak baz\u0105 i wiernym rydzyjka jest echem, on tak\u017ce dla ducha oaz\u0105, od znanych miazmat\u00f3w oddechem! I jaki\u017c prawdziwy esteta, patriota-wielbiciel oberka, czy polska, uczciwa kobieta obejdzie si\u0119 dzi\u015b bez moherka? Dam z\u0119by przerobi\u0107 na chwiejne i siedzie\u0107 te\u017c p\u00f3jd\u0119 z rozkosz\u0105, z mere\u017ck\u0105 moherki kolejne niech tylko mi w paczkach przynosz\u0105!<\/p>\n","protected":false},"author":274,"featured_media":0,"parent":2143,"menu_order":0,"comment_status":"open","ping_status":"open","template":"wiersze_polit.php","meta":{"footnotes":""},"class_list":["post-2441","page","type-page","status-publish","hentry"],"_links":{"self":[{"href":"https:\/\/blog-bobika.eu\/index.php?rest_route=\/wp\/v2\/pages\/2441","targetHints":{"allow":["GET"]}}],"collection":[{"href":"https:\/\/blog-bobika.eu\/index.php?rest_route=\/wp\/v2\/pages"}],"about":[{"href":"https:\/\/blog-bobika.eu\/index.php?rest_route=\/wp\/v2\/types\/page"}],"author":[{"embeddable":true,"href":"https:\/\/blog-bobika.eu\/index.php?rest_route=\/wp\/v2\/users\/274"}],"replies":[{"embeddable":true,"href":"https:\/\/blog-bobika.eu\/index.php?rest_route=%2Fwp%2Fv2%2Fcomments&post=2441"}],"version-history":[{"count":1,"href":"https:\/\/blog-bobika.eu\/index.php?rest_route=\/wp\/v2\/pages\/2441\/revisions"}],"predecessor-version":[{"id":2442,"href":"https:\/\/blog-bobika.eu\/index.php?rest_route=\/wp\/v2\/pages\/2441\/revisions\/2442"}],"up":[{"embeddable":true,"href":"https:\/\/blog-bobika.eu\/index.php?rest_route=\/wp\/v2\/pages\/2143"}],"wp:attachment":[{"href":"https:\/\/blog-bobika.eu\/index.php?rest_route=%2Fwp%2Fv2%2Fmedia&parent=2441"}],"curies":[{"name":"wp","href":"https:\/\/api.w.org\/{rel}","templated":true}]}}