{"id":2437,"date":"2015-08-24T18:26:02","date_gmt":"2015-08-24T16:26:02","guid":{"rendered":"http:\/\/blog-bobika.eu\/?page_id=2437"},"modified":"2015-08-24T18:26:02","modified_gmt":"2015-08-24T16:26:02","slug":"program","status":"publish","type":"page","link":"https:\/\/blog-bobika.eu\/?page_id=2437","title":{"rendered":"Program"},"content":{"rendered":"<p>M\u00f3j program wyborczy? Niech ujm\u0119 to skromnie:<br \/>\nja, mn\u0105, dla mnie, ze mn\u0105 i &#8211; jasna rzecz &#8211; o mnie.<br \/>\nKa\u017cdemu wyborcy to, o czym zamarz\u0119<br \/>\n(nie zechce? Ju\u017c ja mu niechcenie poka\u017c\u0119!),<br \/>\nka\u017cdemu patriocie \u0107wier\u0107 or\u0142a do garnka,<br \/>\nza\u015b dla ducha czasu po\u0142owa zegarka,<br \/>\ndla ka\u017cdej warto\u015bci miejsc\u00f3wka w praw zbiorze,<br \/>\ndla obcych darmowy bilecik za morze,<br \/>\ndla os\u0142\u00f3w spragnionych s\u0142\u00f3w wielkich cysterna,<br \/>\nnad wszystkim ogromna za\u015b ma sempiterna.<br \/>\n\u017be co? Kto\u015b ju\u017c wyszed\u0142 z podobnym programem?<br \/>\nM\u00f3j program! By kra\u015b\u0107 go to trzeba by\u0107 chamem!<\/p>\n","protected":false},"excerpt":{"rendered":"<p>M\u00f3j program wyborczy? Niech ujm\u0119 to skromnie: ja, mn\u0105, dla mnie, ze mn\u0105 i &#8211; jasna rzecz &#8211; o mnie. Ka\u017cdemu wyborcy to, o czym zamarz\u0119 (nie zechce? Ju\u017c ja mu niechcenie poka\u017c\u0119!), ka\u017cdemu patriocie \u0107wier\u0107 or\u0142a do garnka, za\u015b dla ducha czasu po\u0142owa zegarka, dla ka\u017cdej warto\u015bci miejsc\u00f3wka w praw zbiorze, dla obcych darmowy bilecik za morze, dla os\u0142\u00f3w spragnionych s\u0142\u00f3w wielkich cysterna, nad wszystkim ogromna za\u015b ma sempiterna. \u017be co? Kto\u015b ju\u017c wyszed\u0142 z podobnym programem? M\u00f3j program! By kra\u015b\u0107 go to trzeba by\u0107 chamem!<\/p>\n","protected":false},"author":274,"featured_media":0,"parent":2143,"menu_order":0,"comment_status":"open","ping_status":"open","template":"wiersze_polit.php","meta":{"footnotes":""},"class_list":["post-2437","page","type-page","status-publish","hentry"],"_links":{"self":[{"href":"https:\/\/blog-bobika.eu\/index.php?rest_route=\/wp\/v2\/pages\/2437","targetHints":{"allow":["GET"]}}],"collection":[{"href":"https:\/\/blog-bobika.eu\/index.php?rest_route=\/wp\/v2\/pages"}],"about":[{"href":"https:\/\/blog-bobika.eu\/index.php?rest_route=\/wp\/v2\/types\/page"}],"author":[{"embeddable":true,"href":"https:\/\/blog-bobika.eu\/index.php?rest_route=\/wp\/v2\/users\/274"}],"replies":[{"embeddable":true,"href":"https:\/\/blog-bobika.eu\/index.php?rest_route=%2Fwp%2Fv2%2Fcomments&post=2437"}],"version-history":[{"count":1,"href":"https:\/\/blog-bobika.eu\/index.php?rest_route=\/wp\/v2\/pages\/2437\/revisions"}],"predecessor-version":[{"id":2438,"href":"https:\/\/blog-bobika.eu\/index.php?rest_route=\/wp\/v2\/pages\/2437\/revisions\/2438"}],"up":[{"embeddable":true,"href":"https:\/\/blog-bobika.eu\/index.php?rest_route=\/wp\/v2\/pages\/2143"}],"wp:attachment":[{"href":"https:\/\/blog-bobika.eu\/index.php?rest_route=%2Fwp%2Fv2%2Fmedia&parent=2437"}],"curies":[{"name":"wp","href":"https:\/\/api.w.org\/{rel}","templated":true}]}}