{"id":2435,"date":"2015-08-24T18:19:10","date_gmt":"2015-08-24T16:19:10","guid":{"rendered":"http:\/\/blog-bobika.eu\/?page_id=2435"},"modified":"2015-08-24T18:24:44","modified_gmt":"2015-08-24T16:24:44","slug":"program-z-muszka","status":"publish","type":"page","link":"https:\/\/blog-bobika.eu\/?page_id=2435","title":{"rendered":"Program z muszk\u0105"},"content":{"rendered":"<p>Mucha pod i muchy w nosie &#8211;<br \/>\nkto to zameldowa\u0142, kto si\u0119,<br \/>\nby w realnej, s\u0142usznej sprawie<br \/>\nprezydenci\u0107 nam \u0142askawie?<br \/>\n\u017badna mu nie grozi flauta:<br \/>\npoodpina pasy w autach,<br \/>\nzlikwiduje nam podatki,<br \/>\nz prawnych p\u0119t uwolni gatki,<br \/>\nbo sam ka\u017cdy winien wiedzie\u0107 &#8211;<br \/>\nchce w, czy bez gatek siedzie\u0107<br \/>\ni trza t\u0119pi\u0107 takie dra\u0144stwo,<br \/>\nby to narzuca\u0142o pa\u0144stwo.<br \/>\nDla bab Korwin si\u0119 postara<br \/>\nmiejsce znale\u017a\u0107. Gdzie? Przy garach,<br \/>\nprzy skarpetkach dla m\u0119\u017cusia,<br \/>\n\u017ceby pra\u0107 ich sam nie musia\u0142.<br \/>\nA w og\u00f3le nar\u00f3d ca\u0142y<br \/>\nuszcz\u0119\u015bliwi, \u017ce a\u017c ga\u0142y<br \/>\nmu wylez\u0105 z os\u0142upienia &#8211;<br \/>\npodczas ostatniego tchnienia.<br \/>\nJu\u017c poparcie OBOP bada:<br \/>\nprogram, \u017ce mucha nie siada.<\/p>\n","protected":false},"excerpt":{"rendered":"<p>Mucha pod i muchy w nosie &#8211; kto to zameldowa\u0142, kto si\u0119, by w realnej, s\u0142usznej sprawie prezydenci\u0107 nam \u0142askawie? \u017badna mu nie grozi flauta: poodpina pasy w autach, zlikwiduje nam podatki, z prawnych p\u0119t uwolni gatki, bo sam ka\u017cdy winien wiedzie\u0107 &#8211; chce w, czy bez gatek siedzie\u0107 i trza t\u0119pi\u0107 takie dra\u0144stwo, by to narzuca\u0142o pa\u0144stwo. Dla bab Korwin si\u0119 postara miejsce znale\u017a\u0107. Gdzie? Przy garach, przy skarpetkach dla m\u0119\u017cusia, \u017ceby pra\u0107 ich sam nie musia\u0142. A w og\u00f3le nar\u00f3d ca\u0142y uszcz\u0119\u015bliwi, \u017ce a\u017c ga\u0142y mu wylez\u0105 z os\u0142upienia &#8211; podczas ostatniego tchnienia. Ju\u017c poparcie OBOP bada: program, [&hellip;]<\/p>\n","protected":false},"author":274,"featured_media":0,"parent":2143,"menu_order":0,"comment_status":"open","ping_status":"open","template":"wiersze_polit.php","meta":{"footnotes":""},"class_list":["post-2435","page","type-page","status-publish","hentry"],"_links":{"self":[{"href":"https:\/\/blog-bobika.eu\/index.php?rest_route=\/wp\/v2\/pages\/2435","targetHints":{"allow":["GET"]}}],"collection":[{"href":"https:\/\/blog-bobika.eu\/index.php?rest_route=\/wp\/v2\/pages"}],"about":[{"href":"https:\/\/blog-bobika.eu\/index.php?rest_route=\/wp\/v2\/types\/page"}],"author":[{"embeddable":true,"href":"https:\/\/blog-bobika.eu\/index.php?rest_route=\/wp\/v2\/users\/274"}],"replies":[{"embeddable":true,"href":"https:\/\/blog-bobika.eu\/index.php?rest_route=%2Fwp%2Fv2%2Fcomments&post=2435"}],"version-history":[{"count":1,"href":"https:\/\/blog-bobika.eu\/index.php?rest_route=\/wp\/v2\/pages\/2435\/revisions"}],"predecessor-version":[{"id":2436,"href":"https:\/\/blog-bobika.eu\/index.php?rest_route=\/wp\/v2\/pages\/2435\/revisions\/2436"}],"up":[{"embeddable":true,"href":"https:\/\/blog-bobika.eu\/index.php?rest_route=\/wp\/v2\/pages\/2143"}],"wp:attachment":[{"href":"https:\/\/blog-bobika.eu\/index.php?rest_route=%2Fwp%2Fv2%2Fmedia&parent=2435"}],"curies":[{"name":"wp","href":"https:\/\/api.w.org\/{rel}","templated":true}]}}