{"id":2433,"date":"2015-08-24T18:18:05","date_gmt":"2015-08-24T16:18:05","guid":{"rendered":"http:\/\/blog-bobika.eu\/?page_id=2433"},"modified":"2015-08-24T18:18:05","modified_gmt":"2015-08-24T16:18:05","slug":"profesorcia-z-przytupem","status":"publish","type":"page","link":"https:\/\/blog-bobika.eu\/?page_id=2433","title":{"rendered":"Profesorcia z przytupem"},"content":{"rendered":"<p>Nos kochany Prezes<br \/>\ncudny jest, a ju\u015bci,<br \/>\ninsych polityk\u00f3w<br \/>\nbez gaci \u0142on pu\u015bci.<br \/>\nJu-hu!<\/p>\n<p>Nie zno sie na babach,<br \/>\nnie zno sie na ch\u0142opach,<br \/>\njak mo z nimi godo\u0107,<br \/>\nbierze c\u00f3\u015b na kopa.<br \/>\nJu-hu!<\/p>\n<p>Uwielbia \u0142on ludno\u015b\u0107,<br \/>\ndziecka i zwierz\u0119ta,<br \/>\nino po kampanii<br \/>\ntego nie pami\u0119ta.<br \/>\nJu-hu!<\/p>\n<p>Stworzony pon Prezes<br \/>\njest na boski \u0142obraz,<br \/>\nswom drugom po\u0142\u00f3wke<br \/>\nzrobi sobie z ziobra.<br \/>\nJu-hu!<\/p>\n<p>Szybsy \u0142on od kunia,<br \/>\nszczekliwsy \u0142od piesa,<br \/>\ndziouchy i ch\u0142opoki,<br \/>\nkochajta Prezesa!<br \/>\nJu-hu-dyna-dyna-siup!<\/p>\n","protected":false},"excerpt":{"rendered":"<p>Nos kochany Prezes cudny jest, a ju\u015bci, insych polityk\u00f3w bez gaci \u0142on pu\u015bci. Ju-hu! Nie zno sie na babach, nie zno sie na ch\u0142opach, jak mo z nimi godo\u0107, bierze c\u00f3\u015b na kopa. Ju-hu! Uwielbia \u0142on ludno\u015b\u0107, dziecka i zwierz\u0119ta, ino po kampanii tego nie pami\u0119ta. Ju-hu! Stworzony pon Prezes jest na boski \u0142obraz, swom drugom po\u0142\u00f3wke zrobi sobie z ziobra. Ju-hu! Szybsy \u0142on od kunia, szczekliwsy \u0142od piesa, dziouchy i ch\u0142opoki, kochajta Prezesa! Ju-hu-dyna-dyna-siup!<\/p>\n","protected":false},"author":274,"featured_media":0,"parent":2143,"menu_order":0,"comment_status":"open","ping_status":"open","template":"wiersze_polit.php","meta":{"footnotes":""},"class_list":["post-2433","page","type-page","status-publish","hentry"],"_links":{"self":[{"href":"https:\/\/blog-bobika.eu\/index.php?rest_route=\/wp\/v2\/pages\/2433","targetHints":{"allow":["GET"]}}],"collection":[{"href":"https:\/\/blog-bobika.eu\/index.php?rest_route=\/wp\/v2\/pages"}],"about":[{"href":"https:\/\/blog-bobika.eu\/index.php?rest_route=\/wp\/v2\/types\/page"}],"author":[{"embeddable":true,"href":"https:\/\/blog-bobika.eu\/index.php?rest_route=\/wp\/v2\/users\/274"}],"replies":[{"embeddable":true,"href":"https:\/\/blog-bobika.eu\/index.php?rest_route=%2Fwp%2Fv2%2Fcomments&post=2433"}],"version-history":[{"count":1,"href":"https:\/\/blog-bobika.eu\/index.php?rest_route=\/wp\/v2\/pages\/2433\/revisions"}],"predecessor-version":[{"id":2434,"href":"https:\/\/blog-bobika.eu\/index.php?rest_route=\/wp\/v2\/pages\/2433\/revisions\/2434"}],"up":[{"embeddable":true,"href":"https:\/\/blog-bobika.eu\/index.php?rest_route=\/wp\/v2\/pages\/2143"}],"wp:attachment":[{"href":"https:\/\/blog-bobika.eu\/index.php?rest_route=%2Fwp%2Fv2%2Fmedia&parent=2433"}],"curies":[{"name":"wp","href":"https:\/\/api.w.org\/{rel}","templated":true}]}}