{"id":2431,"date":"2015-08-24T18:17:16","date_gmt":"2015-08-24T16:17:16","guid":{"rendered":"http:\/\/blog-bobika.eu\/?page_id=2431"},"modified":"2015-08-24T18:17:16","modified_gmt":"2015-08-24T16:17:16","slug":"prezydent-i-premier","status":"publish","type":"page","link":"https:\/\/blog-bobika.eu\/?page_id=2431","title":{"rendered":"Prezydent i premier"},"content":{"rendered":"<p>Prezydent i premier &#8211;<br \/>\ndwa cia\u0142a, dwie g\u0142owy.<br \/>\nStosunek ich nie jest<br \/>\nzbytnio rozp\u0142odowy.<\/p>\n<p>Gdy koncepcja anty<br \/>\nw stosunku w gr\u0119 wchodzi,<br \/>\nzazwyczaj si\u0119 z tego<br \/>\nniewiele urodzi.<\/p>\n<p>Trudno wsp\u00f3\u0142\u017cy\u0107, kiedy<br \/>\nkto\u015b sam nie wybiera,<br \/>\ntylko mu wyborcy<br \/>\npodsun\u0105 partnera.<\/p>\n<p>Wi\u0119c mo\u017ce dla dobra<br \/>\ni przez stanu racj\u0119<br \/>\ntrzeba by na sztuczn\u0105<br \/>\nprzej\u015b\u0107 inseminacj\u0119?<\/p>\n","protected":false},"excerpt":{"rendered":"<p>Prezydent i premier &#8211; dwa cia\u0142a, dwie g\u0142owy. Stosunek ich nie jest zbytnio rozp\u0142odowy. Gdy koncepcja anty w stosunku w gr\u0119 wchodzi, zazwyczaj si\u0119 z tego niewiele urodzi. Trudno wsp\u00f3\u0142\u017cy\u0107, kiedy kto\u015b sam nie wybiera, tylko mu wyborcy podsun\u0105 partnera. Wi\u0119c mo\u017ce dla dobra i przez stanu racj\u0119 trzeba by na sztuczn\u0105 przej\u015b\u0107 inseminacj\u0119?<\/p>\n","protected":false},"author":274,"featured_media":0,"parent":2143,"menu_order":0,"comment_status":"open","ping_status":"open","template":"wiersze_polit.php","meta":{"footnotes":""},"class_list":["post-2431","page","type-page","status-publish","hentry"],"_links":{"self":[{"href":"https:\/\/blog-bobika.eu\/index.php?rest_route=\/wp\/v2\/pages\/2431","targetHints":{"allow":["GET"]}}],"collection":[{"href":"https:\/\/blog-bobika.eu\/index.php?rest_route=\/wp\/v2\/pages"}],"about":[{"href":"https:\/\/blog-bobika.eu\/index.php?rest_route=\/wp\/v2\/types\/page"}],"author":[{"embeddable":true,"href":"https:\/\/blog-bobika.eu\/index.php?rest_route=\/wp\/v2\/users\/274"}],"replies":[{"embeddable":true,"href":"https:\/\/blog-bobika.eu\/index.php?rest_route=%2Fwp%2Fv2%2Fcomments&post=2431"}],"version-history":[{"count":1,"href":"https:\/\/blog-bobika.eu\/index.php?rest_route=\/wp\/v2\/pages\/2431\/revisions"}],"predecessor-version":[{"id":2432,"href":"https:\/\/blog-bobika.eu\/index.php?rest_route=\/wp\/v2\/pages\/2431\/revisions\/2432"}],"up":[{"embeddable":true,"href":"https:\/\/blog-bobika.eu\/index.php?rest_route=\/wp\/v2\/pages\/2143"}],"wp:attachment":[{"href":"https:\/\/blog-bobika.eu\/index.php?rest_route=%2Fwp%2Fv2%2Fmedia&parent=2431"}],"curies":[{"name":"wp","href":"https:\/\/api.w.org\/{rel}","templated":true}]}}