{"id":2425,"date":"2015-08-24T18:07:08","date_gmt":"2015-08-24T16:07:08","guid":{"rendered":"http:\/\/blog-bobika.eu\/?page_id=2425"},"modified":"2015-08-24T18:07:08","modified_gmt":"2015-08-24T16:07:08","slug":"pozny-wnuk","status":"publish","type":"page","link":"https:\/\/blog-bobika.eu\/?page_id=2425","title":{"rendered":"P\u00f3\u017any wnuk"},"content":{"rendered":"<p>P\u00f3\u017any wnuk ju\u017c uchem strzy\u017ce:<br \/>\nprzewr\u00f3t? Super! Mo\u017ce z krzy\u017cem?<br \/>\nNa przyk\u0142ady nie ma rady,<br \/>\ntrzeba wci\u0105\u017c odprawia\u0107 Dziady,<br \/>\ntrzeba m\u0119\u017cnie ci\u0105gle nowe<br \/>\narie wy\u0107 operetkowe,<br \/>\ntrzeba g\u0142odne paszcze zatka\u0107<br \/>\n&#8211; tu endecji k\u0119s, tam Dziadka &#8211;<br \/>\ni prezencj\u0119 znakomit\u0105<br \/>\nte\u017c mie\u0107 trzeba, jak Benito&#8230;<br \/>\nSt\u0105d nauka jest dla wnuka:<br \/>\nc\u00f3\u017c, \u017ce wok\u00f3\u0142 zapach zbuka,<br \/>\nbrzydki cie\u0144 na aparycji&#8230;<br \/>\nWa\u017cny szacun dla tradycji!<\/p>\n","protected":false},"excerpt":{"rendered":"<p>P\u00f3\u017any wnuk ju\u017c uchem strzy\u017ce: przewr\u00f3t? Super! Mo\u017ce z krzy\u017cem? Na przyk\u0142ady nie ma rady, trzeba wci\u0105\u017c odprawia\u0107 Dziady, trzeba m\u0119\u017cnie ci\u0105gle nowe arie wy\u0107 operetkowe, trzeba g\u0142odne paszcze zatka\u0107 &#8211; tu endecji k\u0119s, tam Dziadka &#8211; i prezencj\u0119 znakomit\u0105 te\u017c mie\u0107 trzeba, jak Benito&#8230; St\u0105d nauka jest dla wnuka: c\u00f3\u017c, \u017ce wok\u00f3\u0142 zapach zbuka, brzydki cie\u0144 na aparycji&#8230; Wa\u017cny szacun dla tradycji!<\/p>\n","protected":false},"author":274,"featured_media":0,"parent":2143,"menu_order":0,"comment_status":"open","ping_status":"open","template":"wiersze_polit.php","meta":{"footnotes":""},"class_list":["post-2425","page","type-page","status-publish","hentry"],"_links":{"self":[{"href":"https:\/\/blog-bobika.eu\/index.php?rest_route=\/wp\/v2\/pages\/2425","targetHints":{"allow":["GET"]}}],"collection":[{"href":"https:\/\/blog-bobika.eu\/index.php?rest_route=\/wp\/v2\/pages"}],"about":[{"href":"https:\/\/blog-bobika.eu\/index.php?rest_route=\/wp\/v2\/types\/page"}],"author":[{"embeddable":true,"href":"https:\/\/blog-bobika.eu\/index.php?rest_route=\/wp\/v2\/users\/274"}],"replies":[{"embeddable":true,"href":"https:\/\/blog-bobika.eu\/index.php?rest_route=%2Fwp%2Fv2%2Fcomments&post=2425"}],"version-history":[{"count":1,"href":"https:\/\/blog-bobika.eu\/index.php?rest_route=\/wp\/v2\/pages\/2425\/revisions"}],"predecessor-version":[{"id":2426,"href":"https:\/\/blog-bobika.eu\/index.php?rest_route=\/wp\/v2\/pages\/2425\/revisions\/2426"}],"up":[{"embeddable":true,"href":"https:\/\/blog-bobika.eu\/index.php?rest_route=\/wp\/v2\/pages\/2143"}],"wp:attachment":[{"href":"https:\/\/blog-bobika.eu\/index.php?rest_route=%2Fwp%2Fv2%2Fmedia&parent=2425"}],"curies":[{"name":"wp","href":"https:\/\/api.w.org\/{rel}","templated":true}]}}