{"id":2421,"date":"2015-08-24T18:01:19","date_gmt":"2015-08-24T16:01:19","guid":{"rendered":"http:\/\/blog-bobika.eu\/?page_id=2421"},"modified":"2015-08-24T18:01:19","modified_gmt":"2015-08-24T16:01:19","slug":"pomnik-chrystusa-dodatek","status":"publish","type":"page","link":"https:\/\/blog-bobika.eu\/?page_id=2421","title":{"rendered":"Pomnik Chrystusa &#8211; dodatek"},"content":{"rendered":"<p>My\u015bla\u0142 Chrystus, \u017ce ju\u017c \u017cycie b\u0119dzie mia\u0142 bezpieczne,<br \/>\na tu co\u015b si\u0119 alienuje z przestrzeni powietrznej<br \/>\ni tak g\u0142o\u015bno leci w swoim lataj\u0105cym spodku,<br \/>\n\u017ce si\u0119 z tego Chrystusowi mi\u0119tko robi w \u015brodku.<br \/>\nJu\u017c l\u0105duje i ze spodka dziwny typ wy\u0142azi,<br \/>\ng\u0142ow\u0119 ca\u0142\u0105 ma z zielonej rozglamdzianej mazi<br \/>\ni nic wi\u0119cej opr\u00f3cz g\u0142owy, ni brzucha, ni zadka,<br \/>\na\u017c dziw jak potwor\u0119 tak\u0105 urodzi\u0142a matka.<br \/>\nDo Chrystusa sunie w dyrdy i nawija z krzykiem,<br \/>\n\u017ce jest z Gwiazdy Kasjopei wa\u017cnym wys\u0142annikiem,<br \/>\n\u017ce tam straszne bezkr\u00f3lewie wesp\u00f3\u0142 z bezho\u0142owiem,<br \/>\na\u017c od tego hadko ka\u017cdej kasjopejskiej g\u0142owie,<br \/>\nwi\u0119c zachodzi taka wy\u017csza konieczno\u015b\u0107 niestety,<br \/>\nby Wszech\u015bwiata Kr\u00f3l wsiad\u0142 szybko do tej tu rakiety.<br \/>\nJak si\u0119 Chrystus nie odwinie, jak nie walnie dziada,<br \/>\ncedz\u0105c przez mocarne z\u0119by jedno s\u0142owo: &#8222;spadaj!&#8221;<br \/>\ni dodaj\u0105c po namy\u015ble: &#8222;nie lec\u0119, a gdzie\u017cby!<br \/>\nMilsze mi od waszej glamdzi s\u0105 p\u0142acz\u0105ce wierzby,<br \/>\na ju\u017c bycie waszym kr\u00f3lem wcale mnie nie wzrusza,<br \/>\nbo nie macie w tym kosmosie Ojca Tadeusza&#8221;.<br \/>\nNa te s\u0142owa j\u0119kn\u0105\u0142 alien &#8222;o, okrutny \u015bwiecie,<br \/>\nteraz widz\u0119, czego brak nam na naszej planecie,<br \/>\nteraz widz\u0119, kto wszech\u015bwiatu bardziej si\u0119 zas\u0142u\u017cy\u0142<br \/>\ni na kr\u00f3la sposobniejszy, cho\u0107 nie taki du\u017cy.<br \/>\nTo nie b\u0119d\u0119 ju\u017c, Chrystusie, g\u0142owy ci zawraca\u0142,<br \/>\na odszukam Dyrektora w tych jego pa\u0142acach<br \/>\ni poprosz\u0119 &#8211; z rewerencj\u0105, bo to wa\u017cny go\u015bcio &#8211;<br \/>\nby by\u0142 kr\u00f3lem naszej glamdzi razem z przyleg\u0142o\u015bci\u0105.<\/p>\n<p>Wsiad\u0142 do spodka, w \u017cadn\u0105 wi\u0119cej nie wdaj\u0105c si\u0119 scysj\u0119<br \/>\ni odlecia\u0142 do Torunia sw\u0105 wype\u0142ni\u0107 misj\u0119,<br \/>\nChrystus za\u015b roz\u0142o\u017cy\u0142 r\u0119ce i krzykn\u0105\u0142 rado\u015bnie:<br \/>\nHura! Wreszcie konkurencj\u0119 sp\u0142awi\u0119 gdzie pieprz ro\u015bnie! <\/p>\n","protected":false},"excerpt":{"rendered":"<p>My\u015bla\u0142 Chrystus, \u017ce ju\u017c \u017cycie b\u0119dzie mia\u0142 bezpieczne, a tu co\u015b si\u0119 alienuje z przestrzeni powietrznej i tak g\u0142o\u015bno leci w swoim lataj\u0105cym spodku, \u017ce si\u0119 z tego Chrystusowi mi\u0119tko robi w \u015brodku. Ju\u017c l\u0105duje i ze spodka dziwny typ wy\u0142azi, g\u0142ow\u0119 ca\u0142\u0105 ma z zielonej rozglamdzianej mazi i nic wi\u0119cej opr\u00f3cz g\u0142owy, ni brzucha, ni zadka, a\u017c dziw jak potwor\u0119 tak\u0105 urodzi\u0142a matka. Do Chrystusa sunie w dyrdy i nawija z krzykiem, \u017ce jest z Gwiazdy Kasjopei wa\u017cnym wys\u0142annikiem, \u017ce tam straszne bezkr\u00f3lewie wesp\u00f3\u0142 z bezho\u0142owiem, a\u017c od tego hadko ka\u017cdej kasjopejskiej g\u0142owie, wi\u0119c zachodzi taka wy\u017csza konieczno\u015b\u0107 niestety, [&hellip;]<\/p>\n","protected":false},"author":274,"featured_media":0,"parent":2143,"menu_order":0,"comment_status":"open","ping_status":"open","template":"wiersze_polit.php","meta":{"footnotes":""},"class_list":["post-2421","page","type-page","status-publish","hentry"],"_links":{"self":[{"href":"https:\/\/blog-bobika.eu\/index.php?rest_route=\/wp\/v2\/pages\/2421","targetHints":{"allow":["GET"]}}],"collection":[{"href":"https:\/\/blog-bobika.eu\/index.php?rest_route=\/wp\/v2\/pages"}],"about":[{"href":"https:\/\/blog-bobika.eu\/index.php?rest_route=\/wp\/v2\/types\/page"}],"author":[{"embeddable":true,"href":"https:\/\/blog-bobika.eu\/index.php?rest_route=\/wp\/v2\/users\/274"}],"replies":[{"embeddable":true,"href":"https:\/\/blog-bobika.eu\/index.php?rest_route=%2Fwp%2Fv2%2Fcomments&post=2421"}],"version-history":[{"count":1,"href":"https:\/\/blog-bobika.eu\/index.php?rest_route=\/wp\/v2\/pages\/2421\/revisions"}],"predecessor-version":[{"id":2422,"href":"https:\/\/blog-bobika.eu\/index.php?rest_route=\/wp\/v2\/pages\/2421\/revisions\/2422"}],"up":[{"embeddable":true,"href":"https:\/\/blog-bobika.eu\/index.php?rest_route=\/wp\/v2\/pages\/2143"}],"wp:attachment":[{"href":"https:\/\/blog-bobika.eu\/index.php?rest_route=%2Fwp%2Fv2%2Fmedia&parent=2421"}],"curies":[{"name":"wp","href":"https:\/\/api.w.org\/{rel}","templated":true}]}}