{"id":2413,"date":"2015-08-24T17:43:41","date_gmt":"2015-08-24T15:43:41","guid":{"rendered":"http:\/\/blog-bobika.eu\/?page_id=2413"},"modified":"2015-08-24T17:43:41","modified_gmt":"2015-08-24T15:43:41","slug":"polsk-osc","status":"publish","type":"page","link":"https:\/\/blog-bobika.eu\/?page_id=2413","title":{"rendered":"Polsk&#8230;o\u015b\u0107"},"content":{"rendered":"<p>Polski tw\u00f3rca zajada\u0142 dzwonko polskiej ryby,<br \/>\nwtem go zacz\u0119\u0142o d\u0142awi\u0107 cosik nie na niby.<br \/>\n&#8211; Czym si\u0119 dusisz? &#8211; pytanie si\u0119 wyrwa\u0142o go\u015bciom.<br \/>\nNa to tw\u00f3rca, ju\u017c siny, zacharcza\u0142 &#8211; polsk&#8230;o\u015bci\u0105! <\/p>\n","protected":false},"excerpt":{"rendered":"<p>Polski tw\u00f3rca zajada\u0142 dzwonko polskiej ryby, wtem go zacz\u0119\u0142o d\u0142awi\u0107 cosik nie na niby. &#8211; Czym si\u0119 dusisz? &#8211; pytanie si\u0119 wyrwa\u0142o go\u015bciom. Na to tw\u00f3rca, ju\u017c siny, zacharcza\u0142 &#8211; polsk&#8230;o\u015bci\u0105!<\/p>\n","protected":false},"author":274,"featured_media":0,"parent":2143,"menu_order":0,"comment_status":"open","ping_status":"open","template":"wiersze_polit.php","meta":{"footnotes":""},"class_list":["post-2413","page","type-page","status-publish","hentry"],"_links":{"self":[{"href":"https:\/\/blog-bobika.eu\/index.php?rest_route=\/wp\/v2\/pages\/2413","targetHints":{"allow":["GET"]}}],"collection":[{"href":"https:\/\/blog-bobika.eu\/index.php?rest_route=\/wp\/v2\/pages"}],"about":[{"href":"https:\/\/blog-bobika.eu\/index.php?rest_route=\/wp\/v2\/types\/page"}],"author":[{"embeddable":true,"href":"https:\/\/blog-bobika.eu\/index.php?rest_route=\/wp\/v2\/users\/274"}],"replies":[{"embeddable":true,"href":"https:\/\/blog-bobika.eu\/index.php?rest_route=%2Fwp%2Fv2%2Fcomments&post=2413"}],"version-history":[{"count":1,"href":"https:\/\/blog-bobika.eu\/index.php?rest_route=\/wp\/v2\/pages\/2413\/revisions"}],"predecessor-version":[{"id":2414,"href":"https:\/\/blog-bobika.eu\/index.php?rest_route=\/wp\/v2\/pages\/2413\/revisions\/2414"}],"up":[{"embeddable":true,"href":"https:\/\/blog-bobika.eu\/index.php?rest_route=\/wp\/v2\/pages\/2143"}],"wp:attachment":[{"href":"https:\/\/blog-bobika.eu\/index.php?rest_route=%2Fwp%2Fv2%2Fmedia&parent=2413"}],"curies":[{"name":"wp","href":"https:\/\/api.w.org\/{rel}","templated":true}]}}