{"id":2409,"date":"2015-08-24T17:39:27","date_gmt":"2015-08-24T15:39:27","guid":{"rendered":"http:\/\/blog-bobika.eu\/?page_id=2409"},"modified":"2015-08-24T17:39:27","modified_gmt":"2015-08-24T15:39:27","slug":"podejrzany","status":"publish","type":"page","link":"https:\/\/blog-bobika.eu\/?page_id=2409","title":{"rendered":"Podejrzany"},"content":{"rendered":"<p>Siedz\u0119 w kr\u0119gu podejrzanych,<br \/>\ngdzie si\u0119 czai Hupka,<br \/>\nstraszniem jest zdenerwowany,<br \/>\na\u017c mnie bol\u0105 dr\u00f3bka.<\/p>\n<p>Cho\u0107 my\u015bla\u0142em \u201ckij im w oko.<br \/>\nto nie moje scysje\u201d,<br \/>\nteraz pewnie mnie zawlok\u0105<br \/>\nprzed \u015bledcz\u0105 komisj\u0119.<\/p>\n<p>Futro czarne mi opluj\u0105,<br \/>\nsrebrny g\u0142osik skradn\u0105,<br \/>\ndziadka z babci\u0105 nie daruj\u0105,<br \/>\na\u017c ca\u0142kiem nie padn\u0105.<\/p>\n<p>Lecz gdy wyjd\u0119, dobry Bo\u017ce,<br \/>\nca\u0142o z tej kaszany,<br \/>\nto si\u0119 spr\u0119\u017c\u0119 i za\u0142o\u017c\u0119<br \/>\nZwi\u0105zek Podejrzanych!<\/p>\n","protected":false},"excerpt":{"rendered":"<p>Siedz\u0119 w kr\u0119gu podejrzanych, gdzie si\u0119 czai Hupka, straszniem jest zdenerwowany, a\u017c mnie bol\u0105 dr\u00f3bka. Cho\u0107 my\u015bla\u0142em \u201ckij im w oko. to nie moje scysje\u201d, teraz pewnie mnie zawlok\u0105 przed \u015bledcz\u0105 komisj\u0119. Futro czarne mi opluj\u0105, srebrny g\u0142osik skradn\u0105, dziadka z babci\u0105 nie daruj\u0105, a\u017c ca\u0142kiem nie padn\u0105. Lecz gdy wyjd\u0119, dobry Bo\u017ce, ca\u0142o z tej kaszany, to si\u0119 spr\u0119\u017c\u0119 i za\u0142o\u017c\u0119 Zwi\u0105zek Podejrzanych!<\/p>\n","protected":false},"author":274,"featured_media":0,"parent":2143,"menu_order":0,"comment_status":"open","ping_status":"open","template":"wiersze_polit.php","meta":{"footnotes":""},"class_list":["post-2409","page","type-page","status-publish","hentry"],"_links":{"self":[{"href":"https:\/\/blog-bobika.eu\/index.php?rest_route=\/wp\/v2\/pages\/2409","targetHints":{"allow":["GET"]}}],"collection":[{"href":"https:\/\/blog-bobika.eu\/index.php?rest_route=\/wp\/v2\/pages"}],"about":[{"href":"https:\/\/blog-bobika.eu\/index.php?rest_route=\/wp\/v2\/types\/page"}],"author":[{"embeddable":true,"href":"https:\/\/blog-bobika.eu\/index.php?rest_route=\/wp\/v2\/users\/274"}],"replies":[{"embeddable":true,"href":"https:\/\/blog-bobika.eu\/index.php?rest_route=%2Fwp%2Fv2%2Fcomments&post=2409"}],"version-history":[{"count":1,"href":"https:\/\/blog-bobika.eu\/index.php?rest_route=\/wp\/v2\/pages\/2409\/revisions"}],"predecessor-version":[{"id":2410,"href":"https:\/\/blog-bobika.eu\/index.php?rest_route=\/wp\/v2\/pages\/2409\/revisions\/2410"}],"up":[{"embeddable":true,"href":"https:\/\/blog-bobika.eu\/index.php?rest_route=\/wp\/v2\/pages\/2143"}],"wp:attachment":[{"href":"https:\/\/blog-bobika.eu\/index.php?rest_route=%2Fwp%2Fv2%2Fmedia&parent=2409"}],"curies":[{"name":"wp","href":"https:\/\/api.w.org\/{rel}","templated":true}]}}