{"id":2407,"date":"2015-08-24T17:32:14","date_gmt":"2015-08-24T15:32:14","guid":{"rendered":"http:\/\/blog-bobika.eu\/?page_id=2407"},"modified":"2015-08-24T17:32:14","modified_gmt":"2015-08-24T15:32:14","slug":"plodna-ballada","status":"publish","type":"page","link":"https:\/\/blog-bobika.eu\/?page_id=2407","title":{"rendered":"P\u0142odna ballada"},"content":{"rendered":"<p>Ballada p\u0142odna, p\u0142odna ballada,<br \/>\nbo w dni niep\u0142odne to nie wypada.<br \/>\nId\u0119 do \u0142\u00f3\u017cka, my\u015bl\u0119, \u017ce luz&#8230;<br \/>\na tu ma\u0142\u017conka posiada \u015bluz.<\/p>\n<p>Ach, \u015bluz, \u015bluz, rany boskie&#8230;<br \/>\nRany boskie!<\/p>\n<p>Mo\u017ce nie \u015bluz to, mo\u017ce mg\u0142y opar,<br \/>\ndam sobie rady, bom kawa\u0142 ch\u0142opa,<br \/>\nzaraz ma\u0142\u017conk\u0119 rozdziej\u0119 z bluz&#8230;<br \/>\nJasna cholera, a jednak \u015bluz!<\/p>\n<p>Ach, \u015bluz, \u015bluz, rany boskie&#8230;<br \/>\nRany boskie!<\/p>\n<p>Szybko wybieram najlepsz\u0105 z taktyk,<br \/>\nby w trakcie aktu ustali\u0107 fakty,<br \/>\nw \u0142o\u017ce ma\u0142\u017ce\u0144skie daj\u0119 wi\u0119c szus&#8230;<br \/>\ni w po\u015blizg wpadam, bo wsz\u0119dzie \u015bluz.<\/p>\n<p>Ach, \u015bluz, \u015bluz, rany boskie&#8230;<br \/>\nRany boskie!<\/p>\n<p>Chc\u0119 wi\u0119c zaliczy\u0107 drug\u0105 kolejk\u0119,<br \/>\nznowu szus robi\u0119, poprzez naklejk\u0119,<br \/>\nnagle krew w \u017cy\u0142ach \u015bcina mi mr\u00f3z&#8230;<br \/>\nBia\u0142a naklejka, obfity \u015bluz.<\/p>\n<p>Ach, \u015bluz, \u015bluz, rany boskie&#8230;<br \/>\nRany boskie!<\/p>\n<p>Jak si\u0119 wygrzeba\u0107 spod seksu gruz\u00f3w,<br \/>\ngdy \u015bwiat si\u0119 wok\u00f3\u0142 lepi od \u015bluzu,<br \/>\ngdy mnie dopada ma\u0142\u017ce\u0144ski blues&#8230;<br \/>\nJak tu si\u0119 przedrze\u0107 przez \u015blubny \u015bluz?  <\/p>\n<p>Ach, \u015bluz, \u015bluz, rany boskie&#8230;<br \/>\nRany boskie!<\/p>\n","protected":false},"excerpt":{"rendered":"<p>Ballada p\u0142odna, p\u0142odna ballada, bo w dni niep\u0142odne to nie wypada. Id\u0119 do \u0142\u00f3\u017cka, my\u015bl\u0119, \u017ce luz&#8230; a tu ma\u0142\u017conka posiada \u015bluz. Ach, \u015bluz, \u015bluz, rany boskie&#8230; Rany boskie! Mo\u017ce nie \u015bluz to, mo\u017ce mg\u0142y opar, dam sobie rady, bom kawa\u0142 ch\u0142opa, zaraz ma\u0142\u017conk\u0119 rozdziej\u0119 z bluz&#8230; Jasna cholera, a jednak \u015bluz! Ach, \u015bluz, \u015bluz, rany boskie&#8230; Rany boskie! Szybko wybieram najlepsz\u0105 z taktyk, by w trakcie aktu ustali\u0107 fakty, w \u0142o\u017ce ma\u0142\u017ce\u0144skie daj\u0119 wi\u0119c szus&#8230; i w po\u015blizg wpadam, bo wsz\u0119dzie \u015bluz. Ach, \u015bluz, \u015bluz, rany boskie&#8230; Rany boskie! Chc\u0119 wi\u0119c zaliczy\u0107 drug\u0105 kolejk\u0119, znowu szus robi\u0119, poprzez naklejk\u0119, [&hellip;]<\/p>\n","protected":false},"author":274,"featured_media":0,"parent":2143,"menu_order":0,"comment_status":"open","ping_status":"open","template":"wiersze_polit.php","meta":{"footnotes":""},"class_list":["post-2407","page","type-page","status-publish","hentry"],"_links":{"self":[{"href":"https:\/\/blog-bobika.eu\/index.php?rest_route=\/wp\/v2\/pages\/2407","targetHints":{"allow":["GET"]}}],"collection":[{"href":"https:\/\/blog-bobika.eu\/index.php?rest_route=\/wp\/v2\/pages"}],"about":[{"href":"https:\/\/blog-bobika.eu\/index.php?rest_route=\/wp\/v2\/types\/page"}],"author":[{"embeddable":true,"href":"https:\/\/blog-bobika.eu\/index.php?rest_route=\/wp\/v2\/users\/274"}],"replies":[{"embeddable":true,"href":"https:\/\/blog-bobika.eu\/index.php?rest_route=%2Fwp%2Fv2%2Fcomments&post=2407"}],"version-history":[{"count":1,"href":"https:\/\/blog-bobika.eu\/index.php?rest_route=\/wp\/v2\/pages\/2407\/revisions"}],"predecessor-version":[{"id":2408,"href":"https:\/\/blog-bobika.eu\/index.php?rest_route=\/wp\/v2\/pages\/2407\/revisions\/2408"}],"up":[{"embeddable":true,"href":"https:\/\/blog-bobika.eu\/index.php?rest_route=\/wp\/v2\/pages\/2143"}],"wp:attachment":[{"href":"https:\/\/blog-bobika.eu\/index.php?rest_route=%2Fwp%2Fv2%2Fmedia&parent=2407"}],"curies":[{"name":"wp","href":"https:\/\/api.w.org\/{rel}","templated":true}]}}