{"id":2401,"date":"2015-08-24T17:29:25","date_gmt":"2015-08-24T15:29:25","guid":{"rendered":"http:\/\/blog-bobika.eu\/?page_id=2401"},"modified":"2015-08-24T17:29:25","modified_gmt":"2015-08-24T15:29:25","slug":"petycja-w-sprawie-pogody","status":"publish","type":"page","link":"https:\/\/blog-bobika.eu\/?page_id=2401","title":{"rendered":"Petycja w sprawie pogody"},"content":{"rendered":"<p>Jest pewna ustrojowa luka,<br \/>\nkt\u00f3r\u0105 odkry\u0142em w\u0142a\u015bnie teraz &#8211;<br \/>\ng\u0142\u0119boko chyba jest nies\u0142uszne,<br \/>\n\u017ce si\u0119 pogody nie wybiera.<\/p>\n<p>Kto\u015b za plecami nam rozstrzyga,<br \/>\nczy wygra susza, czy ulewa,<br \/>\nzi\u0105b zapanuje, czy te\u017c upa\u0142<br \/>\ni czy wiatr b\u0119dzie czapki zwiewa\u0142.<\/p>\n<p>To wszystko, jak si\u0119 zastanowi\u0107,<br \/>\npo prostu kupy si\u0119 nie trzyma,<br \/>\nw ko\u0144cu nie po to skaka\u0142 Lechu,<br \/>\nby nas za pyski dzier\u017cy\u0142 klimat.<\/p>\n<p>To b\u0142\u0105d, od zbrodni nawet gorszy,<br \/>\nbo tak by by\u0142o mi\u0142o, gdyby<br \/>\nw demokratycznym g\u0142osowaniu<br \/>\nwprowadzi\u0107 zim\u0105 Karaiby.<\/p>\n<p>Z cyklonem lub orkanem innym<br \/>\ntak\u017ce by sprawa by\u0142a prosta,<br \/>\nw \u017cadnym uczciwym g\u0142osowaniu<br \/>\nnie mia\u0142by szans ten typ si\u0119 osta\u0107.<\/p>\n<p>Kwiatki by kwit\u0142y przez rok ca\u0142y,<br \/>\nrolnik by mia\u0142 \u0142atwiejsz\u0105 prac\u0119<br \/>\ni nikt nie musia\u0142by narzeka\u0107,<br \/>\n\u017ce w pluch\u0119 ci\u0105gnie pies na spacer.<\/p>\n<p>Wi\u0119c niech petycj\u0119 t\u0119 podpisze<br \/>\nka\u017cdy, kto mi przyznaje racj\u0119:<br \/>\nw kwestii pogody wreszcie trzeba<br \/>\nwprowadzi\u0107 pe\u0142n\u0105 demokracj\u0119.<\/p>\n","protected":false},"excerpt":{"rendered":"<p>Jest pewna ustrojowa luka, kt\u00f3r\u0105 odkry\u0142em w\u0142a\u015bnie teraz &#8211; g\u0142\u0119boko chyba jest nies\u0142uszne, \u017ce si\u0119 pogody nie wybiera. Kto\u015b za plecami nam rozstrzyga, czy wygra susza, czy ulewa, zi\u0105b zapanuje, czy te\u017c upa\u0142 i czy wiatr b\u0119dzie czapki zwiewa\u0142. To wszystko, jak si\u0119 zastanowi\u0107, po prostu kupy si\u0119 nie trzyma, w ko\u0144cu nie po to skaka\u0142 Lechu, by nas za pyski dzier\u017cy\u0142 klimat. To b\u0142\u0105d, od zbrodni nawet gorszy, bo tak by by\u0142o mi\u0142o, gdyby w demokratycznym g\u0142osowaniu wprowadzi\u0107 zim\u0105 Karaiby. Z cyklonem lub orkanem innym tak\u017ce by sprawa by\u0142a prosta, w \u017cadnym uczciwym g\u0142osowaniu nie mia\u0142by szans ten typ [&hellip;]<\/p>\n","protected":false},"author":274,"featured_media":0,"parent":2143,"menu_order":0,"comment_status":"open","ping_status":"open","template":"wiersze_polit.php","meta":{"footnotes":""},"class_list":["post-2401","page","type-page","status-publish","hentry"],"_links":{"self":[{"href":"https:\/\/blog-bobika.eu\/index.php?rest_route=\/wp\/v2\/pages\/2401","targetHints":{"allow":["GET"]}}],"collection":[{"href":"https:\/\/blog-bobika.eu\/index.php?rest_route=\/wp\/v2\/pages"}],"about":[{"href":"https:\/\/blog-bobika.eu\/index.php?rest_route=\/wp\/v2\/types\/page"}],"author":[{"embeddable":true,"href":"https:\/\/blog-bobika.eu\/index.php?rest_route=\/wp\/v2\/users\/274"}],"replies":[{"embeddable":true,"href":"https:\/\/blog-bobika.eu\/index.php?rest_route=%2Fwp%2Fv2%2Fcomments&post=2401"}],"version-history":[{"count":1,"href":"https:\/\/blog-bobika.eu\/index.php?rest_route=\/wp\/v2\/pages\/2401\/revisions"}],"predecessor-version":[{"id":2402,"href":"https:\/\/blog-bobika.eu\/index.php?rest_route=\/wp\/v2\/pages\/2401\/revisions\/2402"}],"up":[{"embeddable":true,"href":"https:\/\/blog-bobika.eu\/index.php?rest_route=\/wp\/v2\/pages\/2143"}],"wp:attachment":[{"href":"https:\/\/blog-bobika.eu\/index.php?rest_route=%2Fwp%2Fv2%2Fmedia&parent=2401"}],"curies":[{"name":"wp","href":"https:\/\/api.w.org\/{rel}","templated":true}]}}