{"id":2399,"date":"2015-08-24T17:28:23","date_gmt":"2015-08-24T15:28:23","guid":{"rendered":"http:\/\/blog-bobika.eu\/?page_id=2399"},"modified":"2015-08-24T17:28:23","modified_gmt":"2015-08-24T15:28:23","slug":"peowiec","status":"publish","type":"page","link":"https:\/\/blog-bobika.eu\/?page_id=2399","title":{"rendered":"Peowiec"},"content":{"rendered":"<p>Idzie lasem peowiec, chowa si\u0119 za d\u0119by,<br \/>\nopozycji wygl\u0105da, \u017ceby wbi\u0107 w ni\u0105 z\u0119by,<br \/>\nbo jak \u0142ajdak ten kogo\u015b z\u0119bem swym uk\u0142uje,<br \/>\nspu\u015bci z niego powietrze i zanihiluje.<\/p>\n<p>Nie do\u015b\u0107 jednak tej zbrodni przeciwko ludzko\u015bci,<br \/>\ndalej pe\u0142en peowiec jadu jest i z\u0142o\u015bci,<br \/>\nzniszczy\u0107 brata chce, zi\u0119cia, stryja oraz stryjn\u0105,<br \/>\nzatem akcj\u0119 podk\u0142ada im dyfamacyjn\u0105.<\/p>\n<p>Ale jeszcze mu ma\u0142o, jeszcze by co\u015b zdzia\u0142a\u0142,<br \/>\ntak\u0105 strasznie zaci\u0119t\u0105 nienawi\u015bci\u0105 pa\u0142a,<br \/>\nwi\u0119c ukradkiem po lesie zbiera muchomory,<br \/>\n\u017ceby przy ich pomocy wygrywa\u0107 wybory.<\/p>\n<p>Lecz si\u0119 nie ciesz, peowcu, bo Prezes pami\u0119ta,<br \/>\nnie potrafi zapomnie\u0107, jaki z ciebie kr\u0119tacz,<br \/>\nspisze czyny w kajecie, spisze wszystkie s\u0142owa,<br \/>\nbo on te\u017c chcia\u0142by wreszcie poanihilowa\u0107. <\/p>\n","protected":false},"excerpt":{"rendered":"<p>Idzie lasem peowiec, chowa si\u0119 za d\u0119by, opozycji wygl\u0105da, \u017ceby wbi\u0107 w ni\u0105 z\u0119by, bo jak \u0142ajdak ten kogo\u015b z\u0119bem swym uk\u0142uje, spu\u015bci z niego powietrze i zanihiluje. Nie do\u015b\u0107 jednak tej zbrodni przeciwko ludzko\u015bci, dalej pe\u0142en peowiec jadu jest i z\u0142o\u015bci, zniszczy\u0107 brata chce, zi\u0119cia, stryja oraz stryjn\u0105, zatem akcj\u0119 podk\u0142ada im dyfamacyjn\u0105. Ale jeszcze mu ma\u0142o, jeszcze by co\u015b zdzia\u0142a\u0142, tak\u0105 strasznie zaci\u0119t\u0105 nienawi\u015bci\u0105 pa\u0142a, wi\u0119c ukradkiem po lesie zbiera muchomory, \u017ceby przy ich pomocy wygrywa\u0107 wybory. Lecz si\u0119 nie ciesz, peowcu, bo Prezes pami\u0119ta, nie potrafi zapomnie\u0107, jaki z ciebie kr\u0119tacz, spisze czyny w kajecie, spisze wszystkie [&hellip;]<\/p>\n","protected":false},"author":274,"featured_media":0,"parent":2143,"menu_order":0,"comment_status":"open","ping_status":"open","template":"wiersze_polit.php","meta":{"footnotes":""},"class_list":["post-2399","page","type-page","status-publish","hentry"],"_links":{"self":[{"href":"https:\/\/blog-bobika.eu\/index.php?rest_route=\/wp\/v2\/pages\/2399","targetHints":{"allow":["GET"]}}],"collection":[{"href":"https:\/\/blog-bobika.eu\/index.php?rest_route=\/wp\/v2\/pages"}],"about":[{"href":"https:\/\/blog-bobika.eu\/index.php?rest_route=\/wp\/v2\/types\/page"}],"author":[{"embeddable":true,"href":"https:\/\/blog-bobika.eu\/index.php?rest_route=\/wp\/v2\/users\/274"}],"replies":[{"embeddable":true,"href":"https:\/\/blog-bobika.eu\/index.php?rest_route=%2Fwp%2Fv2%2Fcomments&post=2399"}],"version-history":[{"count":1,"href":"https:\/\/blog-bobika.eu\/index.php?rest_route=\/wp\/v2\/pages\/2399\/revisions"}],"predecessor-version":[{"id":2400,"href":"https:\/\/blog-bobika.eu\/index.php?rest_route=\/wp\/v2\/pages\/2399\/revisions\/2400"}],"up":[{"embeddable":true,"href":"https:\/\/blog-bobika.eu\/index.php?rest_route=\/wp\/v2\/pages\/2143"}],"wp:attachment":[{"href":"https:\/\/blog-bobika.eu\/index.php?rest_route=%2Fwp%2Fv2%2Fmedia&parent=2399"}],"curies":[{"name":"wp","href":"https:\/\/api.w.org\/{rel}","templated":true}]}}