{"id":2397,"date":"2015-08-24T17:27:39","date_gmt":"2015-08-24T15:27:39","guid":{"rendered":"http:\/\/blog-bobika.eu\/?page_id=2397"},"modified":"2015-08-24T17:27:39","modified_gmt":"2015-08-24T15:27:39","slug":"pelzajaca-apostazja","status":"publish","type":"page","link":"https:\/\/blog-bobika.eu\/?page_id=2397","title":{"rendered":"Pe\u0142zajaca apostazja"},"content":{"rendered":"<p>Ju\u017c si\u0119 abepe w \u0142o\u017cnicy uk\u0142ada do spania,<br \/>\na tu szura co\u015b po k\u0105tach nie do wytrzymania,<br \/>\nsunie ruchem robaczkowym od lewa do prawa<br \/>\ni w\u0142os je\u017cy na \u0142ysinie, co na cud zakrawa.<br \/>\nSkoczy\u0142 abepe, a\u017c mu si\u0119 rozla\u0142a ma\u0142mazja:<br \/>\nco\u015b mi pe\u0142za po pa\u0142acu, czy to apostazja?<br \/>\nTeren m\u00f3j od tej gadziny pono\u0107 mia\u0142 by\u0107 czysty,<br \/>\npo tom przecie\u017c za us\u0142ugi p\u0142aci\u0142 egzorcysty,<br \/>\na tu kicha, ta cholera jaka\u015b niepokorna,<br \/>\nzamiast zwia\u0107 przed egzorcyzmem, chce mi wle\u017a\u0107 pod ornat<br \/>\ni na msz\u0119 ogonem dzwoni\u0107. Niech no znajd\u0119 lag\u0119,<br \/>\nzaraz ja tej apostazji poka\u017c\u0119 apage!<br \/>\nWi\u0119cej \u015bwiat\u0142a tylko trzeba mi do takiej akcji,<br \/>\nbo po ciemku niewygodnie&#8230; gdzie doj\u015bcie do trakcji?<br \/>\nKt\u00f3rym pstryczkiem polskie s\u0142o\u0144ce w\u0142\u0105czy\u0107 jak na rozkaz,<br \/>\nco nacisn\u0105\u0107, by \u015bwieci\u0142a jasno Matka Boska?<br \/>\nO, znalaz\u0142em! Pstryk i \u015bwiat\u0142o, proste to jak drucik.<br \/>\nTeraz, w \u015bwietle, ju\u017c spokojnie mog\u0119 kl\u0105tw\u0119 rzuci\u0107,<br \/>\nczy suspens\u0105 w bydl\u0119 ciepn\u0105\u0107, mo\u017ce si\u0119 wystraszy<br \/>\ni zrozumie, \u017ce biskupom trudno plu\u0107 do kaszy.<br \/>\nJak nie poskutkuje, skoczy si\u0119 na \u0142eb, na szyj\u0119,<br \/>\npo to\u017csamo\u015b\u0107 narodow\u0105 z bejsolowym kijem,<br \/>\na ta to ju\u017c zrobi swoje i ka\u017cdego drania<br \/>\npo wiek wiek\u00f3w i na ament oduczy pe\u0142zania! <\/p>\n","protected":false},"excerpt":{"rendered":"<p>Ju\u017c si\u0119 abepe w \u0142o\u017cnicy uk\u0142ada do spania, a tu szura co\u015b po k\u0105tach nie do wytrzymania, sunie ruchem robaczkowym od lewa do prawa i w\u0142os je\u017cy na \u0142ysinie, co na cud zakrawa. Skoczy\u0142 abepe, a\u017c mu si\u0119 rozla\u0142a ma\u0142mazja: co\u015b mi pe\u0142za po pa\u0142acu, czy to apostazja? Teren m\u00f3j od tej gadziny pono\u0107 mia\u0142 by\u0107 czysty, po tom przecie\u017c za us\u0142ugi p\u0142aci\u0142 egzorcysty, a tu kicha, ta cholera jaka\u015b niepokorna, zamiast zwia\u0107 przed egzorcyzmem, chce mi wle\u017a\u0107 pod ornat i na msz\u0119 ogonem dzwoni\u0107. Niech no znajd\u0119 lag\u0119, zaraz ja tej apostazji poka\u017c\u0119 apage! Wi\u0119cej \u015bwiat\u0142a tylko trzeba mi [&hellip;]<\/p>\n","protected":false},"author":274,"featured_media":0,"parent":2143,"menu_order":0,"comment_status":"open","ping_status":"open","template":"wiersze_polit.php","meta":{"footnotes":""},"class_list":["post-2397","page","type-page","status-publish","hentry"],"_links":{"self":[{"href":"https:\/\/blog-bobika.eu\/index.php?rest_route=\/wp\/v2\/pages\/2397","targetHints":{"allow":["GET"]}}],"collection":[{"href":"https:\/\/blog-bobika.eu\/index.php?rest_route=\/wp\/v2\/pages"}],"about":[{"href":"https:\/\/blog-bobika.eu\/index.php?rest_route=\/wp\/v2\/types\/page"}],"author":[{"embeddable":true,"href":"https:\/\/blog-bobika.eu\/index.php?rest_route=\/wp\/v2\/users\/274"}],"replies":[{"embeddable":true,"href":"https:\/\/blog-bobika.eu\/index.php?rest_route=%2Fwp%2Fv2%2Fcomments&post=2397"}],"version-history":[{"count":1,"href":"https:\/\/blog-bobika.eu\/index.php?rest_route=\/wp\/v2\/pages\/2397\/revisions"}],"predecessor-version":[{"id":2398,"href":"https:\/\/blog-bobika.eu\/index.php?rest_route=\/wp\/v2\/pages\/2397\/revisions\/2398"}],"up":[{"embeddable":true,"href":"https:\/\/blog-bobika.eu\/index.php?rest_route=\/wp\/v2\/pages\/2143"}],"wp:attachment":[{"href":"https:\/\/blog-bobika.eu\/index.php?rest_route=%2Fwp%2Fv2%2Fmedia&parent=2397"}],"curies":[{"name":"wp","href":"https:\/\/api.w.org\/{rel}","templated":true}]}}