{"id":2394,"date":"2015-08-24T15:52:48","date_gmt":"2015-08-24T13:52:48","guid":{"rendered":"http:\/\/blog-bobika.eu\/?page_id=2394"},"modified":"2015-08-24T15:52:48","modified_gmt":"2015-08-24T13:52:48","slug":"papka","status":"publish","type":"page","link":"https:\/\/blog-bobika.eu\/?page_id=2394","title":{"rendered":"Papka"},"content":{"rendered":"<p>W telewizorni daj\u0105 dzi\u015b papk\u0119,<br \/>\nna kt\u00f3r\u0105 ka\u017cdy Polak ma chrapk\u0119,<br \/>\nbo od konsumpcji papki rzeczonej<br \/>\nzaraz si\u0119 czuje uspokojony.<\/p>\n<p>Ju\u017c go nie wpienia prezydent, premier,<br \/>\nczy \u017ce Marsjanie zdobyli Ziemi\u0119.<br \/>\nRadio Maryja, czy szczyt G8,<br \/>\nwszystko to nagle Polak ma w nosie.<\/p>\n<p>C\u00f3\u017c mu czynniki wszystkie stresowe,<br \/>\nkiedy my\u015bl jedna zaprz\u0105ta g\u0142ow\u0119,<br \/>\n\u017ce a\u017c si\u0119 nieco  iskrzy spod czapki &#8211;<br \/>\njak by tu uciec z pu\u0142apki papki?<\/p>\n","protected":false},"excerpt":{"rendered":"<p>W telewizorni daj\u0105 dzi\u015b papk\u0119, na kt\u00f3r\u0105 ka\u017cdy Polak ma chrapk\u0119, bo od konsumpcji papki rzeczonej zaraz si\u0119 czuje uspokojony. Ju\u017c go nie wpienia prezydent, premier, czy \u017ce Marsjanie zdobyli Ziemi\u0119. Radio Maryja, czy szczyt G8, wszystko to nagle Polak ma w nosie. C\u00f3\u017c mu czynniki wszystkie stresowe, kiedy my\u015bl jedna zaprz\u0105ta g\u0142ow\u0119, \u017ce a\u017c si\u0119 nieco iskrzy spod czapki &#8211; jak by tu uciec z pu\u0142apki papki?<\/p>\n","protected":false},"author":274,"featured_media":0,"parent":2143,"menu_order":0,"comment_status":"open","ping_status":"open","template":"wiersze_polit.php","meta":{"footnotes":""},"class_list":["post-2394","page","type-page","status-publish","hentry"],"_links":{"self":[{"href":"https:\/\/blog-bobika.eu\/index.php?rest_route=\/wp\/v2\/pages\/2394","targetHints":{"allow":["GET"]}}],"collection":[{"href":"https:\/\/blog-bobika.eu\/index.php?rest_route=\/wp\/v2\/pages"}],"about":[{"href":"https:\/\/blog-bobika.eu\/index.php?rest_route=\/wp\/v2\/types\/page"}],"author":[{"embeddable":true,"href":"https:\/\/blog-bobika.eu\/index.php?rest_route=\/wp\/v2\/users\/274"}],"replies":[{"embeddable":true,"href":"https:\/\/blog-bobika.eu\/index.php?rest_route=%2Fwp%2Fv2%2Fcomments&post=2394"}],"version-history":[{"count":1,"href":"https:\/\/blog-bobika.eu\/index.php?rest_route=\/wp\/v2\/pages\/2394\/revisions"}],"predecessor-version":[{"id":2395,"href":"https:\/\/blog-bobika.eu\/index.php?rest_route=\/wp\/v2\/pages\/2394\/revisions\/2395"}],"up":[{"embeddable":true,"href":"https:\/\/blog-bobika.eu\/index.php?rest_route=\/wp\/v2\/pages\/2143"}],"wp:attachment":[{"href":"https:\/\/blog-bobika.eu\/index.php?rest_route=%2Fwp%2Fv2%2Fmedia&parent=2394"}],"curies":[{"name":"wp","href":"https:\/\/api.w.org\/{rel}","templated":true}]}}