{"id":2392,"date":"2015-08-24T13:48:34","date_gmt":"2015-08-24T11:48:34","guid":{"rendered":"http:\/\/blog-bobika.eu\/?page_id=2392"},"modified":"2015-08-24T13:49:30","modified_gmt":"2015-08-24T11:49:30","slug":"panstwo-dla-kosciola","status":"publish","type":"page","link":"https:\/\/blog-bobika.eu\/?page_id=2392","title":{"rendered":"Pa\u0144stwo dla Ko\u015bcio\u0142a"},"content":{"rendered":"<p>Spiera\u0142a w pewnym kraju si\u0119 juryst\u00f3w \u0142awa,<br \/>\nczy Ko\u015bci\u00f3\u0142 pa\u0144stwowego ma przestrzega\u0107 prawa.<br \/>\nNa Trybuna\u0142 s\u0105d przyszed\u0142, co logiczne zgo\u0142a.<br \/>\nDa\u0142 wyrok nieodw\u0142ocznie: pa\u0144stwo dla Ko\u015bcio\u0142a!<\/p>\n","protected":false},"excerpt":{"rendered":"<p>Spiera\u0142a w pewnym kraju si\u0119 juryst\u00f3w \u0142awa, czy Ko\u015bci\u00f3\u0142 pa\u0144stwowego ma przestrzega\u0107 prawa. Na Trybuna\u0142 s\u0105d przyszed\u0142, co logiczne zgo\u0142a. Da\u0142 wyrok nieodw\u0142ocznie: pa\u0144stwo dla Ko\u015bcio\u0142a!<\/p>\n","protected":false},"author":274,"featured_media":0,"parent":2143,"menu_order":0,"comment_status":"open","ping_status":"open","template":"wiersze_polit.php","meta":{"footnotes":""},"class_list":["post-2392","page","type-page","status-publish","hentry"],"_links":{"self":[{"href":"https:\/\/blog-bobika.eu\/index.php?rest_route=\/wp\/v2\/pages\/2392","targetHints":{"allow":["GET"]}}],"collection":[{"href":"https:\/\/blog-bobika.eu\/index.php?rest_route=\/wp\/v2\/pages"}],"about":[{"href":"https:\/\/blog-bobika.eu\/index.php?rest_route=\/wp\/v2\/types\/page"}],"author":[{"embeddable":true,"href":"https:\/\/blog-bobika.eu\/index.php?rest_route=\/wp\/v2\/users\/274"}],"replies":[{"embeddable":true,"href":"https:\/\/blog-bobika.eu\/index.php?rest_route=%2Fwp%2Fv2%2Fcomments&post=2392"}],"version-history":[{"count":1,"href":"https:\/\/blog-bobika.eu\/index.php?rest_route=\/wp\/v2\/pages\/2392\/revisions"}],"predecessor-version":[{"id":2393,"href":"https:\/\/blog-bobika.eu\/index.php?rest_route=\/wp\/v2\/pages\/2392\/revisions\/2393"}],"up":[{"embeddable":true,"href":"https:\/\/blog-bobika.eu\/index.php?rest_route=\/wp\/v2\/pages\/2143"}],"wp:attachment":[{"href":"https:\/\/blog-bobika.eu\/index.php?rest_route=%2Fwp%2Fv2%2Fmedia&parent=2392"}],"curies":[{"name":"wp","href":"https:\/\/api.w.org\/{rel}","templated":true}]}}