{"id":2390,"date":"2015-08-24T13:47:02","date_gmt":"2015-08-24T11:47:02","guid":{"rendered":"http:\/\/blog-bobika.eu\/?page_id=2390"},"modified":"2015-08-24T13:47:02","modified_gmt":"2015-08-24T11:47:02","slug":"pacjent","status":"publish","type":"page","link":"https:\/\/blog-bobika.eu\/?page_id=2390","title":{"rendered":"Pacjent"},"content":{"rendered":"<p>Wchodzi pacjent, wchodzi,<br \/>\nju\u017c od progu k\u0142amie,<br \/>\nangin\u0119 pectoris<br \/>\nwsadzi sobie w rami\u0119<br \/>\ni udaje, dziad namolny,<br \/>\n\u017ce do pracy jest niezdolny,<br \/>\noj dana dana, dana,<br \/>\ndana, dana.<\/p>\n<p>Potrafi si\u0119 na\u017cre\u0107<br \/>\nhelicobactera,<br \/>\nbyle go wsadzili<br \/>\ndo helikoptera.<br \/>\nA to przecie\u017c transport drogi,<br \/>\nod czego ma pacjent nogi?<br \/>\noj dana dana, dana,<br \/>\ndana, dana.<\/p>\n<p>Jak si\u0119 nie da z\u0142apa\u0107<br \/>\ngronkowiec z\u0142ocisty,<br \/>\nwykorzysta pacjent<br \/>\nnajzwyklejsze glisty,<br \/>\nlub zabarwi krwi\u0105 swe siki,<br \/>\nbyle pogorszy\u0107 wyniki,<br \/>\noj dana dana, dana,<br \/>\ndana, dana.<\/p>\n<p>Bakteriami coli<br \/>\nwystrzeli w lekarza,<br \/>\natak gonokokiem<br \/>\ntak\u017ce mu si\u0119 zdarza.<br \/>\nBiedny doktor nie potrafi<br \/>\nodm\u00f3wi\u0107 mu tomografii,<br \/>\noj dana dana, dana,<br \/>\ndana, dana.<\/p>\n<p>Domaga si\u0119 pacjent<br \/>\nwstawienia bypassa,<br \/>\n\u017ceby jeszcze d\u0142ugo<br \/>\nm\u00f3g\u0142 sobie pohasa\u0107.<br \/>\nJasna rzecz, \u017ce symuluje &#8211;<br \/>\nlekarz pismo nosem czuje!<br \/>\noj dana dana, dana,<br \/>\ndana, dana.<\/p>\n<p>Umar\u0142 pacjent, umar\u0142,<br \/>\na jeszcze co\u015b gada,<br \/>\nci\u0105gle kombinuje,<br \/>\njak si\u0119 tu da\u0107 zbada\u0107,<br \/>\nbo w pacjencie wredna dusza,<br \/>\nbrak funduszy go nie wzrusza,<br \/>\noj dana dana, dana,<br \/>\ndana, dana.<\/p>\n<p>Trzeba by t\u0119 stwor\u0119<br \/>\nwyt\u0119pi\u0107 do szcz\u0119tu,<br \/>\nlepiej medycynie<br \/>\nb\u0119dzie bez pacjent\u00f3w.<br \/>\nPo co komu s\u0105 te zb\u00f3je,<br \/>\nmedyk sam si\u0119 wykuruje,<br \/>\noj dana dana, dana,<br \/>\ndana, dana.<\/p>\n","protected":false},"excerpt":{"rendered":"<p>Wchodzi pacjent, wchodzi, ju\u017c od progu k\u0142amie, angin\u0119 pectoris wsadzi sobie w rami\u0119 i udaje, dziad namolny, \u017ce do pracy jest niezdolny, oj dana dana, dana, dana, dana. Potrafi si\u0119 na\u017cre\u0107 helicobactera, byle go wsadzili do helikoptera. A to przecie\u017c transport drogi, od czego ma pacjent nogi? oj dana dana, dana, dana, dana. Jak si\u0119 nie da z\u0142apa\u0107 gronkowiec z\u0142ocisty, wykorzysta pacjent najzwyklejsze glisty, lub zabarwi krwi\u0105 swe siki, byle pogorszy\u0107 wyniki, oj dana dana, dana, dana, dana. Bakteriami coli wystrzeli w lekarza, atak gonokokiem tak\u017ce mu si\u0119 zdarza. Biedny doktor nie potrafi odm\u00f3wi\u0107 mu tomografii, oj dana dana, dana, [&hellip;]<\/p>\n","protected":false},"author":274,"featured_media":0,"parent":2143,"menu_order":0,"comment_status":"open","ping_status":"open","template":"wiersze_polit.php","meta":{"footnotes":""},"class_list":["post-2390","page","type-page","status-publish","hentry"],"_links":{"self":[{"href":"https:\/\/blog-bobika.eu\/index.php?rest_route=\/wp\/v2\/pages\/2390","targetHints":{"allow":["GET"]}}],"collection":[{"href":"https:\/\/blog-bobika.eu\/index.php?rest_route=\/wp\/v2\/pages"}],"about":[{"href":"https:\/\/blog-bobika.eu\/index.php?rest_route=\/wp\/v2\/types\/page"}],"author":[{"embeddable":true,"href":"https:\/\/blog-bobika.eu\/index.php?rest_route=\/wp\/v2\/users\/274"}],"replies":[{"embeddable":true,"href":"https:\/\/blog-bobika.eu\/index.php?rest_route=%2Fwp%2Fv2%2Fcomments&post=2390"}],"version-history":[{"count":1,"href":"https:\/\/blog-bobika.eu\/index.php?rest_route=\/wp\/v2\/pages\/2390\/revisions"}],"predecessor-version":[{"id":2391,"href":"https:\/\/blog-bobika.eu\/index.php?rest_route=\/wp\/v2\/pages\/2390\/revisions\/2391"}],"up":[{"embeddable":true,"href":"https:\/\/blog-bobika.eu\/index.php?rest_route=\/wp\/v2\/pages\/2143"}],"wp:attachment":[{"href":"https:\/\/blog-bobika.eu\/index.php?rest_route=%2Fwp%2Fv2%2Fmedia&parent=2390"}],"curies":[{"name":"wp","href":"https:\/\/api.w.org\/{rel}","templated":true}]}}