{"id":2388,"date":"2015-08-24T13:46:14","date_gmt":"2015-08-24T11:46:14","guid":{"rendered":"http:\/\/blog-bobika.eu\/?page_id=2388"},"modified":"2015-08-24T13:46:14","modified_gmt":"2015-08-24T11:46:14","slug":"orzel-karzel","status":"publish","type":"page","link":"https:\/\/blog-bobika.eu\/?page_id=2388","title":{"rendered":"Orze\u0142-karze\u0142"},"content":{"rendered":"<p>Kr\u00f3lestwo za samolot! Sprawny! \u2013 krzykn\u0105\u0142 orze\u0142,<br \/>\ngdy go nieco zm\u0119czy\u0142o podniebne przestworze.<br \/>\nG\u0142upi! \u2013 za\u015bmia\u0142 si\u0119 karze\u0142. \u2013 Gdyby mnie kto pyta\u0142:<br \/>\nsamolot w szcz\u0105tkach, to jest dopiero kapita\u0142<\/p>\n","protected":false},"excerpt":{"rendered":"<p>Kr\u00f3lestwo za samolot! Sprawny! \u2013 krzykn\u0105\u0142 orze\u0142, gdy go nieco zm\u0119czy\u0142o podniebne przestworze. G\u0142upi! \u2013 za\u015bmia\u0142 si\u0119 karze\u0142. \u2013 Gdyby mnie kto pyta\u0142: samolot w szcz\u0105tkach, to jest dopiero kapita\u0142<\/p>\n","protected":false},"author":274,"featured_media":0,"parent":2143,"menu_order":0,"comment_status":"open","ping_status":"open","template":"wiersze_polit.php","meta":{"footnotes":""},"class_list":["post-2388","page","type-page","status-publish","hentry"],"_links":{"self":[{"href":"https:\/\/blog-bobika.eu\/index.php?rest_route=\/wp\/v2\/pages\/2388","targetHints":{"allow":["GET"]}}],"collection":[{"href":"https:\/\/blog-bobika.eu\/index.php?rest_route=\/wp\/v2\/pages"}],"about":[{"href":"https:\/\/blog-bobika.eu\/index.php?rest_route=\/wp\/v2\/types\/page"}],"author":[{"embeddable":true,"href":"https:\/\/blog-bobika.eu\/index.php?rest_route=\/wp\/v2\/users\/274"}],"replies":[{"embeddable":true,"href":"https:\/\/blog-bobika.eu\/index.php?rest_route=%2Fwp%2Fv2%2Fcomments&post=2388"}],"version-history":[{"count":1,"href":"https:\/\/blog-bobika.eu\/index.php?rest_route=\/wp\/v2\/pages\/2388\/revisions"}],"predecessor-version":[{"id":2389,"href":"https:\/\/blog-bobika.eu\/index.php?rest_route=\/wp\/v2\/pages\/2388\/revisions\/2389"}],"up":[{"embeddable":true,"href":"https:\/\/blog-bobika.eu\/index.php?rest_route=\/wp\/v2\/pages\/2143"}],"wp:attachment":[{"href":"https:\/\/blog-bobika.eu\/index.php?rest_route=%2Fwp%2Fv2%2Fmedia&parent=2388"}],"curies":[{"name":"wp","href":"https:\/\/api.w.org\/{rel}","templated":true}]}}