{"id":2386,"date":"2015-08-24T13:45:12","date_gmt":"2015-08-24T11:45:12","guid":{"rendered":"http:\/\/blog-bobika.eu\/?page_id=2386"},"modified":"2015-08-24T13:45:12","modified_gmt":"2015-08-24T11:45:12","slug":"opcja-zakamuflowana","status":"publish","type":"page","link":"https:\/\/blog-bobika.eu\/?page_id=2386","title":{"rendered":"Opcja zakamuflowana"},"content":{"rendered":"<p>Prezes drzwi zamkni\u0119te trzyma dzi\u015b od rana,<br \/>\nbo za nimi opcja zakamuflowana,<br \/>\nw stroju inkasent\u00f3w czy dor\u0119czycieli,<br \/>\nlecz gdy spojrze\u0107 z bliska &#8211; opcja, jak w pysk strzeli\u0142.<\/p>\n<p>Okno na trzy spusty plus mocna \u017caluzja,<br \/>\nno bo przecie\u017c wielka by\u0142aby konfuzja,<br \/>\ngdyby si\u0119 znienacka jakie\u015b wr\u00f3ble wra\u017ce<br \/>\nokaza\u0142y opcj\u0105 z ptasim z kamufla\u017cem.<\/p>\n<p>Kiedy wszystko zamkn\u0105\u0107 na k\u0142\u00f3dki i zamki,<br \/>\npowyrzuca\u0107 klucze, pousuwa\u0107 klamki,<br \/>\nwtedy obca opcja wreszcie nie zagrozi,<br \/>\nb\u0119dzie \u015bwi\u0119ty spok\u00f3j i &#8211; r\u0105czki do bozi.<\/p>\n","protected":false},"excerpt":{"rendered":"<p>Prezes drzwi zamkni\u0119te trzyma dzi\u015b od rana, bo za nimi opcja zakamuflowana, w stroju inkasent\u00f3w czy dor\u0119czycieli, lecz gdy spojrze\u0107 z bliska &#8211; opcja, jak w pysk strzeli\u0142. Okno na trzy spusty plus mocna \u017caluzja, no bo przecie\u017c wielka by\u0142aby konfuzja, gdyby si\u0119 znienacka jakie\u015b wr\u00f3ble wra\u017ce okaza\u0142y opcj\u0105 z ptasim z kamufla\u017cem. Kiedy wszystko zamkn\u0105\u0107 na k\u0142\u00f3dki i zamki, powyrzuca\u0107 klucze, pousuwa\u0107 klamki, wtedy obca opcja wreszcie nie zagrozi, b\u0119dzie \u015bwi\u0119ty spok\u00f3j i &#8211; r\u0105czki do bozi.<\/p>\n","protected":false},"author":274,"featured_media":0,"parent":2143,"menu_order":0,"comment_status":"open","ping_status":"open","template":"wiersze_polit.php","meta":{"footnotes":""},"class_list":["post-2386","page","type-page","status-publish","hentry"],"_links":{"self":[{"href":"https:\/\/blog-bobika.eu\/index.php?rest_route=\/wp\/v2\/pages\/2386","targetHints":{"allow":["GET"]}}],"collection":[{"href":"https:\/\/blog-bobika.eu\/index.php?rest_route=\/wp\/v2\/pages"}],"about":[{"href":"https:\/\/blog-bobika.eu\/index.php?rest_route=\/wp\/v2\/types\/page"}],"author":[{"embeddable":true,"href":"https:\/\/blog-bobika.eu\/index.php?rest_route=\/wp\/v2\/users\/274"}],"replies":[{"embeddable":true,"href":"https:\/\/blog-bobika.eu\/index.php?rest_route=%2Fwp%2Fv2%2Fcomments&post=2386"}],"version-history":[{"count":1,"href":"https:\/\/blog-bobika.eu\/index.php?rest_route=\/wp\/v2\/pages\/2386\/revisions"}],"predecessor-version":[{"id":2387,"href":"https:\/\/blog-bobika.eu\/index.php?rest_route=\/wp\/v2\/pages\/2386\/revisions\/2387"}],"up":[{"embeddable":true,"href":"https:\/\/blog-bobika.eu\/index.php?rest_route=\/wp\/v2\/pages\/2143"}],"wp:attachment":[{"href":"https:\/\/blog-bobika.eu\/index.php?rest_route=%2Fwp%2Fv2%2Fmedia&parent=2386"}],"curies":[{"name":"wp","href":"https:\/\/api.w.org\/{rel}","templated":true}]}}