{"id":2384,"date":"2015-08-24T13:44:25","date_gmt":"2015-08-24T11:44:25","guid":{"rendered":"http:\/\/blog-bobika.eu\/?page_id=2384"},"modified":"2015-08-24T13:44:25","modified_gmt":"2015-08-24T11:44:25","slug":"opcja-ukryta","status":"publish","type":"page","link":"https:\/\/blog-bobika.eu\/?page_id=2384","title":{"rendered":"Opcja ukryta"},"content":{"rendered":"<p>Kupi\u0142 Polak opcje, szlachetne i prawe,<br \/>\nstarym obyczajem wetkn\u0105\u0142 je pod \u0142aw\u0119,<br \/>\npo czym &#8211; jako \u017ce go g\u0142\u00f3d j\u0105\u0142 dr\u0119czy\u0107 srogi &#8211;<br \/>\nuda\u0142 si\u0119 do kuchni gotowa\u0107 pierogi.<br \/>\nA tymczasem Niemiec, podst\u0119pna gadzina,<br \/>\nju\u017c si\u0119 do blitzkriegu rychtowa\u0107 zaczyna,<br \/>\ndo cha\u0142upy wpada, nos pod \u0142aw\u0119 wtyka&#8230;<br \/>\nOj, jak nic z tych opcji Polaka obcyka.<\/p>\n<p>Polak zdr\u00f3w i wes\u00f3\u0142 powraca z obiadu,<br \/>\npatrzy, a po opcjach nie ma ani \u015bladu,<br \/>\nni jedna nieboga nawet nie zosta\u0142a,<br \/>\nwszystko zrabowa\u0142a germa\u0144ska nawa\u0142a.<br \/>\nDumnie wi\u0119c przemawia: Niemcze, skurczybyku,<br \/>\npoka\u017c zaraz, co masz w twoim nachtkastliku!<br \/>\nNiech mi grub\u0105 nici\u0105 zaszyj\u0105 rozporek,<br \/>\nje\u015bli swojej opcji szabl\u0105 nie odbior\u0119!<\/p>\n<p>Na to Niemiec z min\u0105 bu\u0144czuczn\u0105 i syt\u0105:<br \/>\nmam ja twoj\u0105 opcj\u0119, lecz dobrze ukryt\u0105<br \/>\ni nie zdradz\u0119 nigdy, p\u00f3ki tylko dycham,<br \/>\nczym j\u0105 w Katowicach schowa\u0142, czy te\u017c w Tychach.<br \/>\nOdczep si\u0119 ode mnie, spadaj, czyli sp\u0142ywaj &#8211;<br \/>\nta opcja si\u0119 teraz niemiecka nazywa,<br \/>\ni nic jej po twoich niezdarnych karesach,<br \/>\na jak mi nie wierzysz, spytaj si\u0119 Prezesa.<\/p>\n<p>Wr\u00f3ci\u0142 Polak do dom smutny jak cholera,<br \/>\ntrudno, wszak z Prezesem si\u0119 nie b\u0119dzie spiera\u0142,<br \/>\nkt\u00f3\u017c od niego s\u0142uszniej os\u0105dzi\u0107 potrafi,<br \/>\nczy opcja jest z w\u0142asnej, czy z cudzej parafii,<br \/>\nkt\u00f3\u017c wie lepiej, kogo i z kim \u0142\u0105cz\u0105 wi\u0119zy,<br \/>\ni \u017ce \u015bl\u0105ska gadka to nie \u017caden j\u0119zyk&#8230;<br \/>\nA czort gdzie\u015b na boku zaciera r\u0105cz\u0119ta:<br \/>\nju\u017c Polak t\u0119 opcj\u0119 sobie popami\u0119ta.<\/p>\n","protected":false},"excerpt":{"rendered":"<p>Kupi\u0142 Polak opcje, szlachetne i prawe, starym obyczajem wetkn\u0105\u0142 je pod \u0142aw\u0119, po czym &#8211; jako \u017ce go g\u0142\u00f3d j\u0105\u0142 dr\u0119czy\u0107 srogi &#8211; uda\u0142 si\u0119 do kuchni gotowa\u0107 pierogi. A tymczasem Niemiec, podst\u0119pna gadzina, ju\u017c si\u0119 do blitzkriegu rychtowa\u0107 zaczyna, do cha\u0142upy wpada, nos pod \u0142aw\u0119 wtyka&#8230; Oj, jak nic z tych opcji Polaka obcyka. Polak zdr\u00f3w i wes\u00f3\u0142 powraca z obiadu, patrzy, a po opcjach nie ma ani \u015bladu, ni jedna nieboga nawet nie zosta\u0142a, wszystko zrabowa\u0142a germa\u0144ska nawa\u0142a. Dumnie wi\u0119c przemawia: Niemcze, skurczybyku, poka\u017c zaraz, co masz w twoim nachtkastliku! Niech mi grub\u0105 nici\u0105 zaszyj\u0105 rozporek, je\u015bli swojej [&hellip;]<\/p>\n","protected":false},"author":274,"featured_media":0,"parent":2143,"menu_order":0,"comment_status":"open","ping_status":"open","template":"wiersze_polit.php","meta":{"footnotes":""},"class_list":["post-2384","page","type-page","status-publish","hentry"],"_links":{"self":[{"href":"https:\/\/blog-bobika.eu\/index.php?rest_route=\/wp\/v2\/pages\/2384","targetHints":{"allow":["GET"]}}],"collection":[{"href":"https:\/\/blog-bobika.eu\/index.php?rest_route=\/wp\/v2\/pages"}],"about":[{"href":"https:\/\/blog-bobika.eu\/index.php?rest_route=\/wp\/v2\/types\/page"}],"author":[{"embeddable":true,"href":"https:\/\/blog-bobika.eu\/index.php?rest_route=\/wp\/v2\/users\/274"}],"replies":[{"embeddable":true,"href":"https:\/\/blog-bobika.eu\/index.php?rest_route=%2Fwp%2Fv2%2Fcomments&post=2384"}],"version-history":[{"count":1,"href":"https:\/\/blog-bobika.eu\/index.php?rest_route=\/wp\/v2\/pages\/2384\/revisions"}],"predecessor-version":[{"id":2385,"href":"https:\/\/blog-bobika.eu\/index.php?rest_route=\/wp\/v2\/pages\/2384\/revisions\/2385"}],"up":[{"embeddable":true,"href":"https:\/\/blog-bobika.eu\/index.php?rest_route=\/wp\/v2\/pages\/2143"}],"wp:attachment":[{"href":"https:\/\/blog-bobika.eu\/index.php?rest_route=%2Fwp%2Fv2%2Fmedia&parent=2384"}],"curies":[{"name":"wp","href":"https:\/\/api.w.org\/{rel}","templated":true}]}}