{"id":2376,"date":"2015-08-24T13:39:54","date_gmt":"2015-08-24T11:39:54","guid":{"rendered":"http:\/\/blog-bobika.eu\/?page_id=2376"},"modified":"2015-08-24T13:39:54","modified_gmt":"2015-08-24T11:39:54","slug":"oberek-smolenski","status":"publish","type":"page","link":"https:\/\/blog-bobika.eu\/?page_id=2376","title":{"rendered":"Oberek smole\u0144ski"},"content":{"rendered":"<p>Dylu-dylu na badylu doko\u0142a trotylu,<br \/>\n\u0142upu-cupu, dyna-dyna, nitrogliceryna,<br \/>\nznowu taniec si\u0119 rozhula\u0142 w dobrze znanym stylu,<br \/>\nprzymusowo na ludowo dzie\u0144 si\u0119 nim zaczyna.<\/p>\n<p>Z \u0142b\u00f3w si\u0119 kurzy, na klepisku ka\u017cdy ju\u017c zawiany,<br \/>\ntutaj Antek przytupuje, tam Jarek wywija,<br \/>\nnawet wdowy cierpi\u0119tnicze si\u0119 pu\u015bci\u0142y w tany,<br \/>\npono\u0107 wkr\u00f3tce si\u0119 przy\u0142\u0105cz\u0105 Jezus i Maryja.<\/p>\n<p>Zagra w ta\u0144cu krew u\u0142a\u0144ska i do bitki zmusi<br \/>\nten sztachet\u0119 w r\u0119k\u0119 porwie, tamten pi\u0105t\u0105 klepk\u0119,<br \/>\n&#8222;bij psubrat\u00f3w!&#8221; &#8211; na to has\u0142o jak\u017ce si\u0119 nie skusi\u0107,<br \/>\nwi\u0119c \u0142omocz\u0105 wszyscy krzepko pogryzaj\u0105c rzepk\u0119.<\/p>\n<p>Pieni\u0105 si\u0119 w szklanicach \u017cale, jady i gorycze,<br \/>\nkto do k\u00f3\u0142ka nie do\u0142\u0105czy, przegra\u0142 walkowerem,<br \/>\nni chocho\u0142a nie brakuje, ni sznura na stryczek,<br \/>\nw spazmach kr\u0119ci si\u0119 szalony, smole\u0144ski oberek.<\/p>\n<p>Ej, tancerze, ju\u017c cha\u0142upa trzeszczy od ho\u0142ubc\u00f3w,<br \/>\nziemia j\u0119czy, gdy buciory zn\u00f3w po trumnach tupi\u0105,<br \/>\nczy z was banda tanich drani, czy zwyczajnych g\u0142upc\u00f3w?<br \/>\nPr\u00f3\u017cno pyta\u0107. Tym tancerzom nigdy nie jest g\u0142upio.<\/p>\n","protected":false},"excerpt":{"rendered":"<p>Dylu-dylu na badylu doko\u0142a trotylu, \u0142upu-cupu, dyna-dyna, nitrogliceryna, znowu taniec si\u0119 rozhula\u0142 w dobrze znanym stylu, przymusowo na ludowo dzie\u0144 si\u0119 nim zaczyna. Z \u0142b\u00f3w si\u0119 kurzy, na klepisku ka\u017cdy ju\u017c zawiany, tutaj Antek przytupuje, tam Jarek wywija, nawet wdowy cierpi\u0119tnicze si\u0119 pu\u015bci\u0142y w tany, pono\u0107 wkr\u00f3tce si\u0119 przy\u0142\u0105cz\u0105 Jezus i Maryja. Zagra w ta\u0144cu krew u\u0142a\u0144ska i do bitki zmusi ten sztachet\u0119 w r\u0119k\u0119 porwie, tamten pi\u0105t\u0105 klepk\u0119, &#8222;bij psubrat\u00f3w!&#8221; &#8211; na to has\u0142o jak\u017ce si\u0119 nie skusi\u0107, wi\u0119c \u0142omocz\u0105 wszyscy krzepko pogryzaj\u0105c rzepk\u0119. Pieni\u0105 si\u0119 w szklanicach \u017cale, jady i gorycze, kto do k\u00f3\u0142ka nie do\u0142\u0105czy, przegra\u0142 walkowerem, [&hellip;]<\/p>\n","protected":false},"author":274,"featured_media":0,"parent":2143,"menu_order":0,"comment_status":"open","ping_status":"open","template":"wiersze_polit.php","meta":{"footnotes":""},"class_list":["post-2376","page","type-page","status-publish","hentry"],"_links":{"self":[{"href":"https:\/\/blog-bobika.eu\/index.php?rest_route=\/wp\/v2\/pages\/2376","targetHints":{"allow":["GET"]}}],"collection":[{"href":"https:\/\/blog-bobika.eu\/index.php?rest_route=\/wp\/v2\/pages"}],"about":[{"href":"https:\/\/blog-bobika.eu\/index.php?rest_route=\/wp\/v2\/types\/page"}],"author":[{"embeddable":true,"href":"https:\/\/blog-bobika.eu\/index.php?rest_route=\/wp\/v2\/users\/274"}],"replies":[{"embeddable":true,"href":"https:\/\/blog-bobika.eu\/index.php?rest_route=%2Fwp%2Fv2%2Fcomments&post=2376"}],"version-history":[{"count":1,"href":"https:\/\/blog-bobika.eu\/index.php?rest_route=\/wp\/v2\/pages\/2376\/revisions"}],"predecessor-version":[{"id":2377,"href":"https:\/\/blog-bobika.eu\/index.php?rest_route=\/wp\/v2\/pages\/2376\/revisions\/2377"}],"up":[{"embeddable":true,"href":"https:\/\/blog-bobika.eu\/index.php?rest_route=\/wp\/v2\/pages\/2143"}],"wp:attachment":[{"href":"https:\/\/blog-bobika.eu\/index.php?rest_route=%2Fwp%2Fv2%2Fmedia&parent=2376"}],"curies":[{"name":"wp","href":"https:\/\/api.w.org\/{rel}","templated":true}]}}