{"id":2368,"date":"2015-08-24T13:34:21","date_gmt":"2015-08-24T11:34:21","guid":{"rendered":"http:\/\/blog-bobika.eu\/?page_id=2368"},"modified":"2015-08-24T13:34:21","modified_gmt":"2015-08-24T11:34:21","slug":"o-mlodych-bykach","status":"publish","type":"page","link":"https:\/\/blog-bobika.eu\/?page_id=2368","title":{"rendered":"O m\u0142odych bykach"},"content":{"rendered":"<p>\u201eAch w Madrycie, ach, w Madrycie,<br \/>\ntam dopiero bycze \u017cycie\u201c &#8211;<br \/>\npowiedzia\u0142y z PiS-u byki,<br \/>\npo czym, zamiast wsi\u0105\u015b\u0107 do bryki,<br \/>\nwzi\u0119\u0142y na wydatki siana<br \/>\ni wskoczy\u0142y do Ryana.<br \/>\nGdy dotar\u0142y, oczywi\u015bcie,<br \/>\npodpisa\u0142y si\u0119 na li\u015bcie<br \/>\ni dalej\u017ce w miasto bryka\u0107,<br \/>\nbo radocha to dla byka.<br \/>\nNabrykawszy si\u0119 co nieco,<br \/>\ndo Warszawy szybko lec\u0105,<br \/>\nby &#8211; ju\u017c taka bycza dola &#8211;<br \/>\ndo Prezesa przypa\u015b\u0107 kolan.<\/p>\n<p>W samolocie same stresy,<br \/>\nczepiaj\u0105 si\u0119 stewardessy,<br \/>\nzamiast spojrze\u0107 w drug\u0105 stron\u0119,<br \/>\nmaj\u0105 w\u0105ty do ma\u0142\u017conek,<br \/>\na to przecie\u017c piwko ma\u0142e,<br \/>\n\u017ceby w\u0142asn\u0105 mie\u0107 gorza\u0142\u0119 &#8211;<br \/>\nwr\u0119cz wypada \u017conie byka<br \/>\nj\u0105 nalewa\u0107 spod stolika.<br \/>\nPan kapitan te\u017c nie\u0142askaw,<br \/>\nmord\u0119 wydar\u0142, miast pog\u0142aska\u0107,<br \/>\njednym s\u0142owem, ta za\u0142oga<br \/>\nby\u0142a wobec byczk\u00f3w wroga,<br \/>\nzachowa\u0142a si\u0119 stronniczo<br \/>\ni z niej bi\u0142a antybyczo\u015b\u0107.<\/p>\n<p>Zaraz chcia\u0142a bycza paka<br \/>\ndo Prezesa si\u0119 wyp\u0142aka\u0107,<br \/>\nale zamiar spe\u0142z\u0142 na niczym,<br \/>\nPrezes te\u017c by\u0142 antybyczy,<br \/>\ndo ca\u0142usk\u00f3w nie da\u0142 d\u0142oni,<br \/>\nnawet nie chcia\u0142 si\u0119 odk\u0142oni\u0107,<br \/>\nnie pociesza\u0142, nie przytula\u0142,<br \/>\nnie zaprosi\u0142 na red bulla,<br \/>\ntylko ca\u0142\u0105 bycz\u0105 hord\u0119<br \/>\nwyla\u0142 wprost na zbit\u0105 mord\u0119.<\/p>\n<p>Tak fortuna si\u0119 wymyka,<br \/>\ngdy sporego walniesz byka<br \/>\ni niech b\u0119dzie to nauk\u0105,<br \/>\nniech do g\u0142owy sobie wt\u0142uk\u0105<br \/>\nwszystkie byczki, z ka\u017cdej strony,<br \/>\n\u017ce pilnowa\u0107 trzeba \u017cony,<br \/>\na po pierwsze, rzecz nienowa,<br \/>\ntrzeba umie\u0107 opanowa\u0107<br \/>\nna publiczn\u0105 kas\u0119 chcic\u0119.<br \/>\nOd tej kasy &#8211; precz racice.<\/p>\n","protected":false},"excerpt":{"rendered":"<p>\u201eAch w Madrycie, ach, w Madrycie, tam dopiero bycze \u017cycie\u201c &#8211; powiedzia\u0142y z PiS-u byki, po czym, zamiast wsi\u0105\u015b\u0107 do bryki, wzi\u0119\u0142y na wydatki siana i wskoczy\u0142y do Ryana. Gdy dotar\u0142y, oczywi\u015bcie, podpisa\u0142y si\u0119 na li\u015bcie i dalej\u017ce w miasto bryka\u0107, bo radocha to dla byka. Nabrykawszy si\u0119 co nieco, do Warszawy szybko lec\u0105, by &#8211; ju\u017c taka bycza dola &#8211; do Prezesa przypa\u015b\u0107 kolan. W samolocie same stresy, czepiaj\u0105 si\u0119 stewardessy, zamiast spojrze\u0107 w drug\u0105 stron\u0119, maj\u0105 w\u0105ty do ma\u0142\u017conek, a to przecie\u017c piwko ma\u0142e, \u017ceby w\u0142asn\u0105 mie\u0107 gorza\u0142\u0119 &#8211; wr\u0119cz wypada \u017conie byka j\u0105 nalewa\u0107 spod stolika. Pan [&hellip;]<\/p>\n","protected":false},"author":274,"featured_media":0,"parent":2143,"menu_order":0,"comment_status":"open","ping_status":"open","template":"wiersze_polit.php","meta":{"footnotes":""},"class_list":["post-2368","page","type-page","status-publish","hentry"],"_links":{"self":[{"href":"https:\/\/blog-bobika.eu\/index.php?rest_route=\/wp\/v2\/pages\/2368","targetHints":{"allow":["GET"]}}],"collection":[{"href":"https:\/\/blog-bobika.eu\/index.php?rest_route=\/wp\/v2\/pages"}],"about":[{"href":"https:\/\/blog-bobika.eu\/index.php?rest_route=\/wp\/v2\/types\/page"}],"author":[{"embeddable":true,"href":"https:\/\/blog-bobika.eu\/index.php?rest_route=\/wp\/v2\/users\/274"}],"replies":[{"embeddable":true,"href":"https:\/\/blog-bobika.eu\/index.php?rest_route=%2Fwp%2Fv2%2Fcomments&post=2368"}],"version-history":[{"count":1,"href":"https:\/\/blog-bobika.eu\/index.php?rest_route=\/wp\/v2\/pages\/2368\/revisions"}],"predecessor-version":[{"id":2369,"href":"https:\/\/blog-bobika.eu\/index.php?rest_route=\/wp\/v2\/pages\/2368\/revisions\/2369"}],"up":[{"embeddable":true,"href":"https:\/\/blog-bobika.eu\/index.php?rest_route=\/wp\/v2\/pages\/2143"}],"wp:attachment":[{"href":"https:\/\/blog-bobika.eu\/index.php?rest_route=%2Fwp%2Fv2%2Fmedia&parent=2368"}],"curies":[{"name":"wp","href":"https:\/\/api.w.org\/{rel}","templated":true}]}}