{"id":2366,"date":"2015-08-24T13:33:04","date_gmt":"2015-08-24T11:33:04","guid":{"rendered":"http:\/\/blog-bobika.eu\/?page_id=2366"},"modified":"2015-08-24T13:33:04","modified_gmt":"2015-08-24T11:33:04","slug":"o-czym-dumac","status":"publish","type":"page","link":"https:\/\/blog-bobika.eu\/?page_id=2366","title":{"rendered":"O czym duma\u0107"},"content":{"rendered":"<p>O czym tu duma\u0107? No, znalaz\u0142oby si\u0119&#8230;<br \/>\nO lekach, euro, ACTA, o kryzysie,<br \/>\no rz\u0105dzie, s\u0105dzie i prokuraturze,<br \/>\no wa\u017cnej kwestii czy przed-, czy zamurze,<\/p>\n<p>o brzozach tudzie\u017c innym drzewostanie,<br \/>\no tym, co z nami robi\u0105 tanie dranie,<br \/>\no telewizji trwaniu, o klimacie,<br \/>\no szkole, w kt\u00f3rej miast etyki pacierz,<\/p>\n<p>o pobiela\u0142ych z oburzenia maskach,<br \/>\no Ziemi, kt\u00f3ra niekoniecznie p\u0142aska,<br \/>\ni o tym panu, co to sami wiecie,<br \/>\ni co w gazecie, i co w internecie,<\/p>\n<p>i jak spod w\u0142adzy wymkn\u0105\u0107 si\u0119 pieni\u0105dza&#8230;<br \/>\nI gdy tak duma\u0107, trawi\u0107 i rozs\u0105dza\u0107,<br \/>\npytanie przy tym nawet nie za\u015bwita,<br \/>\nczy aby warto. A warto by spyta\u0107.<\/p>\n","protected":false},"excerpt":{"rendered":"<p>O czym tu duma\u0107? No, znalaz\u0142oby si\u0119&#8230; O lekach, euro, ACTA, o kryzysie, o rz\u0105dzie, s\u0105dzie i prokuraturze, o wa\u017cnej kwestii czy przed-, czy zamurze, o brzozach tudzie\u017c innym drzewostanie, o tym, co z nami robi\u0105 tanie dranie, o telewizji trwaniu, o klimacie, o szkole, w kt\u00f3rej miast etyki pacierz, o pobiela\u0142ych z oburzenia maskach, o Ziemi, kt\u00f3ra niekoniecznie p\u0142aska, i o tym panu, co to sami wiecie, i co w gazecie, i co w internecie, i jak spod w\u0142adzy wymkn\u0105\u0107 si\u0119 pieni\u0105dza&#8230; I gdy tak duma\u0107, trawi\u0107 i rozs\u0105dza\u0107, pytanie przy tym nawet nie za\u015bwita, czy aby warto. A [&hellip;]<\/p>\n","protected":false},"author":274,"featured_media":0,"parent":2143,"menu_order":0,"comment_status":"open","ping_status":"open","template":"wiersze_polit.php","meta":{"footnotes":""},"class_list":["post-2366","page","type-page","status-publish","hentry"],"_links":{"self":[{"href":"https:\/\/blog-bobika.eu\/index.php?rest_route=\/wp\/v2\/pages\/2366","targetHints":{"allow":["GET"]}}],"collection":[{"href":"https:\/\/blog-bobika.eu\/index.php?rest_route=\/wp\/v2\/pages"}],"about":[{"href":"https:\/\/blog-bobika.eu\/index.php?rest_route=\/wp\/v2\/types\/page"}],"author":[{"embeddable":true,"href":"https:\/\/blog-bobika.eu\/index.php?rest_route=\/wp\/v2\/users\/274"}],"replies":[{"embeddable":true,"href":"https:\/\/blog-bobika.eu\/index.php?rest_route=%2Fwp%2Fv2%2Fcomments&post=2366"}],"version-history":[{"count":1,"href":"https:\/\/blog-bobika.eu\/index.php?rest_route=\/wp\/v2\/pages\/2366\/revisions"}],"predecessor-version":[{"id":2367,"href":"https:\/\/blog-bobika.eu\/index.php?rest_route=\/wp\/v2\/pages\/2366\/revisions\/2367"}],"up":[{"embeddable":true,"href":"https:\/\/blog-bobika.eu\/index.php?rest_route=\/wp\/v2\/pages\/2143"}],"wp:attachment":[{"href":"https:\/\/blog-bobika.eu\/index.php?rest_route=%2Fwp%2Fv2%2Fmedia&parent=2366"}],"curies":[{"name":"wp","href":"https:\/\/api.w.org\/{rel}","templated":true}]}}