{"id":2364,"date":"2015-08-24T13:31:55","date_gmt":"2015-08-24T11:31:55","guid":{"rendered":"http:\/\/blog-bobika.eu\/?page_id=2364"},"modified":"2015-08-24T13:31:55","modified_gmt":"2015-08-24T11:31:55","slug":"nowa-twarz","status":"publish","type":"page","link":"https:\/\/blog-bobika.eu\/?page_id=2364","title":{"rendered":"Nowa twarz"},"content":{"rendered":"<p>Poszed\u0142 Marek na jarmarek,<br \/>\nkupi\u0142 now\u0105 twarz<br \/>\n(stara by\u0142a w takim stanie,<br \/>\n\u017ce cho\u0107 si\u0105d\u017a i strasz).<\/p>\n<p>Postawi\u0142 j\u0105 przed stodo\u0142\u0105 &#8211;<br \/>\nprosz\u0119, twarz na schwa\u0142!<br \/>\nKa\u017cdy wygra\u0142by wybory,<br \/>\ngdyby tak\u0105 mia\u0142.<\/p>\n<p>Oczka u niej si\u0119 puszczaj\u0105<br \/>\nw stron\u0119 wszystkich stron,<br \/>\nwargi d\u017awi\u0119ki za\u015b wydaj\u0105<br \/>\nmocne niby dzwon.<\/p>\n<p>Ludno\u015b\u0107 zbieg\u0142a si\u0119 dziwowa\u0107,<br \/>\nbaby zaraz w pisk:<br \/>\nno fakt &#8211; jak spod ig\u0142y nowa,<br \/>\nlub jak strzeli\u0142 w pysk.<\/p>\n<p>Ch\u0142opom w \u015blepiach b\u0142yska zawi\u015b\u0107 &#8211;<br \/>\nn\u00f3wka, szkoda s\u0142\u00f3w,<br \/>\nsam bym sobie tak\u0105 sprawi\u0142,<br \/>\nbodajbym by\u0142 zdr\u00f3w!<\/p>\n<p>Marek w \u015brodku si\u0119 przechadza<br \/>\ndumny jest, \u017ce hej:<br \/>\nCzy\u017c nie cudna nasza w\u0142adza<br \/>\ni oblicze jej?<\/p>\n<p>A jak morda si\u0119 zu\u017cyje<br \/>\npiarowiec nasz<br \/>\nzaraz kupi lub uszyje,<br \/>\njeszcze jedn\u0105 twarz.<\/p>\n","protected":false},"excerpt":{"rendered":"<p>Poszed\u0142 Marek na jarmarek, kupi\u0142 now\u0105 twarz (stara by\u0142a w takim stanie, \u017ce cho\u0107 si\u0105d\u017a i strasz). Postawi\u0142 j\u0105 przed stodo\u0142\u0105 &#8211; prosz\u0119, twarz na schwa\u0142! Ka\u017cdy wygra\u0142by wybory, gdyby tak\u0105 mia\u0142. Oczka u niej si\u0119 puszczaj\u0105 w stron\u0119 wszystkich stron, wargi d\u017awi\u0119ki za\u015b wydaj\u0105 mocne niby dzwon. Ludno\u015b\u0107 zbieg\u0142a si\u0119 dziwowa\u0107, baby zaraz w pisk: no fakt &#8211; jak spod ig\u0142y nowa, lub jak strzeli\u0142 w pysk. Ch\u0142opom w \u015blepiach b\u0142yska zawi\u015b\u0107 &#8211; n\u00f3wka, szkoda s\u0142\u00f3w, sam bym sobie tak\u0105 sprawi\u0142, bodajbym by\u0142 zdr\u00f3w! Marek w \u015brodku si\u0119 przechadza dumny jest, \u017ce hej: Czy\u017c nie cudna nasza w\u0142adza i [&hellip;]<\/p>\n","protected":false},"author":274,"featured_media":0,"parent":2143,"menu_order":0,"comment_status":"open","ping_status":"open","template":"wiersze_polit.php","meta":{"footnotes":""},"class_list":["post-2364","page","type-page","status-publish","hentry"],"_links":{"self":[{"href":"https:\/\/blog-bobika.eu\/index.php?rest_route=\/wp\/v2\/pages\/2364","targetHints":{"allow":["GET"]}}],"collection":[{"href":"https:\/\/blog-bobika.eu\/index.php?rest_route=\/wp\/v2\/pages"}],"about":[{"href":"https:\/\/blog-bobika.eu\/index.php?rest_route=\/wp\/v2\/types\/page"}],"author":[{"embeddable":true,"href":"https:\/\/blog-bobika.eu\/index.php?rest_route=\/wp\/v2\/users\/274"}],"replies":[{"embeddable":true,"href":"https:\/\/blog-bobika.eu\/index.php?rest_route=%2Fwp%2Fv2%2Fcomments&post=2364"}],"version-history":[{"count":1,"href":"https:\/\/blog-bobika.eu\/index.php?rest_route=\/wp\/v2\/pages\/2364\/revisions"}],"predecessor-version":[{"id":2365,"href":"https:\/\/blog-bobika.eu\/index.php?rest_route=\/wp\/v2\/pages\/2364\/revisions\/2365"}],"up":[{"embeddable":true,"href":"https:\/\/blog-bobika.eu\/index.php?rest_route=\/wp\/v2\/pages\/2143"}],"wp:attachment":[{"href":"https:\/\/blog-bobika.eu\/index.php?rest_route=%2Fwp%2Fv2%2Fmedia&parent=2364"}],"curies":[{"name":"wp","href":"https:\/\/api.w.org\/{rel}","templated":true}]}}