{"id":2362,"date":"2015-08-24T13:30:52","date_gmt":"2015-08-24T11:30:52","guid":{"rendered":"http:\/\/blog-bobika.eu\/?page_id=2362"},"modified":"2015-08-24T13:30:52","modified_gmt":"2015-08-24T11:30:52","slug":"nosiciel","status":"publish","type":"page","link":"https:\/\/blog-bobika.eu\/?page_id=2362","title":{"rendered":"Nosiciel"},"content":{"rendered":"<p>Nosiciel wody swych koromys\u0142<br \/>\ndonosi\u0142 mn\u00f3stwo wiela,<br \/>\na\u017c do inspekcji pewnej doni\u00f3s\u0142<br \/>\nraz kto\u015b na nosiciela.<\/p>\n<p>Zjawili zaraz si\u0119 pod drzwiami<br \/>\ni dalej nacisk robi\u0107:<br \/>\ndonosisz? Powiedz jak? Wiadrami?<br \/>\nGdzie? na pustyni\u0119 Gobi?<\/p>\n<p>Jak w\u0105\u017c nosiciel si\u0119 wywija,<br \/>\nogonem niemal chlasta,<br \/>\na w tle o Jezus i Maryja<br \/>\ni prawie jedenasta!<\/p>\n<p>I \u017cycie takie, \u017ce o kawa\u0142<br \/>\ninspekcji a\u017c si\u0119 prosi&#8230;<br \/>\nAch, po com, po com ja nadawa\u0142,<br \/>\nach, po com ja donosi\u0142?<\/p>\n<p>Po k\u0105tach biegli niby \u0142anie,<br \/>\nprotok\u00f3\u0142 napisali,<br \/>\nlecz w ko\u0144cu by\u0142o sprawozdanie&#8230;<br \/>\nno, tak&#8230; cum grano salis.<\/p>\n<p>I zn\u00f3w nosiciel \u0142zy wylewa,<br \/>\nbiczuj\u0105c si\u0119 do tego,<br \/>\nach, trzeba by\u0142o ju\u017c, cholewa,<br \/>\ndonosi\u0107 na ca\u0142ego.<\/p>\n<p>Bo w telewizji nie poka\u017c\u0105,<br \/>\nna pr\u00f3\u017cno by si\u0119 prosi\u0107&#8230;<br \/>\nT\u0119 \u017ciz\u0144 trza w \u0142apie trzyma\u0107 wra\u017c\u0105<br \/>\ni wiedzie\u0107 jak donosi\u0107! <\/p>\n","protected":false},"excerpt":{"rendered":"<p>Nosiciel wody swych koromys\u0142 donosi\u0142 mn\u00f3stwo wiela, a\u017c do inspekcji pewnej doni\u00f3s\u0142 raz kto\u015b na nosiciela. Zjawili zaraz si\u0119 pod drzwiami i dalej nacisk robi\u0107: donosisz? Powiedz jak? Wiadrami? Gdzie? na pustyni\u0119 Gobi? Jak w\u0105\u017c nosiciel si\u0119 wywija, ogonem niemal chlasta, a w tle o Jezus i Maryja i prawie jedenasta! I \u017cycie takie, \u017ce o kawa\u0142 inspekcji a\u017c si\u0119 prosi&#8230; Ach, po com, po com ja nadawa\u0142, ach, po com ja donosi\u0142? Po k\u0105tach biegli niby \u0142anie, protok\u00f3\u0142 napisali, lecz w ko\u0144cu by\u0142o sprawozdanie&#8230; no, tak&#8230; cum grano salis. I zn\u00f3w nosiciel \u0142zy wylewa, biczuj\u0105c si\u0119 do tego, ach, [&hellip;]<\/p>\n","protected":false},"author":274,"featured_media":0,"parent":2143,"menu_order":0,"comment_status":"open","ping_status":"open","template":"wiersze_polit.php","meta":{"footnotes":""},"class_list":["post-2362","page","type-page","status-publish","hentry"],"_links":{"self":[{"href":"https:\/\/blog-bobika.eu\/index.php?rest_route=\/wp\/v2\/pages\/2362","targetHints":{"allow":["GET"]}}],"collection":[{"href":"https:\/\/blog-bobika.eu\/index.php?rest_route=\/wp\/v2\/pages"}],"about":[{"href":"https:\/\/blog-bobika.eu\/index.php?rest_route=\/wp\/v2\/types\/page"}],"author":[{"embeddable":true,"href":"https:\/\/blog-bobika.eu\/index.php?rest_route=\/wp\/v2\/users\/274"}],"replies":[{"embeddable":true,"href":"https:\/\/blog-bobika.eu\/index.php?rest_route=%2Fwp%2Fv2%2Fcomments&post=2362"}],"version-history":[{"count":1,"href":"https:\/\/blog-bobika.eu\/index.php?rest_route=\/wp\/v2\/pages\/2362\/revisions"}],"predecessor-version":[{"id":2363,"href":"https:\/\/blog-bobika.eu\/index.php?rest_route=\/wp\/v2\/pages\/2362\/revisions\/2363"}],"up":[{"embeddable":true,"href":"https:\/\/blog-bobika.eu\/index.php?rest_route=\/wp\/v2\/pages\/2143"}],"wp:attachment":[{"href":"https:\/\/blog-bobika.eu\/index.php?rest_route=%2Fwp%2Fv2%2Fmedia&parent=2362"}],"curies":[{"name":"wp","href":"https:\/\/api.w.org\/{rel}","templated":true}]}}