{"id":2351,"date":"2015-08-24T13:24:44","date_gmt":"2015-08-24T11:24:44","guid":{"rendered":"http:\/\/blog-bobika.eu\/?page_id=2351"},"modified":"2015-08-24T13:24:44","modified_gmt":"2015-08-24T11:24:44","slug":"niedokonczony-wierszyk-o-dziewczynkach-i-chlopczykach","status":"publish","type":"page","link":"https:\/\/blog-bobika.eu\/?page_id=2351","title":{"rendered":"Niedokonczony wierszyk o dziewczynkach i chlopczykach"},"content":{"rendered":"<p>Sam si\u0119 za bardzo na tym nie znam,<br \/>\nale s\u0142ysza\u0142em w okolicy,<br \/>\n\u017ce wszelki seksualny bez\u0142ad<br \/>\ngorszy od raka jest macicy.<\/p>\n<p>Wyniki statystyki nawet<br \/>\nbez\u0142ad poprawi\u0107 mo\u017ce krzyn\u0119,<br \/>\ni zwi\u0119kszy\u0107 mo\u0142ojeck\u0105 s\u0142aw\u0119,<br \/>\ndla ch\u0142opc\u00f3w jednak, nie dziewczynek.<\/p>\n<p>Bo gdy dziewczynkom, nie ch\u0142opczykom,<br \/>\njaki\u015b tam g\u0142upi rak zagra\u017ca,<br \/>\nto si\u0119 wystarczy przesta\u0107 bzyka\u0107<br \/>\ni nie ma co i\u015b\u0107 do lekarza,<\/p>\n<p>a problem robi si\u0119 po byku<br \/>\nz tego, gdzie dziurka jest, gdzie siusiak.<br \/>\nPo co masz szczepi\u0107 si\u0119, ch\u0142opczyku,<br \/>\njak w gruncie rzeczy by\u015b nie musia\u0142?<\/p>\n<p>Dziewczynko \u0142adna, mi\u0142a, gracka<br \/>\nczy ci do szczepie\u0144 serce p\u0142acze?<br \/>\nChcesz znale\u017a\u0107 si\u0119 w swawoli mackach?<br \/>\nto ju\u017c na pewno lepszy raczek.<\/p>\n<p>Jest w \u015bwiecie kraj, gdzie nawet z raka<br \/>\nzrobi si\u0119 spraw\u0119 ideolo.<br \/>\n\u015amia\u0107 trzeba si\u0119, czy raczej p\u0142aka\u0107,<br \/>\ngdy publicy\u015bci tak \u2026?<\/p>\n","protected":false},"excerpt":{"rendered":"<p>Sam si\u0119 za bardzo na tym nie znam, ale s\u0142ysza\u0142em w okolicy, \u017ce wszelki seksualny bez\u0142ad gorszy od raka jest macicy. Wyniki statystyki nawet bez\u0142ad poprawi\u0107 mo\u017ce krzyn\u0119, i zwi\u0119kszy\u0107 mo\u0142ojeck\u0105 s\u0142aw\u0119, dla ch\u0142opc\u00f3w jednak, nie dziewczynek. Bo gdy dziewczynkom, nie ch\u0142opczykom, jaki\u015b tam g\u0142upi rak zagra\u017ca, to si\u0119 wystarczy przesta\u0107 bzyka\u0107 i nie ma co i\u015b\u0107 do lekarza, a problem robi si\u0119 po byku z tego, gdzie dziurka jest, gdzie siusiak. Po co masz szczepi\u0107 si\u0119, ch\u0142opczyku, jak w gruncie rzeczy by\u015b nie musia\u0142? Dziewczynko \u0142adna, mi\u0142a, gracka czy ci do szczepie\u0144 serce p\u0142acze? Chcesz znale\u017a\u0107 si\u0119 w swawoli [&hellip;]<\/p>\n","protected":false},"author":274,"featured_media":0,"parent":2143,"menu_order":0,"comment_status":"open","ping_status":"open","template":"wiersze_polit.php","meta":{"footnotes":""},"class_list":["post-2351","page","type-page","status-publish","hentry"],"_links":{"self":[{"href":"https:\/\/blog-bobika.eu\/index.php?rest_route=\/wp\/v2\/pages\/2351","targetHints":{"allow":["GET"]}}],"collection":[{"href":"https:\/\/blog-bobika.eu\/index.php?rest_route=\/wp\/v2\/pages"}],"about":[{"href":"https:\/\/blog-bobika.eu\/index.php?rest_route=\/wp\/v2\/types\/page"}],"author":[{"embeddable":true,"href":"https:\/\/blog-bobika.eu\/index.php?rest_route=\/wp\/v2\/users\/274"}],"replies":[{"embeddable":true,"href":"https:\/\/blog-bobika.eu\/index.php?rest_route=%2Fwp%2Fv2%2Fcomments&post=2351"}],"version-history":[{"count":1,"href":"https:\/\/blog-bobika.eu\/index.php?rest_route=\/wp\/v2\/pages\/2351\/revisions"}],"predecessor-version":[{"id":2352,"href":"https:\/\/blog-bobika.eu\/index.php?rest_route=\/wp\/v2\/pages\/2351\/revisions\/2352"}],"up":[{"embeddable":true,"href":"https:\/\/blog-bobika.eu\/index.php?rest_route=\/wp\/v2\/pages\/2143"}],"wp:attachment":[{"href":"https:\/\/blog-bobika.eu\/index.php?rest_route=%2Fwp%2Fv2%2Fmedia&parent=2351"}],"curies":[{"name":"wp","href":"https:\/\/api.w.org\/{rel}","templated":true}]}}