{"id":2349,"date":"2015-08-24T13:23:38","date_gmt":"2015-08-24T11:23:38","guid":{"rendered":"http:\/\/blog-bobika.eu\/?page_id=2349"},"modified":"2015-08-24T13:23:53","modified_gmt":"2015-08-24T11:23:53","slug":"nie-rusz-stasiu-tych-zabawek","status":"publish","type":"page","link":"https:\/\/blog-bobika.eu\/?page_id=2349","title":{"rendered":"Nie rusz Stasiu tych zabawek"},"content":{"rendered":"<p>Nie rusz, Stasiu, tych zabawek,<br \/>\nto d\u017cendera jest objawem,<br \/>\nkiedy ch\u0142opczyk wyjdzie z k\u0105ta<br \/>\ni po sobie sam posprz\u0105ta,<br \/>\nzamiast czeka\u0107, stroj\u0105c minki,<br \/>\na\u017c si\u0119 zajm\u0105 tym dziewczynki.<br \/>\nNie przystoi ch\u0142opcu zmiotka,<br \/>\n\u017ale, gdy si\u0119 ze \u015bcierk\u0105 spotka,<br \/>\na gdy w r\u0105czkach ma odkurzacz,<br \/>\nbozia strasznie si\u0119 oburza!<\/p>\n<p>Sta\u015b pos\u0142ucha\u0142 s\u0142\u00f3w mamusi,<br \/>\ndo sprz\u0105tania siostr\u0119 zmusi\u0142<br \/>\ni &#8211; nieszcz\u0119\u015bcie, zbita d..a:<br \/>\nwyr\u00f3s\u0142 na arcybiskupa. <\/p>\n","protected":false},"excerpt":{"rendered":"<p>Nie rusz, Stasiu, tych zabawek, to d\u017cendera jest objawem, kiedy ch\u0142opczyk wyjdzie z k\u0105ta i po sobie sam posprz\u0105ta, zamiast czeka\u0107, stroj\u0105c minki, a\u017c si\u0119 zajm\u0105 tym dziewczynki. Nie przystoi ch\u0142opcu zmiotka, \u017ale, gdy si\u0119 ze \u015bcierk\u0105 spotka, a gdy w r\u0105czkach ma odkurzacz, bozia strasznie si\u0119 oburza! Sta\u015b pos\u0142ucha\u0142 s\u0142\u00f3w mamusi, do sprz\u0105tania siostr\u0119 zmusi\u0142 i &#8211; nieszcz\u0119\u015bcie, zbita d..a: wyr\u00f3s\u0142 na arcybiskupa.<\/p>\n","protected":false},"author":274,"featured_media":0,"parent":2143,"menu_order":0,"comment_status":"open","ping_status":"open","template":"wiersze_polit.php","meta":{"footnotes":""},"class_list":["post-2349","page","type-page","status-publish","hentry"],"_links":{"self":[{"href":"https:\/\/blog-bobika.eu\/index.php?rest_route=\/wp\/v2\/pages\/2349","targetHints":{"allow":["GET"]}}],"collection":[{"href":"https:\/\/blog-bobika.eu\/index.php?rest_route=\/wp\/v2\/pages"}],"about":[{"href":"https:\/\/blog-bobika.eu\/index.php?rest_route=\/wp\/v2\/types\/page"}],"author":[{"embeddable":true,"href":"https:\/\/blog-bobika.eu\/index.php?rest_route=\/wp\/v2\/users\/274"}],"replies":[{"embeddable":true,"href":"https:\/\/blog-bobika.eu\/index.php?rest_route=%2Fwp%2Fv2%2Fcomments&post=2349"}],"version-history":[{"count":1,"href":"https:\/\/blog-bobika.eu\/index.php?rest_route=\/wp\/v2\/pages\/2349\/revisions"}],"predecessor-version":[{"id":2350,"href":"https:\/\/blog-bobika.eu\/index.php?rest_route=\/wp\/v2\/pages\/2349\/revisions\/2350"}],"up":[{"embeddable":true,"href":"https:\/\/blog-bobika.eu\/index.php?rest_route=\/wp\/v2\/pages\/2143"}],"wp:attachment":[{"href":"https:\/\/blog-bobika.eu\/index.php?rest_route=%2Fwp%2Fv2%2Fmedia&parent=2349"}],"curies":[{"name":"wp","href":"https:\/\/api.w.org\/{rel}","templated":true}]}}