{"id":2347,"date":"2015-08-24T13:22:38","date_gmt":"2015-08-24T11:22:38","guid":{"rendered":"http:\/\/blog-bobika.eu\/?page_id=2347"},"modified":"2015-08-24T13:22:38","modified_gmt":"2015-08-24T11:22:38","slug":"nawracanie-kosmitow","status":"publish","type":"page","link":"https:\/\/blog-bobika.eu\/?page_id=2347","title":{"rendered":"Nawracanie kosmit\u00f3w"},"content":{"rendered":"<p>Kosmita niechrzczony to straszny chuligan,<br \/>\nbez zasad moralnych pod\u0142o\u017ca,<br \/>\nod s\u0142usznych post\u0119pk\u00f3w uparcie si\u0119 miga,<br \/>\na w pi\u0105tek kotleta by po\u017car\u0142. <\/p>\n<p>Z galaktyk pocz\u0119tych si\u0119 tylko wy\u015bmiewa,<br \/>\nmiast chroni\u0107 je moc\u0105 ustawy<br \/>\ni na swej Szatanii wci\u0105\u017c jab\u0142ka je z drzewa,<br \/>\nbo taki okropny ma nawyk.<\/p>\n<p>Lecz kiedy ci uda si\u0119 ochrzci\u0107 kosmit\u0119,<br \/>\nol\u015bnienie mu sp\u0142ywa pod czach\u0119,<br \/>\ncho\u0107 mo\u017ce nie ca\u0142kiem sumienny by\u0107 z PIT-em,<br \/>\nna tac\u0119 dorzuci z rozmachem.<\/p>\n<p>I taki od tego si\u0119 robi milutki,<br \/>\n\u017ce nie masz cudniejszych ju\u017c byt\u00f3w,<br \/>\nwi\u0119c widz\u0105c, jak zbawcze tej akcji s\u0105 skutki,<br \/>\nruszajmy nawraca\u0107 kosmit\u00f3w!<\/p>\n","protected":false},"excerpt":{"rendered":"<p>Kosmita niechrzczony to straszny chuligan, bez zasad moralnych pod\u0142o\u017ca, od s\u0142usznych post\u0119pk\u00f3w uparcie si\u0119 miga, a w pi\u0105tek kotleta by po\u017car\u0142. Z galaktyk pocz\u0119tych si\u0119 tylko wy\u015bmiewa, miast chroni\u0107 je moc\u0105 ustawy i na swej Szatanii wci\u0105\u017c jab\u0142ka je z drzewa, bo taki okropny ma nawyk. Lecz kiedy ci uda si\u0119 ochrzci\u0107 kosmit\u0119, ol\u015bnienie mu sp\u0142ywa pod czach\u0119, cho\u0107 mo\u017ce nie ca\u0142kiem sumienny by\u0107 z PIT-em, na tac\u0119 dorzuci z rozmachem. I taki od tego si\u0119 robi milutki, \u017ce nie masz cudniejszych ju\u017c byt\u00f3w, wi\u0119c widz\u0105c, jak zbawcze tej akcji s\u0105 skutki, ruszajmy nawraca\u0107 kosmit\u00f3w!<\/p>\n","protected":false},"author":274,"featured_media":0,"parent":2143,"menu_order":0,"comment_status":"open","ping_status":"open","template":"wiersze_polit.php","meta":{"footnotes":""},"class_list":["post-2347","page","type-page","status-publish","hentry"],"_links":{"self":[{"href":"https:\/\/blog-bobika.eu\/index.php?rest_route=\/wp\/v2\/pages\/2347","targetHints":{"allow":["GET"]}}],"collection":[{"href":"https:\/\/blog-bobika.eu\/index.php?rest_route=\/wp\/v2\/pages"}],"about":[{"href":"https:\/\/blog-bobika.eu\/index.php?rest_route=\/wp\/v2\/types\/page"}],"author":[{"embeddable":true,"href":"https:\/\/blog-bobika.eu\/index.php?rest_route=\/wp\/v2\/users\/274"}],"replies":[{"embeddable":true,"href":"https:\/\/blog-bobika.eu\/index.php?rest_route=%2Fwp%2Fv2%2Fcomments&post=2347"}],"version-history":[{"count":1,"href":"https:\/\/blog-bobika.eu\/index.php?rest_route=\/wp\/v2\/pages\/2347\/revisions"}],"predecessor-version":[{"id":2348,"href":"https:\/\/blog-bobika.eu\/index.php?rest_route=\/wp\/v2\/pages\/2347\/revisions\/2348"}],"up":[{"embeddable":true,"href":"https:\/\/blog-bobika.eu\/index.php?rest_route=\/wp\/v2\/pages\/2143"}],"wp:attachment":[{"href":"https:\/\/blog-bobika.eu\/index.php?rest_route=%2Fwp%2Fv2%2Fmedia&parent=2347"}],"curies":[{"name":"wp","href":"https:\/\/api.w.org\/{rel}","templated":true}]}}