{"id":2345,"date":"2015-08-24T13:21:52","date_gmt":"2015-08-24T11:21:52","guid":{"rendered":"http:\/\/blog-bobika.eu\/?page_id=2345"},"modified":"2015-08-24T13:21:52","modified_gmt":"2015-08-24T11:21:52","slug":"naukawcy","status":"publish","type":"page","link":"https:\/\/blog-bobika.eu\/?page_id=2345","title":{"rendered":"Naukawcy"},"content":{"rendered":"<p>Naukawc\u00f3w namno\u017cy\u0142o nam si\u0119 co niemiara,<br \/>\nkto \u017cyw, modnym tym zaj\u0119ciem si\u0119 ostatnio para,<br \/>\nbo nie trzeba tu poziomu trzyma\u0107 ni cholery,<br \/>\nstarczy drobiazg przed nazwiskiem, ot &#8211; cztery litery.<\/p>\n<p>Naukawiec, czy m\u0119\u017cczyzn\u0105 jest, czy te\u017c kobiet\u0105,<br \/>\nma starannie przestrzegany naukawy etos,<br \/>\nw nim zasad\u0119 za\u015b, nad Odr\u0105 znan\u0105 i nad Wis\u0142\u0105:<br \/>\nnie ma takiej bredni, kt\u00f3rej by nie mo\u017cna wcisn\u0105\u0107,<\/p>\n<p>nie ma bzdury, co nie przejdzie t\u0119dy czy ow\u0119dy,<br \/>\nka\u017cdy mo\u017ce sobie prawi\u0107 dowolne biniendy,<br \/>\nbyle &#8211; chamstwem popisuj\u0105c si\u0119 lub gro\u017anym bzdetem &#8211;<br \/>\nnaukawym swym podeprze\u0107 je autorytetem.<\/p>\n<p>W naukawc\u00f3w grupie \u0142atwo trafi\u0107 na kanali\u0119,<br \/>\nco przypisze komu zechce jak\u0105\u015b anomali\u0119,<br \/>\noraz jako oczywisto\u015b\u0107 oczywist\u0105 sprzeda,<br \/>\n\u017ce cz\u0142owiekiem jest zarodek, ale nie jest peda\u0142.<\/p>\n<p>W dobrym tonie jest w tym gronie ho\u0142ubi\u0107 idiotk\u0119,<br \/>\nkt\u00f3ra eksperymentuje z naukawym smrodkiem<br \/>\ni umys\u0142y na teorii swoich cud otwiera,<br \/>\nporykuj\u0105c: Ziemia p\u0142aska jest jak twarz boksera.<\/p>\n<p>Innych cud\u00f3w te\u017c nie braknie w naukawych kr\u0119gach,<br \/>\nbo bez cud\u00f3w czego\u015b dowie\u015b\u0107 to przecie\u017c mord\u0119ga,<br \/>\nobjawienia za\u015b rozci\u0105ga\u0107 mo\u017cna niczym gum\u0119,<br \/>\nnie pisn\u0105wszy nic, gdzie wiara jest, a gdzie argument.<\/p>\n<p>W Ostro\u0142\u0119ce, czy w Toruniu, czy w G\u00f3rze Jeleniej,<br \/>\nwsz\u0119dzie rak naukawo\u015bci mo\u017ce si\u0119 rozpleni\u0107.<br \/>\nBoli tylko, \u017ce ofiar\u0105 jego jest nauka,<br \/>\nprzyzywana bez lito\u015bci i prawem kaduka.<\/p>\n","protected":false},"excerpt":{"rendered":"<p>Naukawc\u00f3w namno\u017cy\u0142o nam si\u0119 co niemiara, kto \u017cyw, modnym tym zaj\u0119ciem si\u0119 ostatnio para, bo nie trzeba tu poziomu trzyma\u0107 ni cholery, starczy drobiazg przed nazwiskiem, ot &#8211; cztery litery. Naukawiec, czy m\u0119\u017cczyzn\u0105 jest, czy te\u017c kobiet\u0105, ma starannie przestrzegany naukawy etos, w nim zasad\u0119 za\u015b, nad Odr\u0105 znan\u0105 i nad Wis\u0142\u0105: nie ma takiej bredni, kt\u00f3rej by nie mo\u017cna wcisn\u0105\u0107, nie ma bzdury, co nie przejdzie t\u0119dy czy ow\u0119dy, ka\u017cdy mo\u017ce sobie prawi\u0107 dowolne biniendy, byle &#8211; chamstwem popisuj\u0105c si\u0119 lub gro\u017anym bzdetem &#8211; naukawym swym podeprze\u0107 je autorytetem. W naukawc\u00f3w grupie \u0142atwo trafi\u0107 na kanali\u0119, co przypisze komu [&hellip;]<\/p>\n","protected":false},"author":274,"featured_media":0,"parent":2143,"menu_order":0,"comment_status":"open","ping_status":"open","template":"wiersze_polit.php","meta":{"footnotes":""},"class_list":["post-2345","page","type-page","status-publish","hentry"],"_links":{"self":[{"href":"https:\/\/blog-bobika.eu\/index.php?rest_route=\/wp\/v2\/pages\/2345","targetHints":{"allow":["GET"]}}],"collection":[{"href":"https:\/\/blog-bobika.eu\/index.php?rest_route=\/wp\/v2\/pages"}],"about":[{"href":"https:\/\/blog-bobika.eu\/index.php?rest_route=\/wp\/v2\/types\/page"}],"author":[{"embeddable":true,"href":"https:\/\/blog-bobika.eu\/index.php?rest_route=\/wp\/v2\/users\/274"}],"replies":[{"embeddable":true,"href":"https:\/\/blog-bobika.eu\/index.php?rest_route=%2Fwp%2Fv2%2Fcomments&post=2345"}],"version-history":[{"count":1,"href":"https:\/\/blog-bobika.eu\/index.php?rest_route=\/wp\/v2\/pages\/2345\/revisions"}],"predecessor-version":[{"id":2346,"href":"https:\/\/blog-bobika.eu\/index.php?rest_route=\/wp\/v2\/pages\/2345\/revisions\/2346"}],"up":[{"embeddable":true,"href":"https:\/\/blog-bobika.eu\/index.php?rest_route=\/wp\/v2\/pages\/2143"}],"wp:attachment":[{"href":"https:\/\/blog-bobika.eu\/index.php?rest_route=%2Fwp%2Fv2%2Fmedia&parent=2345"}],"curies":[{"name":"wp","href":"https:\/\/api.w.org\/{rel}","templated":true}]}}