{"id":2343,"date":"2015-08-24T13:18:28","date_gmt":"2015-08-24T11:18:28","guid":{"rendered":"http:\/\/blog-bobika.eu\/?page_id=2343"},"modified":"2015-08-24T13:18:28","modified_gmt":"2015-08-24T11:18:28","slug":"murowana-piwnica","status":"publish","type":"page","link":"https:\/\/blog-bobika.eu\/?page_id=2343","title":{"rendered":"Murowana piwnica"},"content":{"rendered":"<p>W murowanej piwnicy<br \/>\nta\u0144cyli politycy,<br \/>\nkazali se basowa\u0107,<br \/>\nna r\u0105cki nie spozira\u0107.<\/p>\n<p>Kuzden jeden ch\u0142op cy pon<br \/>\nrozem z nimi rusy\u0142 w ton,<br \/>\ndy\u0107 na swojom nute gro\u0142,<br \/>\nbo sie przecie, kurde, zno\u0142.<\/p>\n<p>A jak kuzden sie tak zno,<br \/>\nnikt juz nie wi w co sie gro,<br \/>\nba w niekt\u00f3rych zawodach<br \/>\nto nie zodna przeskoda.<\/p>\n<p>Kuzden w ta\u0144cu wywija,<br \/>\nwiwat demokracyja,<br \/>\nbedziem przytupywoli,<br \/>\naz piwnica sie zwoli,<br \/>\nheeeeej!<\/p>\n","protected":false},"excerpt":{"rendered":"<p>W murowanej piwnicy ta\u0144cyli politycy, kazali se basowa\u0107, na r\u0105cki nie spozira\u0107. Kuzden jeden ch\u0142op cy pon rozem z nimi rusy\u0142 w ton, dy\u0107 na swojom nute gro\u0142, bo sie przecie, kurde, zno\u0142. A jak kuzden sie tak zno, nikt juz nie wi w co sie gro, ba w niekt\u00f3rych zawodach to nie zodna przeskoda. Kuzden w ta\u0144cu wywija, wiwat demokracyja, bedziem przytupywoli, az piwnica sie zwoli, heeeeej!<\/p>\n","protected":false},"author":274,"featured_media":0,"parent":2143,"menu_order":0,"comment_status":"open","ping_status":"open","template":"wiersze_polit.php","meta":{"footnotes":""},"class_list":["post-2343","page","type-page","status-publish","hentry"],"_links":{"self":[{"href":"https:\/\/blog-bobika.eu\/index.php?rest_route=\/wp\/v2\/pages\/2343","targetHints":{"allow":["GET"]}}],"collection":[{"href":"https:\/\/blog-bobika.eu\/index.php?rest_route=\/wp\/v2\/pages"}],"about":[{"href":"https:\/\/blog-bobika.eu\/index.php?rest_route=\/wp\/v2\/types\/page"}],"author":[{"embeddable":true,"href":"https:\/\/blog-bobika.eu\/index.php?rest_route=\/wp\/v2\/users\/274"}],"replies":[{"embeddable":true,"href":"https:\/\/blog-bobika.eu\/index.php?rest_route=%2Fwp%2Fv2%2Fcomments&post=2343"}],"version-history":[{"count":1,"href":"https:\/\/blog-bobika.eu\/index.php?rest_route=\/wp\/v2\/pages\/2343\/revisions"}],"predecessor-version":[{"id":2344,"href":"https:\/\/blog-bobika.eu\/index.php?rest_route=\/wp\/v2\/pages\/2343\/revisions\/2344"}],"up":[{"embeddable":true,"href":"https:\/\/blog-bobika.eu\/index.php?rest_route=\/wp\/v2\/pages\/2143"}],"wp:attachment":[{"href":"https:\/\/blog-bobika.eu\/index.php?rest_route=%2Fwp%2Fv2%2Fmedia&parent=2343"}],"curies":[{"name":"wp","href":"https:\/\/api.w.org\/{rel}","templated":true}]}}