{"id":2341,"date":"2015-08-24T13:17:42","date_gmt":"2015-08-24T11:17:42","guid":{"rendered":"http:\/\/blog-bobika.eu\/?page_id=2341"},"modified":"2015-08-24T13:17:42","modified_gmt":"2015-08-24T11:17:42","slug":"moja-i-nie-moja","status":"publish","type":"page","link":"https:\/\/blog-bobika.eu\/?page_id=2341","title":{"rendered":"Moja i nie moja"},"content":{"rendered":"<p>Czuj\u0119 si\u0119, jakbym wzi\u0105\u0142 po pysku<br \/>\ni obrzydzenie mnie przenika,<br \/>\ngdy ciska w kogo\u015b arcybiskup<br \/>\npytaniem godnym szmalcownika.<\/p>\n<p>Nie moja sprawa &#8211; m\u00f3g\u0142bym my\u015ble\u0107 &#8211;<br \/>\nnie b\u0119d\u0119 w misce mniej mia\u0142 przez to,<br \/>\nnie wyschnie nagle woda w Wi\u015ble,<br \/>\ngdy si\u0119 nie zerw\u0119 do protestu.<\/p>\n<p>Ale co\u015b boli, rwie, boruje,<br \/>\nupiera si\u0119: to przecie\u017c chore,<br \/>\n\u017ce chc\u0105 zagl\u0105da\u0107 jakie\u015b szuje<br \/>\nw &#8211; co z tego, \u017ce nie m\u00f3j &#8211; rozporek.<\/p>\n<p>Mnie wstyd, nie im, gdy na to patrz\u0119<br \/>\ni pytam z mrocznym niepokojem:<br \/>\nczy s\u0105 ci wszyscy zagl\u0105dacze<br \/>\nz ojczyzny mojej &#8211; czy nie mojej?<\/p>\n","protected":false},"excerpt":{"rendered":"<p>Czuj\u0119 si\u0119, jakbym wzi\u0105\u0142 po pysku i obrzydzenie mnie przenika, gdy ciska w kogo\u015b arcybiskup pytaniem godnym szmalcownika. Nie moja sprawa &#8211; m\u00f3g\u0142bym my\u015ble\u0107 &#8211; nie b\u0119d\u0119 w misce mniej mia\u0142 przez to, nie wyschnie nagle woda w Wi\u015ble, gdy si\u0119 nie zerw\u0119 do protestu. Ale co\u015b boli, rwie, boruje, upiera si\u0119: to przecie\u017c chore, \u017ce chc\u0105 zagl\u0105da\u0107 jakie\u015b szuje w &#8211; co z tego, \u017ce nie m\u00f3j &#8211; rozporek. Mnie wstyd, nie im, gdy na to patrz\u0119 i pytam z mrocznym niepokojem: czy s\u0105 ci wszyscy zagl\u0105dacze z ojczyzny mojej &#8211; czy nie mojej?<\/p>\n","protected":false},"author":274,"featured_media":0,"parent":2143,"menu_order":0,"comment_status":"open","ping_status":"open","template":"wiersze_polit.php","meta":{"footnotes":""},"class_list":["post-2341","page","type-page","status-publish","hentry"],"_links":{"self":[{"href":"https:\/\/blog-bobika.eu\/index.php?rest_route=\/wp\/v2\/pages\/2341","targetHints":{"allow":["GET"]}}],"collection":[{"href":"https:\/\/blog-bobika.eu\/index.php?rest_route=\/wp\/v2\/pages"}],"about":[{"href":"https:\/\/blog-bobika.eu\/index.php?rest_route=\/wp\/v2\/types\/page"}],"author":[{"embeddable":true,"href":"https:\/\/blog-bobika.eu\/index.php?rest_route=\/wp\/v2\/users\/274"}],"replies":[{"embeddable":true,"href":"https:\/\/blog-bobika.eu\/index.php?rest_route=%2Fwp%2Fv2%2Fcomments&post=2341"}],"version-history":[{"count":1,"href":"https:\/\/blog-bobika.eu\/index.php?rest_route=\/wp\/v2\/pages\/2341\/revisions"}],"predecessor-version":[{"id":2342,"href":"https:\/\/blog-bobika.eu\/index.php?rest_route=\/wp\/v2\/pages\/2341\/revisions\/2342"}],"up":[{"embeddable":true,"href":"https:\/\/blog-bobika.eu\/index.php?rest_route=\/wp\/v2\/pages\/2143"}],"wp:attachment":[{"href":"https:\/\/blog-bobika.eu\/index.php?rest_route=%2Fwp%2Fv2%2Fmedia&parent=2341"}],"curies":[{"name":"wp","href":"https:\/\/api.w.org\/{rel}","templated":true}]}}