{"id":2335,"date":"2015-08-24T13:13:44","date_gmt":"2015-08-24T11:13:44","guid":{"rendered":"http:\/\/blog-bobika.eu\/?page_id=2335"},"modified":"2015-08-24T13:13:44","modified_gmt":"2015-08-24T11:13:44","slug":"ministerstwo-kultury","status":"publish","type":"page","link":"https:\/\/blog-bobika.eu\/?page_id=2335","title":{"rendered":"Ministerstwo kultury"},"content":{"rendered":"<p>Raz do ministra wpad\u0142a kultura,<br \/>\nz w\u0142osem rozwianym, na licu blada:<br \/>\npanie ministrze, nade mn\u0105 chmura,<br \/>\nz\u0142y biurokrata cios chce mi zada\u0107.<\/p>\n<p>Nic go nie wzrusza, \u017cem ja mimoza,<br \/>\n\u017ce byle przeci\u0105g mo\u017ce mnie z\u0142ama\u0107,<br \/>\n\u017ce nacisk z g\u00f3ry to dla mnie zgroza&#8230;<br \/>\nTakie podej\u015bcie to przecie\u017c dramat!<\/p>\n<p>Paragrafami ci\u0105gle mi grozi,<br \/>\nna ka\u017cdym kroku utrudnia \u017cycie&#8230;<br \/>\nNo, ja ju\u017c nie wiem &#8211; r\u0105czki do Bozi,<br \/>\nczy raczej stryczek i hak w suficie?<\/p>\n<p>Ty masz by\u0107 pono\u0107 mym adwokatem,<br \/>\nczci mojej broni\u0107 masz do ostatka,<br \/>\nwspiera\u0107, os\u0142ania\u0107, karmi\u0107 &#8211; a zatem<br \/>\nnie daj mi upa\u015b\u0107 i pot\u0142uc zadka.<\/p>\n<p>Powsta\u0142 minister zza pi\u0119ciu biurek,<br \/>\ntors wypi\u0105\u0142 gro\u017anie sw\u00f3j urz\u0119dowy,<br \/>\ni strasznie spojrza\u0142 tak na kultur\u0119,<br \/>\n\u017ce zapomnia\u0142a a\u017c w g\u0119bie mowy.<\/p>\n<p>Po czym, starannie sprawdzaj\u0105c okiem,<br \/>\nczy gdzie\u015b w pobli\u017cu nie ma kamery,<br \/>\nw tony uderzy\u0142 nader wysokie<br \/>\ni wrzasn\u0105\u0142: pasz\u0142a ty do cholery!<\/p>\n<p>Z tob\u0105 si\u0119 zada\u0107 to tylko problem,<br \/>\nwiecznie by\u015b chcia\u0142a czego\u015b dla ducha.<br \/>\nCho\u0107by\u015b kusi\u0142a mnie samym Noblem,<br \/>\nnie mam zamiaru d\u0142u\u017cej ci\u0119 s\u0142ucha\u0107!<\/p>\n<p>Dla mnie jest wa\u017cne, jak swoje gierki<br \/>\nmam polityczne rozegra\u0107 sprytnie,<br \/>\ndla kogo papu, komu obierki,<br \/>\na c\u00f3\u017c obchodzi mnie, czy ty kwitniesz?<\/p>\n<p>Tutaj kultur\u0119 wypchn\u0105\u0142 kopniakiem<br \/>\nza drzwi, a potem w sekretariacie<br \/>\nwyda\u0142 stanowczo zlecenie takie:<br \/>\ntej pani tu ju\u017c wpuszcza\u0107 nie macie!<\/p>\n<p>Cho\u0107by petycje s\u0142ali petenci,<br \/>\ncho\u0107by si\u0119 pismak oburza\u0142 kt\u00f3ry,<br \/>\nja nie ust\u0105pi\u0119, bo wierz\u0119 \u015bwi\u0119cie:<br \/>\nd\u0142u\u017cej ministra ni\u017ali kultury.<\/p>\n","protected":false},"excerpt":{"rendered":"<p>Raz do ministra wpad\u0142a kultura, z w\u0142osem rozwianym, na licu blada: panie ministrze, nade mn\u0105 chmura, z\u0142y biurokrata cios chce mi zada\u0107. Nic go nie wzrusza, \u017cem ja mimoza, \u017ce byle przeci\u0105g mo\u017ce mnie z\u0142ama\u0107, \u017ce nacisk z g\u00f3ry to dla mnie zgroza&#8230; Takie podej\u015bcie to przecie\u017c dramat! Paragrafami ci\u0105gle mi grozi, na ka\u017cdym kroku utrudnia \u017cycie&#8230; No, ja ju\u017c nie wiem &#8211; r\u0105czki do Bozi, czy raczej stryczek i hak w suficie? Ty masz by\u0107 pono\u0107 mym adwokatem, czci mojej broni\u0107 masz do ostatka, wspiera\u0107, os\u0142ania\u0107, karmi\u0107 &#8211; a zatem nie daj mi upa\u015b\u0107 i pot\u0142uc zadka. Powsta\u0142 minister [&hellip;]<\/p>\n","protected":false},"author":274,"featured_media":0,"parent":2143,"menu_order":0,"comment_status":"open","ping_status":"open","template":"wiersze_polit.php","meta":{"footnotes":""},"class_list":["post-2335","page","type-page","status-publish","hentry"],"_links":{"self":[{"href":"https:\/\/blog-bobika.eu\/index.php?rest_route=\/wp\/v2\/pages\/2335","targetHints":{"allow":["GET"]}}],"collection":[{"href":"https:\/\/blog-bobika.eu\/index.php?rest_route=\/wp\/v2\/pages"}],"about":[{"href":"https:\/\/blog-bobika.eu\/index.php?rest_route=\/wp\/v2\/types\/page"}],"author":[{"embeddable":true,"href":"https:\/\/blog-bobika.eu\/index.php?rest_route=\/wp\/v2\/users\/274"}],"replies":[{"embeddable":true,"href":"https:\/\/blog-bobika.eu\/index.php?rest_route=%2Fwp%2Fv2%2Fcomments&post=2335"}],"version-history":[{"count":1,"href":"https:\/\/blog-bobika.eu\/index.php?rest_route=\/wp\/v2\/pages\/2335\/revisions"}],"predecessor-version":[{"id":2336,"href":"https:\/\/blog-bobika.eu\/index.php?rest_route=\/wp\/v2\/pages\/2335\/revisions\/2336"}],"up":[{"embeddable":true,"href":"https:\/\/blog-bobika.eu\/index.php?rest_route=\/wp\/v2\/pages\/2143"}],"wp:attachment":[{"href":"https:\/\/blog-bobika.eu\/index.php?rest_route=%2Fwp%2Fv2%2Fmedia&parent=2335"}],"curies":[{"name":"wp","href":"https:\/\/api.w.org\/{rel}","templated":true}]}}