{"id":2333,"date":"2015-08-24T13:12:11","date_gmt":"2015-08-24T11:12:11","guid":{"rendered":"http:\/\/blog-bobika.eu\/?page_id=2333"},"modified":"2015-08-24T13:12:11","modified_gmt":"2015-08-24T11:12:11","slug":"miedzy-wierszami","status":"publish","type":"page","link":"https:\/\/blog-bobika.eu\/?page_id=2333","title":{"rendered":"Mi\u0119dzy wierszami"},"content":{"rendered":"<p>W cywilizacji bia\u0142ego cz\u0142owieka<br \/>\npleni si\u0119 t\u0119skny o zachodzie zarzut<br \/>\ncodziennie prawie co\u015b trzeba odszczeka\u0107,<br \/>\nlub m\u0119\u017cnie spieprza\u0107 jak dziad do obrazu.<\/p>\n<p>Wi\u0119c niech z\u0105b za z\u0105b si\u0119 gwa\u0142tem odciska,<br \/>\nbo to wybili, panie, za komuny<br \/>\na teraz rz\u0105dz\u0105 krysk\u0105 na Matyska<br \/>\nte bezbo\u017cniki, pederasty, \u0107puny.<\/p>\n<p>Z dymem po\u017car\u00f3w ten pan ju\u017c nie b\u0119dzie<br \/>\nza wolno\u015b\u0107 nasz\u0105 w gard\u0142a wasze bredzi\u0142,<br \/>\nszabl\u0105 ksi\u0105dz Robak p\u00f3jdzie po kol\u0119dzie<br \/>\ni grosz do Grossa wypomn\u0105 s\u0105siedzi.<\/p>\n<p>Zwyci\u0119ski powr\u00f3t zad\u017cumionych taty<br \/>\nzatrzyma\u0142 rozw\u00f3j rozmarynu w locie,<br \/>\nale nadejdzie kiedy\u015b dzie\u0144 wyp\u0142aty,<br \/>\ngdy patryjotys zapewni sto pociech.<\/p>\n<p>Dzi\u015b Polak ma\u0142y &#8211; z soli, z roli, z w\u00f3dki &#8211;<br \/>\nwci\u0105\u017c g\u0142adko \u0142yka te schabowe z kryla,<br \/>\nlecz m\u0105drej g\u0142owie do\u015b\u0107 s\u0142\u00f3w na wyprz\u00f3dki,<br \/>\nbo tu i \u00f3wdzie ju\u017c dno si\u0119 wychyla.<\/p>\n","protected":false},"excerpt":{"rendered":"<p>W cywilizacji bia\u0142ego cz\u0142owieka pleni si\u0119 t\u0119skny o zachodzie zarzut codziennie prawie co\u015b trzeba odszczeka\u0107, lub m\u0119\u017cnie spieprza\u0107 jak dziad do obrazu. Wi\u0119c niech z\u0105b za z\u0105b si\u0119 gwa\u0142tem odciska, bo to wybili, panie, za komuny a teraz rz\u0105dz\u0105 krysk\u0105 na Matyska te bezbo\u017cniki, pederasty, \u0107puny. Z dymem po\u017car\u00f3w ten pan ju\u017c nie b\u0119dzie za wolno\u015b\u0107 nasz\u0105 w gard\u0142a wasze bredzi\u0142, szabl\u0105 ksi\u0105dz Robak p\u00f3jdzie po kol\u0119dzie i grosz do Grossa wypomn\u0105 s\u0105siedzi. Zwyci\u0119ski powr\u00f3t zad\u017cumionych taty zatrzyma\u0142 rozw\u00f3j rozmarynu w locie, ale nadejdzie kiedy\u015b dzie\u0144 wyp\u0142aty, gdy patryjotys zapewni sto pociech. Dzi\u015b Polak ma\u0142y &#8211; z soli, z roli, [&hellip;]<\/p>\n","protected":false},"author":274,"featured_media":0,"parent":2143,"menu_order":0,"comment_status":"open","ping_status":"open","template":"wiersze_polit.php","meta":{"footnotes":""},"class_list":["post-2333","page","type-page","status-publish","hentry"],"_links":{"self":[{"href":"https:\/\/blog-bobika.eu\/index.php?rest_route=\/wp\/v2\/pages\/2333","targetHints":{"allow":["GET"]}}],"collection":[{"href":"https:\/\/blog-bobika.eu\/index.php?rest_route=\/wp\/v2\/pages"}],"about":[{"href":"https:\/\/blog-bobika.eu\/index.php?rest_route=\/wp\/v2\/types\/page"}],"author":[{"embeddable":true,"href":"https:\/\/blog-bobika.eu\/index.php?rest_route=\/wp\/v2\/users\/274"}],"replies":[{"embeddable":true,"href":"https:\/\/blog-bobika.eu\/index.php?rest_route=%2Fwp%2Fv2%2Fcomments&post=2333"}],"version-history":[{"count":1,"href":"https:\/\/blog-bobika.eu\/index.php?rest_route=\/wp\/v2\/pages\/2333\/revisions"}],"predecessor-version":[{"id":2334,"href":"https:\/\/blog-bobika.eu\/index.php?rest_route=\/wp\/v2\/pages\/2333\/revisions\/2334"}],"up":[{"embeddable":true,"href":"https:\/\/blog-bobika.eu\/index.php?rest_route=\/wp\/v2\/pages\/2143"}],"wp:attachment":[{"href":"https:\/\/blog-bobika.eu\/index.php?rest_route=%2Fwp%2Fv2%2Fmedia&parent=2333"}],"curies":[{"name":"wp","href":"https:\/\/api.w.org\/{rel}","templated":true}]}}