{"id":2323,"date":"2015-08-24T12:03:16","date_gmt":"2015-08-24T10:03:16","guid":{"rendered":"http:\/\/blog-bobika.eu\/?page_id=2323"},"modified":"2015-08-24T12:03:16","modified_gmt":"2015-08-24T10:03:16","slug":"mason-i-libertyn","status":"publish","type":"page","link":"https:\/\/blog-bobika.eu\/?page_id=2323","title":{"rendered":"Mason i libertyn"},"content":{"rendered":"<p>Masonem jestem i libertynem,<br \/>\nwi\u0119c robi\u0119 to, co przystoi mi:<br \/>\ntutaj niewinn\u0105 skrzywdz\u0119 dziecin\u0119,<br \/>\ntam u staruszki wywo\u0142am \u0142zy.<\/p>\n<p>Ojczy\u017anie biednej w nos przyfanzol\u0119,<br \/>\nHonor zniewa\u017c\u0119, a co mi tam,<br \/>\nflag\u0119 bezczelnie wetkn\u0119 w psi stolec<br \/>\ni Rymkiewicza uznam za ch\u0142am.<\/p>\n<p>Ale najbardziej jestem krwo\u017cerczy<br \/>\nwobec biskup\u00f3w i partii PiS<br \/>\njak si\u0119 ju\u017c wgryz\u0119 w mi\u0105\u017csz ich podnerczy,<br \/>\nto do upadu b\u0119d\u0119 tak gryz\u0142.<\/p>\n<p>Te bezprzyk\u0142adne moje ataki<br \/>\nprawak niejeden odbiera \u017ale,<br \/>\nale ja takie uwielbiam draki,<br \/>\nwi\u0119c mog\u0119 sobie u\u017cy\u0107, no nie?<\/p>\n<p>A kiedy s\u0142uszny Polak za s\u0142\u00f3wko<br \/>\nzechce mnie z\u0142apa\u0107, swobodne zbyt,<br \/>\nto jak zamachn\u0119 si\u0119 cyklist\u00f3wk\u0105&#8230;<br \/>\nI zaraz b\u0119dzie wida\u0107, \u017cem \u017byd.<\/p>\n","protected":false},"excerpt":{"rendered":"<p>Masonem jestem i libertynem, wi\u0119c robi\u0119 to, co przystoi mi: tutaj niewinn\u0105 skrzywdz\u0119 dziecin\u0119, tam u staruszki wywo\u0142am \u0142zy. Ojczy\u017anie biednej w nos przyfanzol\u0119, Honor zniewa\u017c\u0119, a co mi tam, flag\u0119 bezczelnie wetkn\u0119 w psi stolec i Rymkiewicza uznam za ch\u0142am. Ale najbardziej jestem krwo\u017cerczy wobec biskup\u00f3w i partii PiS jak si\u0119 ju\u017c wgryz\u0119 w mi\u0105\u017csz ich podnerczy, to do upadu b\u0119d\u0119 tak gryz\u0142. Te bezprzyk\u0142adne moje ataki prawak niejeden odbiera \u017ale, ale ja takie uwielbiam draki, wi\u0119c mog\u0119 sobie u\u017cy\u0107, no nie? A kiedy s\u0142uszny Polak za s\u0142\u00f3wko zechce mnie z\u0142apa\u0107, swobodne zbyt, to jak zamachn\u0119 si\u0119 cyklist\u00f3wk\u0105&#8230; I [&hellip;]<\/p>\n","protected":false},"author":274,"featured_media":0,"parent":2143,"menu_order":0,"comment_status":"open","ping_status":"open","template":"wiersze_polit.php","meta":{"footnotes":""},"class_list":["post-2323","page","type-page","status-publish","hentry"],"_links":{"self":[{"href":"https:\/\/blog-bobika.eu\/index.php?rest_route=\/wp\/v2\/pages\/2323","targetHints":{"allow":["GET"]}}],"collection":[{"href":"https:\/\/blog-bobika.eu\/index.php?rest_route=\/wp\/v2\/pages"}],"about":[{"href":"https:\/\/blog-bobika.eu\/index.php?rest_route=\/wp\/v2\/types\/page"}],"author":[{"embeddable":true,"href":"https:\/\/blog-bobika.eu\/index.php?rest_route=\/wp\/v2\/users\/274"}],"replies":[{"embeddable":true,"href":"https:\/\/blog-bobika.eu\/index.php?rest_route=%2Fwp%2Fv2%2Fcomments&post=2323"}],"version-history":[{"count":1,"href":"https:\/\/blog-bobika.eu\/index.php?rest_route=\/wp\/v2\/pages\/2323\/revisions"}],"predecessor-version":[{"id":2324,"href":"https:\/\/blog-bobika.eu\/index.php?rest_route=\/wp\/v2\/pages\/2323\/revisions\/2324"}],"up":[{"embeddable":true,"href":"https:\/\/blog-bobika.eu\/index.php?rest_route=\/wp\/v2\/pages\/2143"}],"wp:attachment":[{"href":"https:\/\/blog-bobika.eu\/index.php?rest_route=%2Fwp%2Fv2%2Fmedia&parent=2323"}],"curies":[{"name":"wp","href":"https:\/\/api.w.org\/{rel}","templated":true}]}}