{"id":2308,"date":"2015-08-24T11:05:19","date_gmt":"2015-08-24T09:05:19","guid":{"rendered":"http:\/\/blog-bobika.eu\/?page_id=2308"},"modified":"2015-08-24T11:05:19","modified_gmt":"2015-08-24T09:05:19","slug":"lokomotywa-lichenska","status":"publish","type":"page","link":"https:\/\/blog-bobika.eu\/?page_id=2308","title":{"rendered":"Lokomotywa liche\u0144ska"},"content":{"rendered":"<p>Stoi w Licheniu lokomotywa,<br \/>\nje\u015bli dzie\u0144 p\u0142odny, to pou\u017cywa,<br \/>\nsi\u0142 jej nie zbywa.<br \/>\nStoi i czeka i drga do taktu,<br \/>\ndo ma\u0142\u017ce\u0144skiego spiesz\u0105c si\u0119 aktu.<br \/>\nBuch &#8211; jak stoj\u0105co!<br \/>\nUch &#8211; jak stoj\u0105co!<br \/>\nPuff &#8211; jak stoj\u0105co!<br \/>\nUff &#8211; jak stoj\u0105co!<br \/>\nJu\u017c ledwo sapie, ju\u017c ledwo zipie,<br \/>\nale ma\u0142\u017conka wci\u0105\u017c w\u0119giel sypie.<\/p>\n<p>Obok doczepion jest kalendarzyk<br \/>\n(ci\u0119\u017cki, bo wiele w doktrynie wa\u017cy)<br \/>\ni pe\u0142no nauk, \u015bwiat\u0142ych i s\u0142usznych,<br \/>\nco w ma\u0142\u017cowinach zostan\u0105 usznych<br \/>\ni w sercach ludu, kt\u00f3ry tym s\u0142ynie,<br \/>\n\u017ce w erotyki trudnej dziedzinie<br \/>\nnie s\u0142ucha \u017cadnych zbawienia wrog\u00f3w,<br \/>\nmedyk\u00f3w albo seksuolog\u00f3w,<br \/>\ndiab\u0142a z organ\u00f3w swoich wyp\u0119dza<br \/>\ni do\u015bwiadczenie powa\u017ca ksi\u0119dza.<\/p>\n<p>I pe\u0142no w dali grzech\u00f3w znajomych &#8211;<br \/>\ntutaj pigu\u0142ka, a tu kondomy,<br \/>\nplemnikob\u00f3jcza ma\u015b\u0107 i spirala,<br \/>\nkt\u00f3ra morale strasznie rozwala,<br \/>\ntu kamasutra, o, jaka brzydka!<br \/>\nnawet nie spojrzy na ni\u0105 kobitka,<br \/>\n\u00f3wdzie wygl\u0105da spro\u015bnie z k\u0105cika<br \/>\nmy\u015bl, \u017ce bezdzietnie mo\u017cna si\u0119 bzyka\u0107,<br \/>\na wszystkich grzech\u00f3w jest ze czterdzie\u015bci &#8211;<br \/>\nto si\u0119 po prostu w pale nie mie\u015bci!<\/p>\n<p>Lecz cho\u0107by przysz\u0142o tysi\u0105c przekl\u0119tych<br \/>\ni ka\u017cdy nowe mia\u0142 argumenty,<br \/>\ni ka\u017cdy co\u015b tam \u015bwiecko pitoli\u0142,<br \/>\nto nie ulegnie temu katolik!    <\/p>\n<p>Nagle &#8211; gwizd!<br \/>\nNagle &#8211; \u015bwist!<br \/>\nPara &#8211; buch!<br \/>\nW \u0142\u00f3\u017cku &#8211; ruch!<\/p>\n<p>Najpierw<br \/>\npowoli<br \/>\njak \u017c\u00f3\u0142w<br \/>\noci\u0119\u017cale<br \/>\nRuszy\u0142a<br \/>\nmaszyna<br \/>\ndo dzie\u0142a<br \/>\nospale.<br \/>\nSzarpn\u0119\u0142a wagony, cho\u0107 co\u015b j\u0105 blokuje<br \/>\n(to pewnie ma\u0142\u017conka my\u015blami hamuje),<br \/>\nju\u017c biegu przyspiesza, frykcyjnie si\u0119 miota,<br \/>\nwszak wie &#8211; prokreacja to dobra robota.<\/p>\n<p>A dok\u0105d? A dok\u0105d? A dok\u0105d? Na wprost!<br \/>\nCho\u0107 w szale p\u0142odno\u015bci mia\u0142 odpa\u015b\u0107 by chwost,<br \/>\nprzez g\u00f3ry, przez dziury, przez tunel, przez las,<br \/>\njajow\u0105 kom\u00f3rk\u0119 by dopa\u015b\u0107 na czas,<br \/>\nDo taktu turkoce i puka, bo sztuka to:<br \/>\ntak to to zap\u0142odni\u0107, tak to to, tak to to,<br \/>\nby nie by\u0142 to zdro\u017cny onanizm ma\u0142\u017ce\u0144ski,<br \/>\na wy\u015bcig plemnik\u00f3w, skuteczny, zwyci\u0119ski.<br \/>\nI g\u0142adko, bez skargi ju\u017c toczy si\u0119 w dal,<br \/>\nbo w celu nabo\u017cnym si\u0119 zm\u0119czy\u0107 nie \u017cal.<\/p>\n<p>A sk\u0105d\u017ce to, jak\u017ce to, po co ten sza\u0142?<br \/>\nCzy kto\u015b tak po prostu zabawi\u0107 si\u0119 chcia\u0142?<br \/>\nNie, \u017c\u0105dza potomstwa sprawi\u0142a ten ruch,<br \/>\nco ci\u0119\u017ckim wysi\u0142kiem dla os\u00f3b jest dw\u00f3ch.<br \/>\nI gnaj\u0105, i pchaj\u0105 i tak to si\u0119 toczy,<br \/>\nbo Liche\u0144 nauki swe do g\u0142\u00f3w im t\u0142oczy.<br \/>\nI nie \u015bmiej przypadkiem zapyta\u0107, niecnoto:<br \/>\npo co to, po co to, po co to, po co to&#8230;? <\/p>\n","protected":false},"excerpt":{"rendered":"<p>Stoi w Licheniu lokomotywa, je\u015bli dzie\u0144 p\u0142odny, to pou\u017cywa, si\u0142 jej nie zbywa. Stoi i czeka i drga do taktu, do ma\u0142\u017ce\u0144skiego spiesz\u0105c si\u0119 aktu. Buch &#8211; jak stoj\u0105co! Uch &#8211; jak stoj\u0105co! Puff &#8211; jak stoj\u0105co! Uff &#8211; jak stoj\u0105co! Ju\u017c ledwo sapie, ju\u017c ledwo zipie, ale ma\u0142\u017conka wci\u0105\u017c w\u0119giel sypie. Obok doczepion jest kalendarzyk (ci\u0119\u017cki, bo wiele w doktrynie wa\u017cy) i pe\u0142no nauk, \u015bwiat\u0142ych i s\u0142usznych, co w ma\u0142\u017cowinach zostan\u0105 usznych i w sercach ludu, kt\u00f3ry tym s\u0142ynie, \u017ce w erotyki trudnej dziedzinie nie s\u0142ucha \u017cadnych zbawienia wrog\u00f3w, medyk\u00f3w albo seksuolog\u00f3w, diab\u0142a z organ\u00f3w swoich wyp\u0119dza i do\u015bwiadczenie [&hellip;]<\/p>\n","protected":false},"author":274,"featured_media":0,"parent":2143,"menu_order":0,"comment_status":"open","ping_status":"open","template":"wiersze_polit.php","meta":{"footnotes":""},"class_list":["post-2308","page","type-page","status-publish","hentry"],"_links":{"self":[{"href":"https:\/\/blog-bobika.eu\/index.php?rest_route=\/wp\/v2\/pages\/2308","targetHints":{"allow":["GET"]}}],"collection":[{"href":"https:\/\/blog-bobika.eu\/index.php?rest_route=\/wp\/v2\/pages"}],"about":[{"href":"https:\/\/blog-bobika.eu\/index.php?rest_route=\/wp\/v2\/types\/page"}],"author":[{"embeddable":true,"href":"https:\/\/blog-bobika.eu\/index.php?rest_route=\/wp\/v2\/users\/274"}],"replies":[{"embeddable":true,"href":"https:\/\/blog-bobika.eu\/index.php?rest_route=%2Fwp%2Fv2%2Fcomments&post=2308"}],"version-history":[{"count":1,"href":"https:\/\/blog-bobika.eu\/index.php?rest_route=\/wp\/v2\/pages\/2308\/revisions"}],"predecessor-version":[{"id":2309,"href":"https:\/\/blog-bobika.eu\/index.php?rest_route=\/wp\/v2\/pages\/2308\/revisions\/2309"}],"up":[{"embeddable":true,"href":"https:\/\/blog-bobika.eu\/index.php?rest_route=\/wp\/v2\/pages\/2143"}],"wp:attachment":[{"href":"https:\/\/blog-bobika.eu\/index.php?rest_route=%2Fwp%2Fv2%2Fmedia&parent=2308"}],"curies":[{"name":"wp","href":"https:\/\/api.w.org\/{rel}","templated":true}]}}